{"id":54060,"date":"2020-06-14T21:17:11","date_gmt":"2020-06-14T21:17:11","guid":{"rendered":"https:\/\/toystoys.md\/?post_type=product&#038;p=54060"},"modified":"2020-06-14T21:17:49","modified_gmt":"2020-06-14T21:17:49","slug":"windtoy-glitter-bloom-gunther","status":"publish","type":"product","link":"https:\/\/toystoys.md\/ru\/shop\/windtoy-glitter-bloom-gunther\/","title":{"rendered":"Windtoy &#8222;GLITTER BLOOM &#8222;G\u00fcnther"},"content":{"rendered":"<p>Juc\u0103rie de v\u00e2nt decorativ\u0103. Ideal pentru gr\u0103din\u0103, balcon sau teras\u0103. Materiale de \u00eenalt\u0103 calitate, folii rezistente la intemperii \u0219i rezistente la lumin\u0103.<\/p>\n<p>Dimensiune: 30 x 55 cm<\/p>","protected":false},"excerpt":{"rendered":"<p>Juc\u0103rie de v\u00e2nt decorativ\u0103. Ideal pentru gr\u0103din\u0103, balcon sau teras\u0103. Materiale de \u00eenalt\u0103 calitate, folii rezistente la intemperii \u0219i rezistente<\/p>","protected":false},"featured_media":54063,"comment_status":"closed","ping_status":"closed","template":"","meta":{"_monsterinsights_skip_tracking":false,"_monsterinsights_sitenote_active":false,"_monsterinsights_sitenote_note":"","_monsterinsights_sitenote_category":0},"product_brand":[],"product_cat":[55,33],"product_tag":[],"class_list":{"0":"post-54060","1":"product","2":"type-product","3":"status-publish","4":"has-post-thumbnail","6":"product_cat-toate-produsele","7":"product_cat-biciclete-si-jocuri-in-aer-liber","9":"first","10":"instock","11":"shipping-taxable","12":"purchasable","13":"product-type-simple"},"_links":{"self":[{"href":"https:\/\/toystoys.md\/ru\/wp-json\/wp\/v2\/product\/54060","targetHints":{"allow":["GET"]}}],"collection":[{"href":"https:\/\/toystoys.md\/ru\/wp-json\/wp\/v2\/product"}],"about":[{"href":"https:\/\/toystoys.md\/ru\/wp-json\/wp\/v2\/types\/product"}],"replies":[{"embeddable":true,"href":"https:\/\/toystoys.md\/ru\/wp-json\/wp\/v2\/comments?post=54060"}],"wp:featuredmedia":[{"embeddable":true,"href":"https:\/\/toystoys.md\/ru\/wp-json\/wp\/v2\/media\/54063"}],"wp:attachment":[{"href":"https:\/\/toystoys.md\/ru\/wp-json\/wp\/v2\/media?parent=54060"}],"wp:term":[{"taxonomy":"product_brand","embeddable":true,"href":"https:\/\/toystoys.md\/ru\/wp-json\/wp\/v2\/product_brand?post=54060"},{"taxonomy":"product_cat","embeddable":true,"href":"https:\/\/toystoys.md\/ru\/wp-json\/wp\/v2\/product_cat?post=54060"},{"taxonomy":"product_tag","embeddable":true,"href":"https:\/\/toystoys.md\/ru\/wp-json\/wp\/v2\/product_tag?post=54060"}],"curies":[{"name":"wp","href":"https:\/\/api.w.org\/{rel}","templated":true}]}}