{"id":54036,"date":"2020-06-14T20:48:47","date_gmt":"2020-06-14T20:48:47","guid":{"rendered":"https:\/\/toystoys.md\/?post_type=product&#038;p=54036"},"modified":"2022-04-29T04:44:13","modified_gmt":"2022-04-29T04:44:13","slug":"zmeu-top-loop-gunther","status":"publish","type":"product","link":"https:\/\/toystoys.md\/ru\/shop\/zmeu-top-loop-gunther\/","title":{"rendered":"Zmeu &#8222;Top loop&#8221; G\u00fcnther"},"content":{"rendered":"<p><strong>V\u00e2rst\u0103: 8+<\/strong><br \/>\n<strong>Dimensiuni: 130 x 69 cm<\/strong><br \/>\n<strong>V\u00e2nt: 25 &#8211; 50 km\/h<\/strong><\/p>","protected":false},"excerpt":{"rendered":"<p>V\u00e2rst\u0103: 8+ Dimensiuni: 130 x 69 cm V\u00e2nt: 25 &#8211; 50 km\/h<\/p>","protected":false},"featured_media":54037,"comment_status":"closed","ping_status":"closed","template":"","meta":{"_monsterinsights_skip_tracking":false,"_monsterinsights_sitenote_active":false,"_monsterinsights_sitenote_note":"","_monsterinsights_sitenote_category":0},"product_brand":[],"product_cat":[55,33],"product_tag":[],"class_list":{"0":"post-54036","1":"product","2":"type-product","3":"status-publish","4":"has-post-thumbnail","6":"product_cat-toate-produsele","7":"product_cat-biciclete-si-jocuri-in-aer-liber","9":"first","10":"instock","11":"shipping-taxable","12":"purchasable","13":"product-type-simple"},"_links":{"self":[{"href":"https:\/\/toystoys.md\/ru\/wp-json\/wp\/v2\/product\/54036","targetHints":{"allow":["GET"]}}],"collection":[{"href":"https:\/\/toystoys.md\/ru\/wp-json\/wp\/v2\/product"}],"about":[{"href":"https:\/\/toystoys.md\/ru\/wp-json\/wp\/v2\/types\/product"}],"replies":[{"embeddable":true,"href":"https:\/\/toystoys.md\/ru\/wp-json\/wp\/v2\/comments?post=54036"}],"wp:featuredmedia":[{"embeddable":true,"href":"https:\/\/toystoys.md\/ru\/wp-json\/wp\/v2\/media\/54037"}],"wp:attachment":[{"href":"https:\/\/toystoys.md\/ru\/wp-json\/wp\/v2\/media?parent=54036"}],"wp:term":[{"taxonomy":"product_brand","embeddable":true,"href":"https:\/\/toystoys.md\/ru\/wp-json\/wp\/v2\/product_brand?post=54036"},{"taxonomy":"product_cat","embeddable":true,"href":"https:\/\/toystoys.md\/ru\/wp-json\/wp\/v2\/product_cat?post=54036"},{"taxonomy":"product_tag","embeddable":true,"href":"https:\/\/toystoys.md\/ru\/wp-json\/wp\/v2\/product_tag?post=54036"}],"curies":[{"name":"wp","href":"https:\/\/api.w.org\/{rel}","templated":true}]}}