{"id":39109,"date":"2020-04-24T19:07:11","date_gmt":"2020-04-24T19:07:11","guid":{"rendered":"https:\/\/toystoys.md\/?post_type=product&#038;p=39109"},"modified":"2023-07-04T14:23:43","modified_gmt":"2023-07-04T12:23:43","slug":"scaunel-king-pilsan","status":"publish","type":"product","link":"https:\/\/toystoys.md\/ru\/shop\/scaunel-king-pilsan\/","title":{"rendered":"Scaunel KING 150Kg (in assort.)"},"content":{"rendered":"<p>Scaunul Pilsan KING este proiectat pentru jocuri de rol, antrenamente, m\u00e2ncare \u0219i multe altele. Recomandat copiilor de la 3 la 10 ani. Scaunul are o form\u0103 uniform\u0103 turnat\u0103 \u0219i o construc\u021bie solid\u0103. Designul robust permite scaunelor s\u0103 sprijine greutatea unui adult.<\/p>\n<p>Scaunul Pilsan King Chair (03417) are un aspect elegant \u0219i un design ergonomic, confec\u021bionat din materiale ecologice, nu provoac\u0103 alergii, nu miroase \u0219i este complet sigur pentru s\u0103n\u0103tatea copilului.<\/p>","protected":false},"excerpt":{"rendered":"<p>03417<\/p>","protected":false},"featured_media":39120,"comment_status":"closed","ping_status":"closed","template":"..\/public\/views\/revslider-page-template.php","meta":{"_monsterinsights_skip_tracking":false,"_monsterinsights_sitenote_active":false,"_monsterinsights_sitenote_note":"","_monsterinsights_sitenote_category":0},"product_brand":[],"product_cat":[55,1141,52,1066,106,1049],"product_tag":[],"class_list":{"0":"post-39109","1":"product","2":"type-product","3":"status-publish","4":"has-post-thumbnail","6":"product_cat-toate-produsele","7":"product_cat-produse-pentru-bebelusi","8":"product_cat-mobila-pentru-copii-accesorii","9":"product_cat-mese-si-scaune","10":"product_cat-birotica-si-papetarie","11":"product_cat-mese-scaune-birouri","13":"first","14":"instock","15":"shipping-taxable","16":"purchasable","17":"product-type-simple"},"_links":{"self":[{"href":"https:\/\/toystoys.md\/ru\/wp-json\/wp\/v2\/product\/39109","targetHints":{"allow":["GET"]}}],"collection":[{"href":"https:\/\/toystoys.md\/ru\/wp-json\/wp\/v2\/product"}],"about":[{"href":"https:\/\/toystoys.md\/ru\/wp-json\/wp\/v2\/types\/product"}],"replies":[{"embeddable":true,"href":"https:\/\/toystoys.md\/ru\/wp-json\/wp\/v2\/comments?post=39109"}],"wp:featuredmedia":[{"embeddable":true,"href":"https:\/\/toystoys.md\/ru\/wp-json\/wp\/v2\/media\/39120"}],"wp:attachment":[{"href":"https:\/\/toystoys.md\/ru\/wp-json\/wp\/v2\/media?parent=39109"}],"wp:term":[{"taxonomy":"product_brand","embeddable":true,"href":"https:\/\/toystoys.md\/ru\/wp-json\/wp\/v2\/product_brand?post=39109"},{"taxonomy":"product_cat","embeddable":true,"href":"https:\/\/toystoys.md\/ru\/wp-json\/wp\/v2\/product_cat?post=39109"},{"taxonomy":"product_tag","embeddable":true,"href":"https:\/\/toystoys.md\/ru\/wp-json\/wp\/v2\/product_tag?post=39109"}],"curies":[{"name":"wp","href":"https:\/\/api.w.org\/{rel}","templated":true}]}}