{"id":38428,"date":"2020-04-24T14:43:09","date_gmt":"2020-04-24T14:43:09","guid":{"rendered":"https:\/\/toystoys.md\/?post_type=product&#038;p=38428"},"modified":"2022-02-15T12:52:54","modified_gmt":"2022-02-15T12:52:54","slug":"professional-basket-pilsan","status":"publish","type":"product","link":"https:\/\/toystoys.md\/ru\/shop\/professional-basket-pilsan\/","title":{"rendered":"Professional Basket Pilsan"},"content":{"rendered":"<p>Arcul de baschet profesional Pilsan 03389 poate fi folosit at\u00e2t \u00een interior c\u00e2t \u0219i \u00een exterior, se fixeaz\u0103 \u00een siguran\u021b\u0103 de perete la \u00een\u0103l\u021bimea dorit\u0103. Cercul de basket este proiectat pentru a fi utilizat de copiii cu v\u00e2rste \u00eentre 6-12 ani. Standardele de calitate \u0219i siguran\u021b\u0103 sunt \u00eentruchipate \u00een utilizarea materialelor ecologice din care este fabricat inelul, prin rezisten\u021ba \u0219i u\u0219urin\u021ba de utilizare. Luminoas\u0103, dar \u00een acela\u0219i timp concis\u0103, colorarea va fi apreciat\u0103 de tinerii sportivi \u0219i va permite inelul s\u0103 se potriveasc\u0103 armonios \u00een orice interior.<\/p>","protected":false},"excerpt":{"rendered":"<p>03389<\/p>","protected":false},"featured_media":38432,"comment_status":"closed","ping_status":"closed","template":"","meta":{"_monsterinsights_skip_tracking":false,"_monsterinsights_sitenote_active":false,"_monsterinsights_sitenote_note":"","_monsterinsights_sitenote_category":0},"product_brand":[],"product_cat":[55,33,1053,70],"product_tag":[],"class_list":{"0":"post-38428","1":"product","2":"type-product","3":"status-publish","4":"has-post-thumbnail","6":"product_cat-toate-produsele","7":"product_cat-biciclete-si-jocuri-in-aer-liber","8":"product_cat-totul-pentru-jocuri-active","9":"product_cat-sport","11":"first","12":"instock","13":"shipping-taxable","14":"purchasable","15":"product-type-simple"},"_links":{"self":[{"href":"https:\/\/toystoys.md\/ru\/wp-json\/wp\/v2\/product\/38428","targetHints":{"allow":["GET"]}}],"collection":[{"href":"https:\/\/toystoys.md\/ru\/wp-json\/wp\/v2\/product"}],"about":[{"href":"https:\/\/toystoys.md\/ru\/wp-json\/wp\/v2\/types\/product"}],"replies":[{"embeddable":true,"href":"https:\/\/toystoys.md\/ru\/wp-json\/wp\/v2\/comments?post=38428"}],"wp:featuredmedia":[{"embeddable":true,"href":"https:\/\/toystoys.md\/ru\/wp-json\/wp\/v2\/media\/38432"}],"wp:attachment":[{"href":"https:\/\/toystoys.md\/ru\/wp-json\/wp\/v2\/media?parent=38428"}],"wp:term":[{"taxonomy":"product_brand","embeddable":true,"href":"https:\/\/toystoys.md\/ru\/wp-json\/wp\/v2\/product_brand?post=38428"},{"taxonomy":"product_cat","embeddable":true,"href":"https:\/\/toystoys.md\/ru\/wp-json\/wp\/v2\/product_cat?post=38428"},{"taxonomy":"product_tag","embeddable":true,"href":"https:\/\/toystoys.md\/ru\/wp-json\/wp\/v2\/product_tag?post=38428"}],"curies":[{"name":"wp","href":"https:\/\/api.w.org\/{rel}","templated":true}]}}