{"id":38160,"date":"2020-04-24T13:12:02","date_gmt":"2020-04-24T13:12:02","guid":{"rendered":"https:\/\/toystoys.md\/?post_type=product&#038;p=38160"},"modified":"2021-04-30T20:23:20","modified_gmt":"2021-04-30T20:23:20","slug":"balansoar-moto-pilsan","status":"publish","type":"product","link":"https:\/\/toystoys.md\/ru\/shop\/balansoar-moto-pilsan\/","title":{"rendered":"Balansoar MOTO Pilsan"},"content":{"rendered":"<p>Hai s\u0103 ne d\u0103m \u00een balansoar!<br \/>\nUn balansoar care \u00eel va \u00eencanta pe cei mici! Este confortabil \u0219i \u00eei va face pe copila\u0219i s\u0103 se simt\u0103 \u00een siguran\u021b\u0103 \u00een timp ce se leagan\u0103.<\/p>\n<p>Ofer\u0103 copiilor momente de distrac\u021bie \u0219i amuzament. Confera, celor mici confort, siguran\u021b\u0103 \u0219i multe, multe zambete.<\/p>\n<p>\u0425\u0430\u0440\u0430\u043a\u0442\u0435\u0440\u0438\u0441\u0442\u0438\u043a\u0438:<\/p>\n<ul>\n<li>\u00a0\u041c\u0430\u0442\u0435\u0440\u0438\u0430\u043b: \u043f\u043b\u0430\u0441\u0442\u0438\u043a<\/li>\n<li>\u00a0Asigura confortul necesar<\/li>\n<li>\u00a0Greutate maxim\u0103 suportat\u0103: 35 kg<\/li>\n<li>Dimensiuni: W45.5cm L84cm H47cm<\/li>\n<li>Varsta recomandat\u0103: 1 an+<\/li>\n<\/ul>","protected":false},"excerpt":{"rendered":"<p>06178<\/p>","protected":false},"featured_media":38163,"comment_status":"closed","ping_status":"closed","template":"","meta":{"_monsterinsights_skip_tracking":false,"_monsterinsights_sitenote_active":false,"_monsterinsights_sitenote_note":"","_monsterinsights_sitenote_category":0},"product_brand":[],"product_cat":[55,1137,52,1072],"product_tag":[],"class_list":{"0":"post-38160","1":"product","2":"type-product","3":"status-publish","4":"has-post-thumbnail","6":"product_cat-toate-produsele","7":"product_cat-jucarii","8":"product_cat-mobila-pentru-copii-accesorii","9":"product_cat-leagane-si-balansoare","11":"first","12":"outofstock","13":"shipping-taxable","14":"purchasable","15":"product-type-simple"},"_links":{"self":[{"href":"https:\/\/toystoys.md\/ru\/wp-json\/wp\/v2\/product\/38160","targetHints":{"allow":["GET"]}}],"collection":[{"href":"https:\/\/toystoys.md\/ru\/wp-json\/wp\/v2\/product"}],"about":[{"href":"https:\/\/toystoys.md\/ru\/wp-json\/wp\/v2\/types\/product"}],"replies":[{"embeddable":true,"href":"https:\/\/toystoys.md\/ru\/wp-json\/wp\/v2\/comments?post=38160"}],"wp:featuredmedia":[{"embeddable":true,"href":"https:\/\/toystoys.md\/ru\/wp-json\/wp\/v2\/media\/38163"}],"wp:attachment":[{"href":"https:\/\/toystoys.md\/ru\/wp-json\/wp\/v2\/media?parent=38160"}],"wp:term":[{"taxonomy":"product_brand","embeddable":true,"href":"https:\/\/toystoys.md\/ru\/wp-json\/wp\/v2\/product_brand?post=38160"},{"taxonomy":"product_cat","embeddable":true,"href":"https:\/\/toystoys.md\/ru\/wp-json\/wp\/v2\/product_cat?post=38160"},{"taxonomy":"product_tag","embeddable":true,"href":"https:\/\/toystoys.md\/ru\/wp-json\/wp\/v2\/product_tag?post=38160"}],"curies":[{"name":"wp","href":"https:\/\/api.w.org\/{rel}","templated":true}]}}