{"id":207003,"date":"2024-10-14T13:18:38","date_gmt":"2024-10-14T11:18:38","guid":{"rendered":"https:\/\/toystoys.md\/?post_type=product&#038;p=207003"},"modified":"2025-11-19T23:34:51","modified_gmt":"2025-11-19T21:34:51","slug":"jucarie-muzicala-cu-roti-pug-fisher-price-mattel","status":"publish","type":"product","link":"https:\/\/toystoys.md\/ru\/shop\/jucarie-muzicala-cu-roti-pug-fisher-price-mattel\/","title":{"rendered":"\u041c\u0443\u0437\u044b\u043a\u0430\u043b\u044c\u043d\u0430\u044f \u0438\u0433\u0440\u0443\u0448\u043a\u0430-\u043a\u0430\u0442\u0430\u043b\u043a\u0430 Pug Fisher-Price Mattel"},"content":{"rendered":"<p>\u042d\u0442\u0430 \u0438\u0433\u0440\u0443\u0448\u043a\u0430 \u0434\u043b\u044f \u043c\u0430\u043b\u044b\u0448\u0435\u0439 \u043f\u0440\u0435\u0434\u0441\u0442\u0430\u0432\u043b\u044f\u0435\u0442 \u0441\u043e\u0431\u043e\u0439 \u043e\u0447\u0430\u0440\u043e\u0432\u0430\u0442\u0435\u043b\u044c\u043d\u043e\u0433\u043e \u043c\u043e\u043f\u0441\u0430, \u043a\u043e\u0442\u043e\u0440\u043e\u0433\u043e \u0434\u0435\u0442\u0438 \u043c\u043e\u0433\u0443\u0442 \u00ab\u0432\u044b\u0433\u0443\u043b\u0438\u0432\u0430\u0442\u044c\u00bb \u0441\u0430\u043c\u0438. \u041a\u043e\u0433\u0434\u0430 \u043c\u0430\u043b\u044b\u0448\u0438 \u0442\u044f\u043d\u0443\u0442 \u043f\u043e\u0432\u043e\u0434\u043e\u043a, \u043b\u0430\u043f\u044b \u0438 \u0443\u0448\u0438 \u043c\u043e\u043f\u0441\u0430 \u0434\u0432\u0438\u0433\u0430\u044e\u0442\u0441\u044f, \u0438 \u043e\u043d \u043c\u0438\u043b\u043e \u00ab\u043b\u0430\u0435\u0442\u00bb, \u043f\u043e\u0431\u0443\u0436\u0434\u0430\u044f \u0434\u0435\u0442\u0435\u0439 \u043f\u0440\u043e\u0434\u043e\u043b\u0436\u0430\u0442\u044c \u0438\u0434\u0442\u0438 \u0438 \u043f\u043e\u043c\u043e\u0433\u0430\u044f \u0438\u043c \u0440\u0430\u0437\u0432\u0438\u0432\u0430\u0442\u044c \u043a\u0440\u0443\u043f\u043d\u0443\u044e \u043c\u043e\u0442\u043e\u0440\u0438\u043a\u0443.<\/p>\n<p>- \u041e\u0447\u0430\u0440\u043e\u0432\u0430\u0442\u0435\u043b\u044c\u043d\u0430\u044f \u0438\u0433\u0440\u0443\u0448\u043a\u0430-\u043c\u043e\u043f\u0441 \u0441 \u043f\u043e\u0434\u0432\u0438\u0436\u043d\u044b\u043c\u0438 \u0438 \u0437\u0432\u0443\u043a\u043e\u0432\u044b\u043c\u0438 \u044d\u043b\u0435\u043c\u0435\u043d\u0442\u0430\u043c\u0438 \u0434\u043b\u044f \u0440\u043e\u043b\u0435\u0432\u044b\u0445 \u0438\u0433\u0440 \u0441 \u043c\u0430\u043b\u044b\u0448\u0430\u043c\u0438.<br \/>\n- \u0423\u0448\u0438 \u0448\u0435\u0432\u0435\u043b\u044f\u0442\u0441\u044f, \u043b\u0430\u043f\u043a\u0438 \u0434\u0432\u0438\u0433\u0430\u044e\u0442\u0441\u044f, \u0430 \u043c\u043e\u043f\u0441 \u0438\u0437\u0434\u0430\u0435\u0442 \u00ab\u043b\u0430\u0439\u00bb \u043f\u0440\u0438 \u043d\u0430\u0442\u044f\u0436\u0435\u043d\u0438\u0438 \u043f\u043e\u0432\u043e\u0434\u043a\u0430.<br \/>\n- \u0418\u0433\u0440\u0443\u0448\u043a\u0430, \u043a\u043e\u0442\u043e\u0440\u0443\u044e \u043c\u043e\u0436\u043d\u043e \u0442\u044f\u043d\u0443\u0442\u044c \u0437\u0430 \u0441\u043e\u0431\u043e\u0439, \u043f\u043e\u043e\u0449\u0440\u044f\u0435\u0442 \u0445\u043e\u0434\u044c\u0431\u0443, \u043f\u043e\u043c\u043e\u0433\u0430\u044f \u0440\u0430\u0437\u0432\u0438\u0432\u0430\u0442\u044c \u043d\u0430\u0432\u044b\u043a\u0438 \u043a\u0440\u0443\u043f\u043d\u043e\u0439 \u043c\u043e\u0442\u043e\u0440\u0438\u043a\u0438.<br \/>\n- \u041e\u0442\u043b\u0438\u0447\u043d\u044b\u0439 \u043f\u043e\u0434\u0430\u0440\u043e\u043a \u0434\u043b\u044f \u043c\u0430\u043b\u044b\u0448\u0435\u0439 \u0438 \u043b\u044e\u0431\u0438\u0442\u0435\u043b\u0435\u0439 \u0441\u043e\u0431\u0430\u043a \u043e\u0442 12 \u043c\u0435\u0441\u044f\u0446\u0435\u0432 \u0438 \u0441\u0442\u0430\u0440\u0448\u0435.<\/p>\n<p>\u0412\u043e\u0437\u0440\u0430\u0441\u0442: \u043e\u0442 12 \u043c\u0435\u0441\u044f\u0446\u0435\u0432.<br \/>\n\u0420\u0430\u0437\u043c\u0435\u0440 \u0443\u043f\u0430\u043a\u043e\u0432\u043a\u0438 11 \u0445 17 \u0445 17 \u0441\u043c.<br \/>\n\u0420\u0430\u0437\u043c\u0435\u0440 \u0438\u0433\u0440\u0443\u0448\u043a\u0438 17 \u0441\u043c.<br \/>\n\u041f\u0440\u043e\u0438\u0437\u0432\u043e\u0434\u0438\u0442\u0435\u043b\u044c: Mattel (\u0421\u0428\u0410).<\/p>","protected":false},"excerpt":{"rendered":"<p>Aceast\u0103 juc\u0103rie pentru copil mic este un pug adorabil pe care copiii \u00eel pot \u201eplimba\u201d singuri. C\u00e2nd cei mici trag<\/p>","protected":false},"featured_media":207005,"comment_status":"closed","ping_status":"closed","template":"..\/public\/views\/revslider-page-template.php","meta":{"_monsterinsights_skip_tracking":false,"_monsterinsights_sitenote_active":false,"_monsterinsights_sitenote_note":"","_monsterinsights_sitenote_category":0},"product_brand":[],"product_cat":[55,1137,36,1136,76],"product_tag":[1891,1885],"class_list":{"0":"post-207003","1":"product","2":"type-product","3":"status-publish","4":"has-post-thumbnail","6":"product_cat-toate-produsele","7":"product_cat-jucarii","8":"product_cat-jucarii-pentru-bebelusi","9":"product_cat-jucarii-de-dezvoltare","10":"product_cat-jucarii-interactiv","11":"product_tag-mattel-bf","12":"product_tag-mattel50","14":"first","15":"instock","16":"shipping-taxable","17":"purchasable","18":"product-type-simple"},"_links":{"self":[{"href":"https:\/\/toystoys.md\/ru\/wp-json\/wp\/v2\/product\/207003","targetHints":{"allow":["GET"]}}],"collection":[{"href":"https:\/\/toystoys.md\/ru\/wp-json\/wp\/v2\/product"}],"about":[{"href":"https:\/\/toystoys.md\/ru\/wp-json\/wp\/v2\/types\/product"}],"replies":[{"embeddable":true,"href":"https:\/\/toystoys.md\/ru\/wp-json\/wp\/v2\/comments?post=207003"}],"wp:featuredmedia":[{"embeddable":true,"href":"https:\/\/toystoys.md\/ru\/wp-json\/wp\/v2\/media\/207005"}],"wp:attachment":[{"href":"https:\/\/toystoys.md\/ru\/wp-json\/wp\/v2\/media?parent=207003"}],"wp:term":[{"taxonomy":"product_brand","embeddable":true,"href":"https:\/\/toystoys.md\/ru\/wp-json\/wp\/v2\/product_brand?post=207003"},{"taxonomy":"product_cat","embeddable":true,"href":"https:\/\/toystoys.md\/ru\/wp-json\/wp\/v2\/product_cat?post=207003"},{"taxonomy":"product_tag","embeddable":true,"href":"https:\/\/toystoys.md\/ru\/wp-json\/wp\/v2\/product_tag?post=207003"}],"curies":[{"name":"wp","href":"https:\/\/api.w.org\/{rel}","templated":true}]}}