{"id":206696,"date":"2024-10-11T00:12:05","date_gmt":"2024-10-10T22:12:05","guid":{"rendered":"https:\/\/toystoys.md\/?post_type=product&#038;p=206696"},"modified":"2024-10-11T00:12:10","modified_gmt":"2024-10-10T22:12:10","slug":"manusa-pentru-baie-bambus-sur-babyono","status":"publish","type":"product","link":"https:\/\/toystoys.md\/ru\/shop\/manusa-pentru-baie-bambus-sur-babyono\/","title":{"rendered":"Manusa pentru baie bambus sur Babyono"},"content":{"rendered":"<p>Manusa de spalat din bambus se dovedeste perfecta \u00eenca de la prima baie a bebelusului tau. Este realizata dintr-un bambus moale de \u00eenalt\u0103 calitate cu bumbac pufos ad\u0103ugat. Aceasta se poate folosi \u00een timpul imbairerii copilului dar si \u00een timpul \u00eengrijirii zilnice. Este o alegere foarte buna daca bebelusul are probleme cu pielea, deoarece tesatura de bambus are proprietati hipoalergenice.<\/p>\n<p>\u0425\u0430\u0440\u0430\u043a\u0442\u0435\u0440\u0438\u0441\u0442\u0438\u043a\u0438:<br \/>\n&#8211; Extrem de moale si delicata<br \/>\n&#8211; Proprietati hipoalergenice potrivite pentru pielea sensibila<br \/>\n&#8211; Rezistenta la mirosuri<br \/>\n&#8211; Uscare rapid\u0103<br \/>\n&#8211; Forma de manusa confortabila<br \/>\n&#8211; Agatatoarea manusii ofera posibilitatea de a o atarna, ceea ce face uscarea mai usoara<\/p>\n<p>Recomandari de spalare:\u00a0nu folositi balsam, spalati la 40\u00b0. \u00cenainte de a \u00eencepe sa utilizati produsul, va recomandam o spalare initiala.<\/p>","protected":false},"excerpt":{"rendered":"<p>Manusa de spalat din bambus se dovedeste perfecta \u00eenca de la prima baie a bebelusului tau. Este realizata dintr-un bambus<\/p>","protected":false},"featured_media":206697,"comment_status":"closed","ping_status":"closed","template":"..\/public\/views\/revslider-page-template.php","meta":{"_monsterinsights_skip_tracking":false,"_monsterinsights_sitenote_active":false,"_monsterinsights_sitenote_note":"","_monsterinsights_sitenote_category":0},"product_brand":[],"product_cat":[55,1141,50,1108],"product_tag":[],"class_list":{"0":"post-206696","1":"product","2":"type-product","3":"status-publish","4":"has-post-thumbnail","6":"product_cat-toate-produsele","7":"product_cat-produse-pentru-bebelusi","8":"product_cat-iginina","9":"product_cat-camera-de-baie-si-wc","11":"first","12":"instock","13":"shipping-taxable","14":"purchasable","15":"product-type-simple"},"_links":{"self":[{"href":"https:\/\/toystoys.md\/ru\/wp-json\/wp\/v2\/product\/206696","targetHints":{"allow":["GET"]}}],"collection":[{"href":"https:\/\/toystoys.md\/ru\/wp-json\/wp\/v2\/product"}],"about":[{"href":"https:\/\/toystoys.md\/ru\/wp-json\/wp\/v2\/types\/product"}],"replies":[{"embeddable":true,"href":"https:\/\/toystoys.md\/ru\/wp-json\/wp\/v2\/comments?post=206696"}],"wp:featuredmedia":[{"embeddable":true,"href":"https:\/\/toystoys.md\/ru\/wp-json\/wp\/v2\/media\/206697"}],"wp:attachment":[{"href":"https:\/\/toystoys.md\/ru\/wp-json\/wp\/v2\/media?parent=206696"}],"wp:term":[{"taxonomy":"product_brand","embeddable":true,"href":"https:\/\/toystoys.md\/ru\/wp-json\/wp\/v2\/product_brand?post=206696"},{"taxonomy":"product_cat","embeddable":true,"href":"https:\/\/toystoys.md\/ru\/wp-json\/wp\/v2\/product_cat?post=206696"},{"taxonomy":"product_tag","embeddable":true,"href":"https:\/\/toystoys.md\/ru\/wp-json\/wp\/v2\/product_tag?post=206696"}],"curies":[{"name":"wp","href":"https:\/\/api.w.org\/{rel}","templated":true}]}}