{"id":206674,"date":"2024-10-11T00:02:01","date_gmt":"2024-10-10T22:02:01","guid":{"rendered":"https:\/\/toystoys.md\/?post_type=product&#038;p=206674"},"modified":"2024-10-11T00:08:17","modified_gmt":"2024-10-10T22:08:17","slug":"prosop-din-bambus-cu-capota-100100-albastru-babyono-2","status":"publish","type":"product","link":"https:\/\/toystoys.md\/ru\/shop\/prosop-din-bambus-cu-capota-100100-albastru-babyono-2\/","title":{"rendered":"Prosop din bambus cu capota 100*100 albastru Babyono"},"content":{"rendered":"<p>Prosopul cu gluga din bambus se dovedeste de neinlocuit inca de la prima baie. Este realizat din bambus moale de \u00eenalt\u0103 calitate, cu o not\u0103 de bumbac pufos.<br \/>\nProsopul poate absorbi perfect umezeala si poate asigura cu succes copilul \u00eempotriva frigului.<br \/>\nEste o alegere buna daca copilul dumneavoastra are probleme cu pielea, deoarece tesatura de bambus are proprietati hipoalergenice.<br \/>\nDeoarece prosopul este mare, \u00eel pute\u021bi folosi mult timp. Pute\u021bi \u00eenfasura cu usurinta un bebelus sau un copil mai mare dup\u0103 baie.<\/p>\n<p>\u0425\u0430\u0440\u0430\u043a\u0442\u0435\u0440\u0438\u0441\u0442\u0438\u043a\u0438:<br \/>\n&#8211; proprietati termoregulatorii: asigura racirea in timpul verii si caldura in timpul iernii<br \/>\n&#8211; proprietati hipoalergenice: pentru copii cu probleme de piele<br \/>\n&#8211; proprietati antibacteriene: rezistent la mirosuri<br \/>\n&#8211; Produs ecologic<\/p>\n<p>Recomandari de spalare:\u00a0nu folositi balsam, spalati la 40\u00b0. \u00cenainte de a \u00eencepe sa utilizati produsul, va recomandam o spalare initiala.<\/p>","protected":false},"excerpt":{"rendered":"<p>Prosopul cu gluga din bambus se dovedeste de neinlocuit inca de la prima baie. Este realizat din bambus moale de<\/p>","protected":false},"featured_media":206675,"comment_status":"closed","ping_status":"closed","template":"..\/public\/views\/revslider-page-template.php","meta":{"_monsterinsights_skip_tracking":false,"_monsterinsights_sitenote_active":false,"_monsterinsights_sitenote_note":"","_monsterinsights_sitenote_category":0},"product_brand":[],"product_cat":[55,1141,50,1108],"product_tag":[],"class_list":{"0":"post-206674","1":"product","2":"type-product","3":"status-publish","4":"has-post-thumbnail","6":"product_cat-toate-produsele","7":"product_cat-produse-pentru-bebelusi","8":"product_cat-iginina","9":"product_cat-camera-de-baie-si-wc","11":"first","12":"instock","13":"shipping-taxable","14":"purchasable","15":"product-type-simple"},"_links":{"self":[{"href":"https:\/\/toystoys.md\/ru\/wp-json\/wp\/v2\/product\/206674","targetHints":{"allow":["GET"]}}],"collection":[{"href":"https:\/\/toystoys.md\/ru\/wp-json\/wp\/v2\/product"}],"about":[{"href":"https:\/\/toystoys.md\/ru\/wp-json\/wp\/v2\/types\/product"}],"replies":[{"embeddable":true,"href":"https:\/\/toystoys.md\/ru\/wp-json\/wp\/v2\/comments?post=206674"}],"wp:featuredmedia":[{"embeddable":true,"href":"https:\/\/toystoys.md\/ru\/wp-json\/wp\/v2\/media\/206675"}],"wp:attachment":[{"href":"https:\/\/toystoys.md\/ru\/wp-json\/wp\/v2\/media?parent=206674"}],"wp:term":[{"taxonomy":"product_brand","embeddable":true,"href":"https:\/\/toystoys.md\/ru\/wp-json\/wp\/v2\/product_brand?post=206674"},{"taxonomy":"product_cat","embeddable":true,"href":"https:\/\/toystoys.md\/ru\/wp-json\/wp\/v2\/product_cat?post=206674"},{"taxonomy":"product_tag","embeddable":true,"href":"https:\/\/toystoys.md\/ru\/wp-json\/wp\/v2\/product_tag?post=206674"}],"curies":[{"name":"wp","href":"https:\/\/api.w.org\/{rel}","templated":true}]}}