{"id":2065,"date":"2020-04-02T19:47:56","date_gmt":"2020-04-02T19:47:56","guid":{"rendered":"https:\/\/toystoys.md\/?post_type=product&#038;p=2065"},"modified":"2026-03-12T10:02:39","modified_gmt":"2026-03-12T08:02:39","slug":"lego-duplo-cutie-deluxe-in-forma-de-caramida","status":"publish","type":"product","link":"https:\/\/toystoys.md\/ru\/shop\/lego-duplo-cutie-deluxe-in-forma-de-caramida\/","title":{"rendered":"LEGO DUPLO Cutie Deluxe \u00een form\u0103 de c\u0103r\u0103mid\u0103 10914"},"content":{"rendered":"","protected":false},"excerpt":{"rendered":"<p>Construind \u0219i juc\u00e2ndu-se cu aceast\u0103 combina\u021bie de c\u0103r\u0103mizi \u0219i piese LEGO\u00ae DUPLO\u00ae, micul t\u0103u constructor \u00ee\u0219i va dezvolta g\u00e2ndirea creativ\u0103, abilit\u0103\u021bi motorii fine \u0219i con\u0219tinetizarea vizual-spa\u021bial\u0103.<\/p>","protected":false},"featured_media":2066,"comment_status":"closed","ping_status":"closed","template":"..\/public\/views\/revslider-page-template.php","meta":{"_monsterinsights_skip_tracking":false,"_monsterinsights_sitenote_active":false,"_monsterinsights_sitenote_note":"","_monsterinsights_sitenote_category":0},"product_brand":[],"product_cat":[55,288,264],"product_tag":[],"class_list":{"0":"post-2065","1":"product","2":"type-product","3":"status-publish","4":"has-post-thumbnail","6":"product_cat-toate-produsele","7":"product_cat-lego","8":"product_cat-lego-duplo","10":"first","11":"instock","12":"shipping-taxable","13":"purchasable","14":"product-type-simple"},"_links":{"self":[{"href":"https:\/\/toystoys.md\/ru\/wp-json\/wp\/v2\/product\/2065","targetHints":{"allow":["GET"]}}],"collection":[{"href":"https:\/\/toystoys.md\/ru\/wp-json\/wp\/v2\/product"}],"about":[{"href":"https:\/\/toystoys.md\/ru\/wp-json\/wp\/v2\/types\/product"}],"replies":[{"embeddable":true,"href":"https:\/\/toystoys.md\/ru\/wp-json\/wp\/v2\/comments?post=2065"}],"wp:featuredmedia":[{"embeddable":true,"href":"https:\/\/toystoys.md\/ru\/wp-json\/wp\/v2\/media\/2066"}],"wp:attachment":[{"href":"https:\/\/toystoys.md\/ru\/wp-json\/wp\/v2\/media?parent=2065"}],"wp:term":[{"taxonomy":"product_brand","embeddable":true,"href":"https:\/\/toystoys.md\/ru\/wp-json\/wp\/v2\/product_brand?post=2065"},{"taxonomy":"product_cat","embeddable":true,"href":"https:\/\/toystoys.md\/ru\/wp-json\/wp\/v2\/product_cat?post=2065"},{"taxonomy":"product_tag","embeddable":true,"href":"https:\/\/toystoys.md\/ru\/wp-json\/wp\/v2\/product_tag?post=2065"}],"curies":[{"name":"wp","href":"https:\/\/api.w.org\/{rel}","templated":true}]}}