{"id":206268,"date":"2024-10-08T23:29:52","date_gmt":"2024-10-08T21:29:52","guid":{"rendered":"https:\/\/toystoys.md\/?post_type=product&#038;p=206268"},"modified":"2024-10-08T23:29:58","modified_gmt":"2024-10-08T21:29:58","slug":"set-pentru-unghii-pentru-fetite-lets-be-mermaids-martinelia","status":"publish","type":"product","link":"https:\/\/toystoys.md\/ru\/shop\/set-pentru-unghii-pentru-fetite-lets-be-mermaids-martinelia\/","title":{"rendered":"Set pentru unghii pentru fetite LET&#8217;S BE MERMAIDS MARTINELIA"},"content":{"rendered":"<p>Setul de ingrijire unghii \u201eLet\u2019s Be Mermaids\u201d include autocolante, \u0219abloane \u0219i pietre pre\u021bioase pentru modele minunate. \u00cen plus, con\u021bine \u0219ase lacuri de unghii \u00een nuan\u021be neon, o borseta cosmetica practic\u0103, pil\u0103 de unghii \u0219i separator de degete.<br \/>\nExprim\u0103-\u021bi stilul de siren\u0103 cu acest kit complet Creeaz\u0103 un stil de siren\u0103 de neuitat!<\/p>\n<p>Testat dermatologic, sigur pentru pielea sensibil\u0103 a copiilor.<br \/>\nIndepartati machiajul\/oja folosind sapun si apa calduta.<\/p>\n<p>Avertismente: Nerecomandat copiilor cu varsta sub 3 ani. Se recomanda a se utiliza sub supravegherea unui adult. Poate contine parti mici ce pot fi inghitite. A se evita ingerarea produselor, sau contactul cu ochii. In acest caz, clatiti cu multa apa. Contine arome care pot cauza alergii. Daca apar semne de iritatii, intrerupeti folosirea. Depozitati 5-25 grade C.<\/p>","protected":false},"excerpt":{"rendered":"<p>Setul de ingrijire unghii \u201eLet\u2019s Be Mermaids\u201d include autocolante, \u0219abloane \u0219i pietre pre\u021bioase pentru modele minunate. \u00cen plus, con\u021bine \u0219ase<\/p>","protected":false},"featured_media":206269,"comment_status":"closed","ping_status":"closed","template":"..\/public\/views\/revslider-page-template.php","meta":{"_monsterinsights_skip_tracking":false,"_monsterinsights_sitenote_active":false,"_monsterinsights_sitenote_note":"","_monsterinsights_sitenote_category":0},"product_brand":[],"product_cat":[55,1137,38],"product_tag":[],"class_list":{"0":"post-206268","1":"product","2":"type-product","3":"status-publish","4":"has-post-thumbnail","6":"product_cat-toate-produsele","7":"product_cat-jucarii","8":"product_cat-cosmetica-decorativa","10":"first","11":"instock","12":"shipping-taxable","13":"purchasable","14":"product-type-simple"},"_links":{"self":[{"href":"https:\/\/toystoys.md\/ru\/wp-json\/wp\/v2\/product\/206268","targetHints":{"allow":["GET"]}}],"collection":[{"href":"https:\/\/toystoys.md\/ru\/wp-json\/wp\/v2\/product"}],"about":[{"href":"https:\/\/toystoys.md\/ru\/wp-json\/wp\/v2\/types\/product"}],"replies":[{"embeddable":true,"href":"https:\/\/toystoys.md\/ru\/wp-json\/wp\/v2\/comments?post=206268"}],"wp:featuredmedia":[{"embeddable":true,"href":"https:\/\/toystoys.md\/ru\/wp-json\/wp\/v2\/media\/206269"}],"wp:attachment":[{"href":"https:\/\/toystoys.md\/ru\/wp-json\/wp\/v2\/media?parent=206268"}],"wp:term":[{"taxonomy":"product_brand","embeddable":true,"href":"https:\/\/toystoys.md\/ru\/wp-json\/wp\/v2\/product_brand?post=206268"},{"taxonomy":"product_cat","embeddable":true,"href":"https:\/\/toystoys.md\/ru\/wp-json\/wp\/v2\/product_cat?post=206268"},{"taxonomy":"product_tag","embeddable":true,"href":"https:\/\/toystoys.md\/ru\/wp-json\/wp\/v2\/product_tag?post=206268"}],"curies":[{"name":"wp","href":"https:\/\/api.w.org\/{rel}","templated":true}]}}