{"id":206239,"date":"2024-10-08T23:09:59","date_gmt":"2024-10-08T21:09:59","guid":{"rendered":"https:\/\/toystoys.md\/?post_type=product&#038;p=206239"},"modified":"2024-10-08T23:10:04","modified_gmt":"2024-10-08T21:10:04","slug":"set-7-accesorii-unghii-let-s-be-mermaids-martinelia","status":"publish","type":"product","link":"https:\/\/toystoys.md\/ru\/shop\/set-7-accesorii-unghii-let-s-be-mermaids-martinelia\/","title":{"rendered":"Set 7 accesorii unghii Let s Be Mermaids Martinelia"},"content":{"rendered":"<p>Setul \u201eLet\u2019s Be Mermaids\u201d Nail Art este conceput pentru feti\u021bele care iubesc s\u0103 \u00ee\u0219i exprime creativitatea \u0219i s\u0103 se simt\u0103 ca ni\u0219te sirene. Acest set ofer\u0103 o gam\u0103 de culori \u0219i accesorii inspirate de frumuse\u021bea m\u0103rii, ideale pentru a crea modele unice de manichiur\u0103.<\/p>\n<p>\u0412 \u043d\u0430\u0431\u043e\u0440\u0435:<br \/>\n&#8211; Cinci lacuri de unghii \u00een culorile m\u0103rii -4ml\/ buc. Setul con\u021bine cinci lacuri de unghii \u00een nuan\u021be care evoc\u0103 atmosfera marin\u0103 \u2013 albastru deschis, verde smarald, turcoaz, \u0219i alte tonuri de ap\u0103 \u0219i valuri. Lacurile sunt pe baz\u0103 de ap\u0103, non-toxice \u0219i sigure pentru copii.<br \/>\n&#8211; Pil\u0103 de unghii in forma de scoica-1 buc. O pil\u0103 de unghii delicat\u0103, perfect\u0103 pentru a ajusta \u0219i modela unghiile \u00eenainte de aplicarea lacului.<br \/>\n&#8211; Carusel cu decora\u021biuni pentru unghii 1 buc. Caruselul con\u021bine mici accesorii decorative, cum ar fi pietricele str\u0103lucitoare, scoici, perle \u0219i alte elemente inspirate de ocean. Acestea pot fi aplicate pe unghii pentru a ad\u0103uga un aspect str\u0103lucitor \u0219i fantastic.<\/p>\n<p>Acest set este destinat copiilor \u0219i ofer\u0103 o experien\u021b\u0103 sigur\u0103 \u0219i creativ\u0103 de manichiur\u0103. Se recomand\u0103 supravegherea unui adult \u00een timpul aplic\u0103rii decorurilor \u0219i lacurilor de unghii. Lacurile sunt non-toxice \u0219i pe baz\u0103 de ap\u0103, f\u0103c\u00e2ndu-le u\u0219or de \u00eendep\u0103rtat \u0219i sigure pentru pielea delicat\u0103 a copiilor.<\/p>","protected":false},"excerpt":{"rendered":"<p>Setul \u201eLet\u2019s Be Mermaids\u201d Nail Art este conceput pentru feti\u021bele care iubesc s\u0103 \u00ee\u0219i exprime creativitatea \u0219i s\u0103 se simt\u0103<\/p>","protected":false},"featured_media":206240,"comment_status":"closed","ping_status":"closed","template":"..\/public\/views\/revslider-page-template.php","meta":{"_monsterinsights_skip_tracking":false,"_monsterinsights_sitenote_active":false,"_monsterinsights_sitenote_note":"","_monsterinsights_sitenote_category":0},"product_brand":[],"product_cat":[55,1137,38],"product_tag":[],"class_list":{"0":"post-206239","1":"product","2":"type-product","3":"status-publish","4":"has-post-thumbnail","6":"product_cat-toate-produsele","7":"product_cat-jucarii","8":"product_cat-cosmetica-decorativa","10":"first","11":"instock","12":"shipping-taxable","13":"purchasable","14":"product-type-simple"},"_links":{"self":[{"href":"https:\/\/toystoys.md\/ru\/wp-json\/wp\/v2\/product\/206239","targetHints":{"allow":["GET"]}}],"collection":[{"href":"https:\/\/toystoys.md\/ru\/wp-json\/wp\/v2\/product"}],"about":[{"href":"https:\/\/toystoys.md\/ru\/wp-json\/wp\/v2\/types\/product"}],"replies":[{"embeddable":true,"href":"https:\/\/toystoys.md\/ru\/wp-json\/wp\/v2\/comments?post=206239"}],"wp:featuredmedia":[{"embeddable":true,"href":"https:\/\/toystoys.md\/ru\/wp-json\/wp\/v2\/media\/206240"}],"wp:attachment":[{"href":"https:\/\/toystoys.md\/ru\/wp-json\/wp\/v2\/media?parent=206239"}],"wp:term":[{"taxonomy":"product_brand","embeddable":true,"href":"https:\/\/toystoys.md\/ru\/wp-json\/wp\/v2\/product_brand?post=206239"},{"taxonomy":"product_cat","embeddable":true,"href":"https:\/\/toystoys.md\/ru\/wp-json\/wp\/v2\/product_cat?post=206239"},{"taxonomy":"product_tag","embeddable":true,"href":"https:\/\/toystoys.md\/ru\/wp-json\/wp\/v2\/product_tag?post=206239"}],"curies":[{"name":"wp","href":"https:\/\/api.w.org\/{rel}","templated":true}]}}