{"id":203670,"date":"2024-09-03T10:04:40","date_gmt":"2024-09-03T08:04:40","guid":{"rendered":""},"modified":"2024-09-04T09:23:34","modified_gmt":"2024-09-04T07:23:34","slug":"prod_193052050113_sc98232","status":"publish","type":"product","link":"https:\/\/toystoys.md\/ru\/shop\/prod_193052050113_sc98232\/","title":{"rendered":"\u042f\u0439\u0446\u043e \u0441 \u0438\u0433\u0440\u0443\u0448\u043a\u043e\u0439 Pocket Puppycorn Rainbocorns ZURU"},"content":{"rendered":"<p>\u2013 \u0423 \u044d\u0442\u0438\u0445 \u043c\u0430\u043b\u044b\u0448\u0435\u0439 \u0443\u043f\u0440\u0443\u0433\u0438\u0435 \u043a\u0430\u0447\u0430\u044e\u0449\u0438\u0435\u0441\u044f \u0433\u043e\u043b\u043e\u0432\u043a\u0438.<br \/>\n- \u041e\u043d\u0438 \u043f\u043e\u043c\u0435\u0441\u0442\u044f\u0442\u0441\u044f \u0434\u0430\u0436\u0435 \u0432 \u0432\u0430\u0448 \u043f\u0435\u043d\u0430\u043b.<br \/>\n- \u0412\u0430\u043c \u043f\u0440\u0435\u0434\u0441\u0442\u043e\u0438\u0442 \u043d\u0430\u0439\u0442\u0438 \u0438 \u0441\u043e\u0431\u0440\u0430\u0442\u044c 12 \u043e\u0447\u0435\u043d\u044c \u043c\u0438\u043b\u044b\u0445 \u0449\u0435\u043d\u043a\u043e\u0432.<br \/>\n- \u042d\u0442\u0438 \u043e\u0447\u0435\u043d\u044c \u043c\u0438\u043b\u044b\u0435 \u0449\u0435\u043d\u043a\u0438 \u0434\u043e\u0441\u0442\u0430\u0442\u043e\u0447\u043d\u043e \u043c\u0430\u043b\u044b, \u0447\u0442\u043e\u0431\u044b \u0438\u0445 \u043c\u043e\u0436\u043d\u043e \u0431\u044b\u043b\u043e \u0432\u0437\u044f\u0442\u044c \u0441 \u0441\u043e\u0431\u043e\u0439 \u0432 \u0434\u043e\u0440\u043e\u0433\u0443.<br \/>\n- \u042d\u0442\u0438 \u0434\u0440\u0443\u0437\u044c\u044f \u0441 \u043b\u0430\u043f\u043a\u0430\u043c\u0438 \u2013 \u0438\u0434\u0435\u0430\u043b\u044c\u043d\u0430\u044f \u0438\u0434\u0435\u044f \u043f\u043e\u0434\u0430\u0440\u043a\u0430 \u0434\u043b\u044f \u0434\u0435\u0442\u0435\u0439.<\/p>\n<p>\u0412 \u043a\u043e\u043c\u043f\u043b\u0435\u043a\u0442 \u0432\u0445\u043e\u0434\u044f\u0442: 3 \u043a\u0430\u0440\u043c\u0430\u043d\u043d\u044b\u0445 Puppycorn, 1 \u0443\u043f\u0430\u043a\u043e\u0432\u043a\u0430 \u0441\u043b\u0430\u0439\u043c\u0430 Puppycorn, 1 \u043f\u0435\u043d\u0430, 1 \u0443\u043f\u0430\u043a\u043e\u0432\u043a\u0430 Poop, 1 \u0440\u0443\u043a\u043e\u0432\u043e\u0434\u0441\u0442\u0432\u043e \u0434\u043b\u044f \u043a\u043e\u043b\u043b\u0435\u043a\u0446\u0438\u043e\u043d\u0435\u0440\u043e\u0432, 4 \u043d\u0430\u043a\u043b\u0435\u0439\u043a\u0438, 1 \u0441\u0432\u0438\u0434\u0435\u0442\u0435\u043b\u044c\u0441\u0442\u0432\u043e \u043e\u0431 \u0443\u0441\u044b\u043d\u043e\u0432\u043b\u0435\u043d\u0438\u0438 \u0438 1 \u0442\u043e\u043f\u043f\u0435\u0440 \u0434\u043b\u044f \u043a\u0430\u0440\u0430\u043d\u0434\u0430\u0448\u0435\u0439.<\/p>","protected":false},"excerpt":{"rendered":"<p>&#8211; Ace\u0219ti pui au capete de bobble bouncy. &#8211; Se vor potrivi chiar \u0219i \u00een penarul t\u0103u. &#8211; Exist\u0103 12<\/p>","protected":false},"featured_media":203689,"comment_status":"closed","ping_status":"closed","template":"..\/public\/views\/revslider-page-template.php","meta":{"_monsterinsights_skip_tracking":false,"_monsterinsights_sitenote_active":false,"_monsterinsights_sitenote_note":"","_monsterinsights_sitenote_category":0},"product_brand":[],"product_cat":[1637,1615,55,1137,35,1508],"product_tag":[],"class_list":{"0":"post-203670","1":"product","2":"type-product","3":"status-publish","4":"has-post-thumbnail","6":"product_cat-creaturi-mitologice","7":"product_cat-personaje-figuri-si-seturi","8":"product_cat-toate-produsele","9":"product_cat-jucarii","10":"product_cat-roboti-si-figurine","11":"product_cat-animale-si-pasari","13":"first","14":"instock","15":"shipping-taxable","16":"purchasable","17":"product-type-simple"},"_links":{"self":[{"href":"https:\/\/toystoys.md\/ru\/wp-json\/wp\/v2\/product\/203670","targetHints":{"allow":["GET"]}}],"collection":[{"href":"https:\/\/toystoys.md\/ru\/wp-json\/wp\/v2\/product"}],"about":[{"href":"https:\/\/toystoys.md\/ru\/wp-json\/wp\/v2\/types\/product"}],"replies":[{"embeddable":true,"href":"https:\/\/toystoys.md\/ru\/wp-json\/wp\/v2\/comments?post=203670"}],"wp:featuredmedia":[{"embeddable":true,"href":"https:\/\/toystoys.md\/ru\/wp-json\/wp\/v2\/media\/203689"}],"wp:attachment":[{"href":"https:\/\/toystoys.md\/ru\/wp-json\/wp\/v2\/media?parent=203670"}],"wp:term":[{"taxonomy":"product_brand","embeddable":true,"href":"https:\/\/toystoys.md\/ru\/wp-json\/wp\/v2\/product_brand?post=203670"},{"taxonomy":"product_cat","embeddable":true,"href":"https:\/\/toystoys.md\/ru\/wp-json\/wp\/v2\/product_cat?post=203670"},{"taxonomy":"product_tag","embeddable":true,"href":"https:\/\/toystoys.md\/ru\/wp-json\/wp\/v2\/product_tag?post=203670"}],"curies":[{"name":"wp","href":"https:\/\/api.w.org\/{rel}","templated":true}]}}