{"id":203667,"date":"2024-09-03T10:04:33","date_gmt":"2024-09-03T08:04:33","guid":{"rendered":""},"modified":"2025-11-20T11:20:13","modified_gmt":"2025-11-20T09:20:13","slug":"prod_193052037640_sc98235","status":"publish","type":"product","link":"https:\/\/toystoys.md\/ru\/shop\/prod_193052037640_sc98235\/","title":{"rendered":"\u042f\u0439\u0446\u043e-\u0441\u044e\u0440\u043f\u0440\u0438\u0437 \u0441 \u0438\u0433\u0440\u0443\u0448\u043a\u043e\u0439 Eggzania Rainbocorns ZURU"},"content":{"rendered":"<p>Exist\u0103 6 animale Eggzania de colec\u021bionat, printre care leul Roary, elefantul Peanut \u0219i flamingo Daffy! Fiecare plu\u0219 Eggzania vine cu 5 mini ou\u0103, autocolante, accesorii de purtat \u0219i multe altele! Intr\u0103 \u00een Rainboville cu stil cu un inel DIY, o \u0219tampil\u0103 \u0219i o br\u0103\u021bar\u0103 care se potrivesc cu plu\u0219ul t\u0103u! Ace\u0219ti Rainbocorns moi ador\u0103 s\u0103 se \u00eembr\u0103\u021bi\u0219eze \u0219i v\u0103 vor face timpul de joac\u0103 mult mai distractiv! Ce Eggzania vei descoperi?<br \/>\n\u2013 Peste 20 de surprize de descoperit! Rainbocorns Eggzania este plin\u0103 de peste 20 de surprize imbatabile!<br \/>\n\u2013 Colec\u021bioneaz\u0103-le pe toate: exist\u0103 6 plu\u0219uri Eggzania \u0219i 6 Yolkies asortate de colec\u021bionat. Fiecare plu\u0219 este confec\u021bionat din material moale, perfect pentru \u00eembr\u0103\u021bi\u0219\u0103ri. Folose\u0219te-\u021bi ghidul de colec\u021bionar pentru a le colecta pe toate!<br \/>\n\u2013 Yolkies: Nou \u00een Rainboville, Eggzania Yolkies! Ace\u0219ti Rainbocorns de dimensiuni amuzante sunt prietenii perfec\u021bi de buzunar.<br \/>\n\u2013 Pachetul include: 1x Eggzania Plus, 1x Eggzania Nest, 1x Yolkie, 5x ou\u0103 mini, 1x ghidul colec\u021bionarului, 1x Yolkie Slime, 1x inel, 1x \u0219tampil\u0103, 1x br\u0103\u021bar\u0103 DIY, 1x lan\u021b Eggzania \u0219i 1x pachet de autocolante.<br \/>\nRainbocorns \u00ee\u021bi aduce cel mai tare ou surpriz\u0103! Combin\u00e2nd despachetarea misterioas\u0103, surprize \u0219i extra-uri dr\u0103gu\u021be, Rainbocorns va fi cu siguran\u021b\u0103 noul t\u0103u cel mai bun prieten! Sunt at\u00e2t de multe surprize care pot fi g\u0103site! Straturi de magie \u0219i emo\u021bie care nu se termin\u0103 niciodat\u0103! Sunt at\u00e2t de mul\u021bi noi Rainbocorns \u00een Rainboville \u2013 pe care \u00eel vei g\u0103si?!<\/p>","protected":false},"excerpt":{"rendered":"<p>Exist\u0103 6 animale Eggzania de colec\u021bionat, printre care leul Roary, elefantul Peanut \u0219i flamingo Daffy! Fiecare plu\u0219 Eggzania vine cu<\/p>","protected":false},"featured_media":203673,"comment_status":"closed","ping_status":"closed","template":"..\/public\/views\/revslider-page-template.php","meta":{"_monsterinsights_skip_tracking":false,"_monsterinsights_sitenote_active":false,"_monsterinsights_sitenote_note":"","_monsterinsights_sitenote_category":0},"product_brand":[],"product_cat":[55,1137,46,1553,1556],"product_tag":[],"class_list":{"0":"post-203667","1":"product","2":"type-product","3":"status-publish","4":"has-post-thumbnail","6":"product_cat-toate-produsele","7":"product_cat-jucarii","8":"product_cat-jucarii-de-plus","9":"product_cat-altele","10":"product_cat-personaje","12":"first","13":"outofstock","14":"shipping-taxable","15":"purchasable","16":"product-type-simple"},"_links":{"self":[{"href":"https:\/\/toystoys.md\/ru\/wp-json\/wp\/v2\/product\/203667","targetHints":{"allow":["GET"]}}],"collection":[{"href":"https:\/\/toystoys.md\/ru\/wp-json\/wp\/v2\/product"}],"about":[{"href":"https:\/\/toystoys.md\/ru\/wp-json\/wp\/v2\/types\/product"}],"replies":[{"embeddable":true,"href":"https:\/\/toystoys.md\/ru\/wp-json\/wp\/v2\/comments?post=203667"}],"wp:featuredmedia":[{"embeddable":true,"href":"https:\/\/toystoys.md\/ru\/wp-json\/wp\/v2\/media\/203673"}],"wp:attachment":[{"href":"https:\/\/toystoys.md\/ru\/wp-json\/wp\/v2\/media?parent=203667"}],"wp:term":[{"taxonomy":"product_brand","embeddable":true,"href":"https:\/\/toystoys.md\/ru\/wp-json\/wp\/v2\/product_brand?post=203667"},{"taxonomy":"product_cat","embeddable":true,"href":"https:\/\/toystoys.md\/ru\/wp-json\/wp\/v2\/product_cat?post=203667"},{"taxonomy":"product_tag","embeddable":true,"href":"https:\/\/toystoys.md\/ru\/wp-json\/wp\/v2\/product_tag?post=203667"}],"curies":[{"name":"wp","href":"https:\/\/api.w.org\/{rel}","templated":true}]}}