{"id":203651,"date":"2024-09-02T12:06:09","date_gmt":"2024-09-02T10:06:09","guid":{"rendered":""},"modified":"2025-06-23T11:00:28","modified_gmt":"2025-06-23T09:00:28","slug":"prod_193052027528_sc98236","status":"publish","type":"product","link":"https:\/\/toystoys.md\/ru\/shop\/prod_193052027528_sc98236\/","title":{"rendered":"\u042f\u0439\u0446\u043e \u0441 \u043f\u043b\u044e\u0448\u0435\u0432\u043e\u0439 \u0438\u0433\u0440\u0443\u0448\u043a\u043e\u0439 Fairycorn Rainbocorns ZURU"},"content":{"rendered":"<p>\u042d\u0442\u0438 Rainbocorns \u0443\u0434\u0438\u0432\u0438\u0442\u0435\u043b\u044c\u043d\u044b, \u043c\u0438\u043b\u044b \u0438 \u0447\u0443\u0434\u0435\u0441\u043d\u044b! \u041d\u043e\u0432\u044b\u0435 \u0438\u0433\u0440\u0443\u0448\u043a\u0438 Rainbocorns \u043f\u0440\u0438\u0433\u043b\u0430\u0448\u0430\u044e\u0442 \u0432\u0430\u0441 \u0432 \u0441\u0432\u043e\u0439 \u043c\u0430\u0433\u0438\u0447\u0435\u0441\u043a\u0438\u0439 \u043c\u0438\u0440, \u0433\u0434\u0435 \u043a\u0440\u0430\u0441\u0438\u0432\u044b\u0435 \u0441\u044e\u0440\u043f\u0440\u0438\u0437\u044b \u0438 \u043f\u043e\u0437\u0438\u0442\u0438\u0432\u043d\u044b\u0435 \u044d\u043c\u043e\u0446\u0438\u0438 \u0441\u043b\u0438\u0432\u0430\u044e\u0442\u0441\u044f \u0432\u043e\u0435\u0434\u0438\u043d\u043e, \u0441\u043e\u0437\u0434\u0430\u0432\u0430\u044f \u0441\u0430\u043c\u044b\u0435 \u044f\u0440\u043a\u0438\u0435 \u0438 \u043c\u0438\u043b\u044b\u0435 \u043c\u043e\u043c\u0435\u043d\u0442\u044b \u0438\u0433\u0440\u044b. \u0412\u044b\u0431\u0435\u0440\u0438 \u0431\u043e\u043b\u044c\u0448\u043e\u0435 \u044f\u0439\u0446\u043e, \u043f\u043e\u043b\u043d\u043e\u0435 \u0441\u044e\u0440\u043f\u0440\u0438\u0437\u043e\u0432, \u0438 \u043e\u0442\u043a\u0440\u043e\u0439 \u0438\u0445 \u0432\u0441\u0435.<\/p>\n<p>\u0412\u043d\u0443\u0442\u0440\u0438 \u0432\u044b \u043d\u0430\u0439\u0434\u0435\u0442\u0435 \u043f\u043b\u044e\u0448\u0435\u0432\u0443\u044e \u0438\u0433\u0440\u0443\u0448\u043a\u0443, \u0433\u043e\u0442\u043e\u0432\u0443\u044e \u043e\u0431\u043d\u044f\u0442\u044c \u0432\u0430\u0441 \u043c\u044f\u0433\u043a\u043e, \u043c\u0438\u043d\u0438-\u044f\u0439\u0446\u043e \u0441 \u0443\u0434\u0438\u0432\u0438\u0442\u0435\u043b\u044c\u043d\u043e\u0439 \u0438\u0433\u0440\u0443\u0448\u043a\u043e\u0439 \u0432\u043d\u0443\u0442\u0440\u0438, \u0446\u0432\u0435\u0442\u043d\u044b\u0435 \u043d\u0430\u043a\u043b\u0435\u0439\u043a\u0438, \u0441\u0435\u0440\u0434\u0435\u0447\u043a\u043e \u0441 \u0431\u043b\u0435\u0441\u0442\u044f\u0449\u0438\u043c\u0438 \u043f\u0430\u0439\u0435\u0442\u043a\u0430\u043c\u0438, \u043e\u0441\u043e\u0431\u044b\u0439 \u043f\u0430\u043a\u0435\u0442 \u0441\u043e \u0441\u043b\u0430\u0439\u043c\u043e\u043c, \u0438\u043d\u0441\u0442\u0440\u0443\u043a\u0446\u0438\u0438 \u0438 \u043c\u043e\u0434\u043d\u0443\u044e \u0441\u044e\u0440\u043f\u0440\u0438\u0437-\u0434\u0435\u0442\u0430\u043b\u044c \u0434\u043b\u044f \u0432\u0430\u0441 - \u043f\u043e\u0442\u0440\u044f\u0441\u0430\u044e\u0449\u0438\u0435 \u043a\u0440\u044b\u043b\u044c\u044f, \u0447\u0442\u043e\u0431\u044b \u0432\u044b \u043f\u043e\u0447\u0443\u0432\u0441\u0442\u0432\u043e\u0432\u0430\u043b\u0438 \u0441\u0435\u0431\u044f \u043d\u0430\u0441\u0442\u043e\u044f\u0449\u0435\u0439 \u0432\u043e\u043b\u0448\u0435\u0431\u043d\u043e\u0439 \u0444\u0435\u0435\u0439 \u0438\u0437 \u043c\u0430\u0433\u0438\u0447\u0435\u0441\u043a\u043e\u0439 \u0441\u043a\u0430\u0437\u043a\u0438 Rainbocorns.<\/p>\n<p>\u0422\u044b \u0433\u043e\u0442\u043e\u0432 \u0432\u0441\u0442\u0440\u0435\u0442\u0438\u0442\u044c \u0441\u0432\u043e\u0435\u0433\u043e \u043d\u043e\u0432\u043e\u0433\u043e \u043f\u0443\u0448\u0438\u0441\u0442\u043e\u0433\u043e \u0434\u0440\u0443\u0433\u0430 Rainbocorns? \u0421\u043e\u0431\u0435\u0440\u0438 \u0432\u0441\u044e \u043a\u043e\u043b\u043b\u0435\u043a\u0446\u0438\u044e \u0438 \u0441\u043e\u0437\u0434\u0430\u0439 \u0441\u0432\u043e\u0439 \u0441\u043e\u0431\u0441\u0442\u0432\u0435\u043d\u043d\u044b\u0439 \u0432\u043e\u043b\u0448\u0435\u0431\u043d\u044b\u0439 \u043c\u0438\u0440.<\/p>","protected":false},"excerpt":{"rendered":"<p>Aceste Rainbocorns sunt uimitoare, adorabile \u0219i senzationale! Noile juc\u0103rii Rainbocorns te introduc \u00een lumea lor magic\u0103, unde surprizele frumoase \u0219i<\/p>","protected":false},"featured_media":203652,"comment_status":"closed","ping_status":"closed","template":"..\/public\/views\/revslider-page-template.php","meta":{"_monsterinsights_skip_tracking":false,"_monsterinsights_sitenote_active":false,"_monsterinsights_sitenote_note":"","_monsterinsights_sitenote_category":0},"product_brand":[],"product_cat":[1553,1137,46,1556,55],"product_tag":[],"class_list":{"0":"post-203651","1":"product","2":"type-product","3":"status-publish","4":"has-post-thumbnail","6":"product_cat-altele","7":"product_cat-jucarii","8":"product_cat-jucarii-de-plus","9":"product_cat-personaje","10":"product_cat-toate-produsele","12":"first","13":"outofstock","14":"shipping-taxable","15":"purchasable","16":"product-type-simple"},"_links":{"self":[{"href":"https:\/\/toystoys.md\/ru\/wp-json\/wp\/v2\/product\/203651","targetHints":{"allow":["GET"]}}],"collection":[{"href":"https:\/\/toystoys.md\/ru\/wp-json\/wp\/v2\/product"}],"about":[{"href":"https:\/\/toystoys.md\/ru\/wp-json\/wp\/v2\/types\/product"}],"replies":[{"embeddable":true,"href":"https:\/\/toystoys.md\/ru\/wp-json\/wp\/v2\/comments?post=203651"}],"wp:featuredmedia":[{"embeddable":true,"href":"https:\/\/toystoys.md\/ru\/wp-json\/wp\/v2\/media\/203652"}],"wp:attachment":[{"href":"https:\/\/toystoys.md\/ru\/wp-json\/wp\/v2\/media?parent=203651"}],"wp:term":[{"taxonomy":"product_brand","embeddable":true,"href":"https:\/\/toystoys.md\/ru\/wp-json\/wp\/v2\/product_brand?post=203651"},{"taxonomy":"product_cat","embeddable":true,"href":"https:\/\/toystoys.md\/ru\/wp-json\/wp\/v2\/product_cat?post=203651"},{"taxonomy":"product_tag","embeddable":true,"href":"https:\/\/toystoys.md\/ru\/wp-json\/wp\/v2\/product_tag?post=203651"}],"curies":[{"name":"wp","href":"https:\/\/api.w.org\/{rel}","templated":true}]}}