{"id":202652,"date":"2024-08-20T11:56:25","date_gmt":"2024-08-20T09:56:25","guid":{"rendered":""},"modified":"2026-01-23T17:12:49","modified_gmt":"2026-01-23T15:12:49","slug":"prod_5900452072141_sc96677","status":"publish","type":"product","link":"https:\/\/toystoys.md\/ru\/shop\/prod_5900452072141_sc96677\/","title":{"rendered":"\u041e\u0432\u043e\u0449\u043d\u043e\u0439 \u043c\u0438\u043a\u0441-\u043f\u044e\u0440\u0435 \u0441 \u0442\u0435\u043b\u044f\u0442\u0438\u043d\u043e\u0439 \u0438 \u043c\u0430\u043a\u0430\u0440\u043e\u043d\u0430\u043c\u0438 190\u0433 Gerber"},"content":{"rendered":"<p>Gerber\u00ae Piure de mix de legume cu vi\u021bel \u0219i paste, pentru copii de la 8 luni. O cin\u0103 s\u0103n\u0103toas\u0103 pentru bebelu\u0219ii cu v\u00e2rsta peste 8 luni. Con\u021bine legume (morcovi, porumb), cartofi, paste \u0219i carne de vit\u0103. Multitudinea ingredientelor sale promoveaz\u0103 acceptarea unei variet\u0103\u021bi de arome, iar consisten\u021ba par\u021bial fragmentat\u0103, cu bulg\u0103ri vizibile, conduce la \u00eenv\u0103\u021barea mestec\u0103rii \u0219i mu\u0219c\u0103turii. Sterilizat.<\/p>\n<p>Ingrediente: morcovi (36%), ap\u0103, p\u0103trunjel, porumb (9%), carne de vi\u021bel (8%), cartofi, paste [f\u0103in\u0103 de gr\u00e2u dur, ap\u0103] (2%), amidon de porumb, ulei de rapi\u021b\u0103. (Total legume 55 %). May contain eggs.<\/p>\n<p>Valoarea nutritiv\u0103 per 100g: Gr\u0103simi: 1,9 g, din care acizi gra\u015fi satura\u0163i: 0,3 g; Glucide: 8,2 g, din care zaharuri: 2,4 g; Fibre 1,5 g; Proteine: 2,5 g; Sare: 0,08 g.<\/p>\n<p>Valoare energetic\u0103: 264 kJ\/63 kcal.<\/p>\n<p>Condi\u021bii de p\u0103strare: Gata de utilizat. Aten\u021bie! A nu se utiliza produsul, dac\u0103 la deschidere nu s-a auzit pocnitura. Amesteca\u021bi \u00eenainte de utilizare. Transfera\u021bi cantitatea necesar\u0103 de piure pe o farfurie curat\u0103 \u0219i \u00eenc\u0103lzi\u021bi-o. Nu folosi\u021bi lingur\u0103 de metal \u0219i \u0441uptor cu microunde. \u00cenainte de hr\u0103nire, verifica\u021bi temperatura piureului. Hr\u0103ni\u021bi bebelu\u0219ul sub supraveghere \u0219i doar \u00een pozi\u021bie \u0219ez\u00e2nd. \u00cencepe\u021bi hr\u0103nirea cu 1 linguri\u021b\u0103, cresc\u00e2nd treptat volumul. Borcanul deschis a se p\u0103stra \u00een frigider nu mai mult de 24 ore. Num\u0103rul lotului de produc\u021bie, data \u201cA se consuma de preferin\u0163\u0103 \u00eenainte de sf\u00e2r\u015fitul\u201d sunt indicate pe capac. P\u0103stra\u021bi borcanele \u00eenchise la temperaturi \u00eentre +6 \u0219i +30 \u00b0C.<\/p>\n<p>Masa net\u0103: 190 g.<\/p>\n","protected":false},"excerpt":{"rendered":"<p>Gerber\u00ae Piure de mix de legume cu vi\u021bel \u0219i paste, pentru copii de la 8 luni. O cin\u0103 s\u0103n\u0103toas\u0103 pentru<\/p>","protected":false},"featured_media":202678,"comment_status":"closed","ping_status":"closed","template":"","meta":{"_monsterinsights_skip_tracking":false,"_monsterinsights_sitenote_active":false,"_monsterinsights_sitenote_note":"","_monsterinsights_sitenote_category":0},"product_brand":[],"product_cat":[55,1141,51,451],"product_tag":[],"class_list":{"0":"post-202652","1":"product","2":"type-product","3":"status-publish","4":"has-post-thumbnail","6":"product_cat-toate-produsele","7":"product_cat-produse-pentru-bebelusi","8":"product_cat-alimentatie","9":"product_cat-piure-pentru-copii","11":"first","12":"instock","13":"shipping-taxable","14":"purchasable","15":"product-type-simple"},"_links":{"self":[{"href":"https:\/\/toystoys.md\/ru\/wp-json\/wp\/v2\/product\/202652","targetHints":{"allow":["GET"]}}],"collection":[{"href":"https:\/\/toystoys.md\/ru\/wp-json\/wp\/v2\/product"}],"about":[{"href":"https:\/\/toystoys.md\/ru\/wp-json\/wp\/v2\/types\/product"}],"replies":[{"embeddable":true,"href":"https:\/\/toystoys.md\/ru\/wp-json\/wp\/v2\/comments?post=202652"}],"wp:featuredmedia":[{"embeddable":true,"href":"https:\/\/toystoys.md\/ru\/wp-json\/wp\/v2\/media\/202678"}],"wp:attachment":[{"href":"https:\/\/toystoys.md\/ru\/wp-json\/wp\/v2\/media?parent=202652"}],"wp:term":[{"taxonomy":"product_brand","embeddable":true,"href":"https:\/\/toystoys.md\/ru\/wp-json\/wp\/v2\/product_brand?post=202652"},{"taxonomy":"product_cat","embeddable":true,"href":"https:\/\/toystoys.md\/ru\/wp-json\/wp\/v2\/product_cat?post=202652"},{"taxonomy":"product_tag","embeddable":true,"href":"https:\/\/toystoys.md\/ru\/wp-json\/wp\/v2\/product_tag?post=202652"}],"curies":[{"name":"wp","href":"https:\/\/api.w.org\/{rel}","templated":true}]}}