{"id":202646,"date":"2024-08-20T11:56:03","date_gmt":"2024-08-20T09:56:03","guid":{"rendered":""},"modified":"2026-03-02T16:49:29","modified_gmt":"2026-03-02T14:49:29","slug":"prod_7613033628924_sc96675","status":"publish","type":"product","link":"https:\/\/toystoys.md\/ru\/shop\/prod_7613033628924_sc96675\/","title":{"rendered":"\u0421\u0443\u043f-\u043f\u044e\u0440\u0435 \u0441 \u0438\u043d\u0434\u0435\u0439\u043a\u043e\u0439 \u0438 \u043e\u0432\u043e\u0449\u0430\u043c\u0438 190\u0433 Gerber"},"content":{"rendered":"<p>\u0413\u0435\u0440\u0431\u0435\u0440\u00ae \u0421\u0443\u043f-\u043f\u044e\u0440\u0435 \u0441 \u0438\u043d\u0434\u0435\u0439\u043a\u043e\u0439 \u0438 \u043e\u0432\u043e\u0449\u0430\u043c\u0438, \u0434\u043b\u044f \u0434\u0435\u0442\u0435\u0439 \u043e\u0442 6 \u043c\u0435\u0441\u044f\u0446\u0435\u0432. \u041e\u0432\u043e\u0449\u043d\u043e\u0439 \u0441\u0443\u043f, \u043e\u0431\u043e\u0433\u0430\u0449\u0435\u043d\u043d\u044b\u0439 \u043c\u044f\u0441\u043e\u043c \u0438\u043d\u0434\u0435\u0439\u043a\u0438 \u0438 \u043f\u0440\u0438\u043f\u0440\u0430\u0432\u043b\u0435\u043d\u043d\u044b\u0439 \u0441\u0432\u0435\u0436\u0438\u043c \u0443\u043a\u0440\u043e\u043f\u043e\u043c. \u041f\u0440\u0435\u0434\u043d\u0430\u0437\u043d\u0430\u0447\u0435\u043d \u0434\u043b\u044f \u043c\u0430\u043b\u044b\u0448\u0435\u0439 \u0441\u0442\u0430\u0440\u0448\u0435 6 \u043c\u0435\u0441\u044f\u0446\u0435\u0432. \u041e\u043d\u043e \u0445\u043e\u0440\u043e\u0448\u043e \u043f\u043e\u0434\u043e\u0439\u0434\u0435\u0442 \u043d\u0435 \u0442\u043e\u043b\u044c\u043a\u043e \u043a\u0430\u043a \u0447\u0430\u0441\u0442\u044c \u0431\u043b\u044e\u0434\u0430, \u043d\u043e \u0438 \u043a\u0430\u043a \u0443\u0436\u0438\u043d.  \u0421\u0442\u0435\u0440\u0438\u043b\u0438\u0437\u043e\u0432\u0430\u043d.<\/p>\n<p>\u0418\u043d\u0433\u0440\u0435\u0434\u0438\u0435\u043d\u0442\u044b: \u0432\u043e\u0434\u0430, \u043c\u043e\u0440\u043a\u043e\u0432\u044c (31%), \u043a\u0430\u0440\u0442\u043e\u0444\u0435\u043b\u044c, \u0446\u0432\u0435\u0442\u043d\u0430\u044f \u043a\u0430\u043f\u0443\u0441\u0442\u0430 (10%), \u043c\u044f\u0441\u043e \u0438\u043d\u0434\u0435\u0439\u043a\u0438 (8%), \u043a\u0443\u043a\u0443\u0440\u0443\u0437\u043d\u044b\u0439 \u043a\u0440\u0430\u0445\u043c\u0430\u043b, \u0440\u0430\u0441\u0442\u0438\u0442\u0435\u043b\u044c\u043d\u044b\u0435 \u043c\u0430\u0441\u043b\u0430 (\u0440\u0430\u043f\u0441\u043e\u0432\u043e\u0435, \u043f\u043e\u0434\u0441\u043e\u043b\u043d\u0435\u0447\u043d\u043e\u0435), \u0443\u043a\u0440\u043e\u043f (0,8%). (\u0412\u0441\u0435\u0433\u043e \u043e\u0432\u043e\u0449\u0435\u0439 41,8%).<\/p>\n<p>\u041f\u0438\u0449\u0435\u0432\u0430\u044f \u0446\u0435\u043d\u043d\u043e\u0441\u0442\u044c \u043d\u0430 100 \u0433: \u0416\u0438\u0440\u044b: 2,2 \u0433, \u0438\u0437 \u043d\u0438\u0445 \u043d\u0430\u0441\u044b\u0449\u0435\u043d\u043d\u044b\u0435 \u0436\u0438\u0440\u043d\u044b\u0435 \u043a\u0438\u0441\u043b\u043e\u0442\u044b: 0,2 \u0433; \u0423\u0433\u043b\u0435\u0432\u043e\u0434\u044b: 6,1 \u0433, \u0438\u0437 \u043d\u0438\u0445 \u0441\u0430\u0445\u0430\u0440\u0430: 1,3 \u0433; \u041a\u043b\u0435\u0442\u0447\u0430\u0442\u043a\u0430 1,1 \u0433; \u0411\u0435\u043b\u043e\u043a: 2,1 \u0433; \u0421\u043e\u043b\u044c: 0,05 \u0433.<\/p>\n<p>\u042d\u043d\u0435\u0440\u0433\u0435\u0442\u0438\u0447\u0435\u0441\u043a\u0430\u044f \u0446\u0435\u043d\u043d\u043e\u0441\u0442\u044c: 230 \u043a\u0414\u0436\/55 \u043a\u043a\u0430\u043b. \u0421\u043e\u0434\u0435\u0440\u0436\u0430\u043d\u0438\u0435 \u0441\u043e\u043b\u0438 \u043e\u0431\u0443\u0441\u043b\u043e\u0432\u043b\u0435\u043d\u043e \u0438\u0441\u043a\u043b\u044e\u0447\u0438\u0442\u0435\u043b\u044c\u043d\u043e \u043d\u0430\u043b\u0438\u0447\u0438\u0435\u043c \u043f\u0440\u0438\u0440\u043e\u0434\u043d\u043e\u0433\u043e \u043d\u0430\u0442\u0440\u0438\u044f. \u0412\u0435\u0441 \u043d\u0435\u0442\u0442\u043e: 190 \u0433.<\/p>\n<p>\u0423\u0441\u043b\u043e\u0432\u0438\u044f \u0445\u0440\u0430\u043d\u0435\u043d\u0438\u044f: \u0413\u043e\u0442\u043e\u0432 \u043a \u0438\u0441\u043f\u043e\u043b\u044c\u0437\u043e\u0432\u0430\u043d\u0438\u044e. \u0412\u043d\u0438\u043c\u0430\u043d\u0438\u0435! \u041d\u0435 \u0438\u0441\u043f\u043e\u043b\u044c\u0437\u0443\u0439\u0442\u0435, \u0435\u0441\u043b\u0438 \u043f\u0440\u0438 \u043e\u0442\u043a\u0440\u044b\u0442\u0438\u0438 \u043d\u0435 \u0441\u043b\u044b\u0448\u0435\u043d \u0442\u0440\u0435\u0441\u043a. \u041f\u0435\u0440\u0435\u0434 \u0438\u0441\u043f\u043e\u043b\u044c\u0437\u043e\u0432\u0430\u043d\u0438\u0435\u043c \u043f\u0435\u0440\u0435\u043c\u0435\u0448\u0430\u0439\u0442\u0435. \u041f\u0435\u0440\u0435\u043b\u043e\u0436\u0438\u0442\u0435 \u043d\u0435\u043e\u0431\u0445\u043e\u0434\u0438\u043c\u043e\u0435 \u043a\u043e\u043b\u0438\u0447\u0435\u0441\u0442\u0432\u043e \u043f\u044e\u0440\u0435 \u0432 \u0447\u0438\u0441\u0442\u0443\u044e \u0442\u0430\u0440\u0435\u043b\u043a\u0443 \u0438 \u043d\u0430\u0433\u0440\u0435\u0439\u0442\u0435. \u041d\u0435 \u0438\u0441\u043f\u043e\u043b\u044c\u0437\u0443\u0439\u0442\u0435 \u043c\u0435\u0442\u0430\u043b\u043b\u0438\u0447\u0435\u0441\u043a\u0443\u044e \u043b\u043e\u0436\u043a\u0443 \u0434\u043b\u044f \u043c\u0438\u043a\u0440\u043e\u0432\u043e\u043b\u043d\u043e\u0432\u043e\u0439 \u043f\u0435\u0447\u0438. \u041f\u0435\u0440\u0435\u0434 \u043a\u043e\u0440\u043c\u043b\u0435\u043d\u0438\u0435\u043c \u043f\u0440\u043e\u0432\u0435\u0440\u044c\u0442\u0435 \u0442\u0435\u043c\u043f\u0435\u0440\u0430\u0442\u0443\u0440\u0443 \u043f\u044e\u0440\u0435. \u041a\u043e\u0440\u043c\u0438\u0442\u0435 \u0440\u0435\u0431\u0435\u043d\u043a\u0430 \u043f\u043e\u0434 \u043f\u0440\u0438\u0441\u043c\u043e\u0442\u0440\u043e\u043c \u0438 \u0442\u043e\u043b\u044c\u043a\u043e \u0432 \u0441\u0438\u0434\u044f\u0447\u0435\u043c \u043f\u043e\u043b\u043e\u0436\u0435\u043d\u0438\u0438. \u041d\u0430\u0447\u0438\u043d\u0430\u0439\u0442\u0435 \u043f\u0440\u0438\u043a\u043e\u0440\u043c \u0441 1 \u0447\u0430\u0439\u043d\u043e\u0439 \u043b\u043e\u0436\u043a\u0438, \u043f\u043e\u0441\u0442\u0435\u043f\u0435\u043d\u043d\u043e \u0443\u0432\u0435\u043b\u0438\u0447\u0438\u0432\u0430\u044f \u043e\u0431\u044a\u0435\u043c. \u0412\u0441\u043a\u0440\u044b\u0442\u0443\u044e \u0431\u0430\u043d\u043a\u0443 \u0445\u0440\u0430\u043d\u0438\u0442\u044c \u0432 \u0445\u043e\u043b\u043e\u0434\u0438\u043b\u044c\u043d\u0438\u043a\u0435 \u043d\u0435 \u0431\u043e\u043b\u0435\u0435 24 \u0447\u0430\u0441\u043e\u0432. \u041d\u0430 \u043a\u043e\u043b\u043f\u0430\u0447\u043a\u0435 \u0443\u043a\u0430\u0437\u0430\u043d \u043d\u043e\u043c\u0435\u0440 \u043f\u0440\u043e\u0438\u0437\u0432\u043e\u0434\u0441\u0442\u0432\u0435\u043d\u043d\u043e\u0439 \u043f\u0430\u0440\u0442\u0438\u0438, \u0441\u0440\u043e\u043a \u0433\u043e\u0434\u043d\u043e\u0441\u0442\u0438. \u0425\u0440\u0430\u043d\u0438\u0442\u044c \u0431\u0430\u043d\u043a\u0438 \u0437\u0430\u043a\u0440\u044b\u0442\u044b\u043c\u0438 \u043f\u0440\u0438 \u0442\u0435\u043c\u043f\u0435\u0440\u0430\u0442\u0443\u0440\u0435 \u043e\u0442 +6 \u0434\u043e +30 \u00b0C.<\/p>\n<p>\u0412\u0435\u0441 \u043d\u0435\u0442\u0442\u043e: 190 \u0433.<\/p>","protected":false},"excerpt":{"rendered":"<p>Gerber\u00ae Piure de sup\u0103 cu curcan \u0219i legume, pentru copii de la 6 luni. Sup\u0103 de legume, \u00eembog\u0103\u021bit\u0103 cu carne<\/p>","protected":false},"featured_media":202668,"comment_status":"closed","ping_status":"closed","template":"","meta":{"_monsterinsights_skip_tracking":false,"_monsterinsights_sitenote_active":false,"_monsterinsights_sitenote_note":"","_monsterinsights_sitenote_category":0},"product_brand":[],"product_cat":[55,1141,51,451],"product_tag":[],"class_list":{"0":"post-202646","1":"product","2":"type-product","3":"status-publish","4":"has-post-thumbnail","6":"product_cat-toate-produsele","7":"product_cat-produse-pentru-bebelusi","8":"product_cat-alimentatie","9":"product_cat-piure-pentru-copii","11":"first","12":"instock","13":"shipping-taxable","14":"purchasable","15":"product-type-simple"},"_links":{"self":[{"href":"https:\/\/toystoys.md\/ru\/wp-json\/wp\/v2\/product\/202646","targetHints":{"allow":["GET"]}}],"collection":[{"href":"https:\/\/toystoys.md\/ru\/wp-json\/wp\/v2\/product"}],"about":[{"href":"https:\/\/toystoys.md\/ru\/wp-json\/wp\/v2\/types\/product"}],"replies":[{"embeddable":true,"href":"https:\/\/toystoys.md\/ru\/wp-json\/wp\/v2\/comments?post=202646"}],"wp:featuredmedia":[{"embeddable":true,"href":"https:\/\/toystoys.md\/ru\/wp-json\/wp\/v2\/media\/202668"}],"wp:attachment":[{"href":"https:\/\/toystoys.md\/ru\/wp-json\/wp\/v2\/media?parent=202646"}],"wp:term":[{"taxonomy":"product_brand","embeddable":true,"href":"https:\/\/toystoys.md\/ru\/wp-json\/wp\/v2\/product_brand?post=202646"},{"taxonomy":"product_cat","embeddable":true,"href":"https:\/\/toystoys.md\/ru\/wp-json\/wp\/v2\/product_cat?post=202646"},{"taxonomy":"product_tag","embeddable":true,"href":"https:\/\/toystoys.md\/ru\/wp-json\/wp\/v2\/product_tag?post=202646"}],"curies":[{"name":"wp","href":"https:\/\/api.w.org\/{rel}","templated":true}]}}