{"id":202507,"date":"2024-08-19T15:08:44","date_gmt":"2024-08-19T13:08:44","guid":{"rendered":""},"modified":"2025-02-22T23:15:22","modified_gmt":"2025-02-22T21:15:22","slug":"prod_194735243457_sc97914","status":"publish","type":"product","link":"https:\/\/toystoys.md\/ru\/shop\/prod_194735243457_sc97914\/","title":{"rendered":"\u041a\u0443\u043a\u043b\u0430 Disney Princess Birthday Celebration- Rapunzel MATTEL"},"content":{"rendered":"<p>\u041e\u0442\u043f\u0440\u0430\u0437\u0434\u043d\u0443\u0439\u0442\u0435 \u043e\u0441\u043e\u0431\u0435\u043d\u043d\u044b\u0439 \u0434\u0435\u043d\u044c \u043b\u044e\u0431\u0438\u043c\u043e\u0433\u043e \u0447\u0435\u043b\u043e\u0432\u0435\u043a\u0430 \u0441 Disney Princess Birthday Celebration Rapunzel, \u0432\u0434\u043e\u0445\u043d\u043e\u0432\u043b\u0435\u043d\u043d\u044b\u043c \u043b\u044e\u0431\u0438\u043c\u044b\u043c \u0430\u043d\u0438\u043c\u0430\u0446\u0438\u043e\u043d\u043d\u044b\u043c \u043f\u0435\u0440\u0441\u043e\u043d\u0430\u0436\u0435\u043c \u0438\u0437 Disney \u0420\u0430\u043f\u0443\u043d\u0446\u0435\u043b\u044c: \u0417\u0430\u043f\u0443\u0442\u0430\u043d\u043d\u0430\u044f \u0438\u0441\u0442\u043e\u0440\u0438\u044f.<br \/>\n\u041a\u0443\u043a\u043b\u0430 \u0420\u0430\u043f\u0443\u043d\u0446\u0435\u043b\u044c \u043e\u0434\u0435\u0442\u0430 \u0432 \u0441\u0442\u0438\u043b\u0435 \u0434\u043d\u044f \u0440\u043e\u0436\u0434\u0435\u043d\u0438\u044f: \u043d\u0430 \u043d\u0435\u0439 \u043f\u043e\u0442\u0440\u044f\u0441\u0430\u044e\u0449\u0435\u0435 \u043f\u043b\u0430\u0442\u044c\u0435 \u0441 \u043a\u0440\u0443\u0436\u0435\u0432\u043d\u044b\u043c \u043b\u0438\u0444\u043e\u043c \u0438 \u043d\u0438\u0436\u043d\u0435\u0439 \u044e\u0431\u043a\u043e\u0439 \u0438\u0437 \u0442\u0430\u0444\u0442\u044b, \u0447\u0442\u043e \u043f\u0440\u0438\u0434\u0430\u0435\u0442 \u043f\u043b\u0430\u0442\u044c\u044e \u044d\u043b\u0435\u0433\u0430\u043d\u0442\u043d\u044b\u0439 \u0431\u0430\u043b\u044c\u043d\u044b\u0439 \u0441\u0438\u043b\u0443\u044d\u0442.<\/p>\n<p>\u042e\u0431\u043a\u0430 \u0438 \u0440\u0443\u043a\u0430\u0432\u0430 \u043a\u0443\u043a\u043b\u044b \u0420\u0430\u043f\u0443\u043d\u0446\u0435\u043b\u044c \u0443\u043a\u0440\u0430\u0448\u0435\u043d\u044b \u043a\u0440\u0430\u0441\u0438\u0432\u044b\u043c \u0443\u0437\u043e\u0440\u043e\u043c \u0438\u0437 \u0440\u0430\u0437\u043d\u043e\u0446\u0432\u0435\u0442\u043d\u044b\u0445 \u0444\u043e\u043d\u0430\u0440\u0438\u043a\u043e\u0432, \u043d\u0430\u043f\u043e\u043c\u0438\u043d\u0430\u044e\u0449\u0438\u043c \u0432\u043e\u043b\u0448\u0435\u0431\u043d\u044b\u0435 \u0444\u043e\u043d\u0430\u0440\u0438\u043a\u0438 \u0438\u0437 \u0444\u0438\u043b\u044c\u043c\u0430, \u043a\u043e\u0442\u043e\u0440\u044b\u0435 \u0432\u044b\u043f\u0443\u0441\u043a\u0430\u044e\u0442\u0441\u044f \u043a\u0430\u0436\u0434\u044b\u0439 \u0433\u043e\u0434 \u0432 \u0434\u0435\u043d\u044c \u0440\u043e\u0436\u0434\u0435\u043d\u0438\u044f \u0420\u0430\u043f\u0443\u043d\u0446\u0435\u043b\u044c.<\/p>\n<p>\u0415\u0435 \u0444\u0438\u0440\u043c\u0435\u043d\u043d\u044b\u0435 \u043b\u043e\u043a\u043e\u043d\u044b \u0434\u043b\u0438\u043d\u043d\u044b\u0435 \u0438 \u0443\u043a\u0440\u0430\u0448\u0435\u043d\u044b \u0437\u043e\u043b\u043e\u0442\u043e\u0439 \u043a\u043e\u0440\u043e\u043d\u043e\u0439. \u041e\u043d\u0430 \u043d\u043e\u0441\u0438\u0442 \u0437\u043e\u043b\u043e\u0442\u044b\u0435 \u0441\u0435\u0440\u044c\u0433\u0438 \u0438 \u0434\u0435\u0440\u0436\u0438\u0442 \u0438\u0434\u0435\u0430\u043b\u044c\u043d\u044b\u0439 \u0430\u043a\u0441\u0435\u0441\u0441\u0443\u0430\u0440 \u0434\u043b\u044f \u0434\u043d\u044f \u0440\u043e\u0436\u0434\u0435\u043d\u0438\u044f: \u043e\u0447\u0430\u0440\u043e\u0432\u0430\u0442\u0435\u043b\u044c\u043d\u044b\u0439 \u0440\u043e\u0437\u043e\u0432\u044b\u0439 \u043a\u0435\u043a\u0441.<\/p>\n<p>\u0421\u0442\u0430\u043d\u0435\u0442 \u0438\u0434\u0435\u0430\u043b\u044c\u043d\u044b\u043c \u043f\u043e\u0434\u0430\u0440\u043a\u043e\u043c \u043a\u0430\u043a \u0434\u043b\u044f \u0434\u0435\u0442\u0435\u0439, \u0442\u0430\u043a \u0438 \u0434\u043b\u044f \u043a\u043e\u043b\u043b\u0435\u043a\u0446\u0438\u043e\u043d\u0435\u0440\u043e\u0432, \u0447\u0442\u043e\u0431\u044b \u0432\u043e\u0441\u0441\u043e\u0437\u0434\u0430\u0442\u044c \u043b\u044e\u0431\u0438\u043c\u044b\u0435 \u043c\u043e\u043c\u0435\u043d\u0442\u044b \u0438\u0437 \u0444\u0438\u043b\u044c\u043c\u043e\u0432 \u0438\u043b\u0438 \u043f\u043e\u043f\u043e\u043b\u043d\u0438\u0442\u044c \u043a\u043e\u043b\u043b\u0435\u043a\u0446\u0438\u044e \u0446\u0435\u043d\u043d\u044b\u0445 \u043a\u0443\u043a\u043e\u043b.<\/p>\n<p>\u0424\u0430\u043d\u0430\u0442\u044b \u043c\u043e\u0433\u0443\u0442 \u0441\u043e\u0431\u0440\u0430\u0442\u044c \u0432\u0441\u0435\u0445 \u043a\u0443\u043a\u043e\u043b Disney \u0438 \u043f\u043e\u0441\u0442\u0440\u043e\u0438\u0442\u044c \u0438\u0434\u0435\u0430\u043b\u044c\u043d\u043e\u0435 \u043a\u043e\u0440\u043e\u043b\u0435\u0432\u0441\u0442\u0432\u043e! \u041a\u0430\u0436\u0434\u0430\u044f \u043f\u0440\u043e\u0434\u0430\u0435\u0442\u0441\u044f \u043e\u0442\u0434\u0435\u043b\u044c\u043d\u043e, \u0432 \u0437\u0430\u0432\u0438\u0441\u0438\u043c\u043e\u0441\u0442\u0438 \u043e\u0442 \u043d\u0430\u043b\u0438\u0447\u0438\u044f<\/p>\n<p>\u0420\u0435\u043a\u043e\u043c\u0435\u043d\u0434\u0443\u0435\u0442\u0441\u044f \u0434\u043b\u044f \u0434\u0435\u0442\u0435\u0439 \u0441\u0442\u0430\u0440\u0448\u0435 3 \u043b\u0435\u0442.<br \/>\n\u0420\u0430\u0437\u043c\u0435\u0440 \u0443\u043f\u0430\u043a\u043e\u0432\u043a\u0438 6 x 4 x 28 \u0441\u043c.<br \/>\n\u0412\u044b\u0441\u043e\u0442\u0430 \u043a\u0443\u043a\u043b\u044b: 27 \u0441\u043c.<br \/>\n\u041f\u0440\u043e\u0438\u0437\u0432\u043e\u0434\u0438\u0442\u0435\u043b\u044c: Mattel (\u0421\u0428\u0410).<\/p>","protected":false},"excerpt":{"rendered":"<p>S\u0103rb\u0103tore\u0219te ziua special\u0103 a persoanei dragi cu Disney Princess Birthday Celebration Rapunzel, inspirat\u0103 de \u00eendr\u0103gitul personaj animat Disney Tangled. Papusa<\/p>","protected":false},"featured_media":202558,"comment_status":"closed","ping_status":"closed","template":"..\/public\/views\/revslider-page-template.php","meta":{"_monsterinsights_skip_tracking":false,"_monsterinsights_sitenote_active":false,"_monsterinsights_sitenote_note":"","_monsterinsights_sitenote_category":0},"product_brand":[],"product_cat":[1635,55,1137,34,1117],"product_tag":[],"class_list":{"0":"post-202507","1":"product","2":"type-product","3":"status-publish","4":"has-post-thumbnail","6":"product_cat-personaje-papusi-casute","7":"product_cat-toate-produsele","8":"product_cat-jucarii","9":"product_cat-papusi-casute","10":"product_cat-papusi-si-seturi","12":"first","13":"instock","14":"shipping-taxable","15":"purchasable","16":"product-type-simple"},"_links":{"self":[{"href":"https:\/\/toystoys.md\/ru\/wp-json\/wp\/v2\/product\/202507","targetHints":{"allow":["GET"]}}],"collection":[{"href":"https:\/\/toystoys.md\/ru\/wp-json\/wp\/v2\/product"}],"about":[{"href":"https:\/\/toystoys.md\/ru\/wp-json\/wp\/v2\/types\/product"}],"replies":[{"embeddable":true,"href":"https:\/\/toystoys.md\/ru\/wp-json\/wp\/v2\/comments?post=202507"}],"wp:featuredmedia":[{"embeddable":true,"href":"https:\/\/toystoys.md\/ru\/wp-json\/wp\/v2\/media\/202558"}],"wp:attachment":[{"href":"https:\/\/toystoys.md\/ru\/wp-json\/wp\/v2\/media?parent=202507"}],"wp:term":[{"taxonomy":"product_brand","embeddable":true,"href":"https:\/\/toystoys.md\/ru\/wp-json\/wp\/v2\/product_brand?post=202507"},{"taxonomy":"product_cat","embeddable":true,"href":"https:\/\/toystoys.md\/ru\/wp-json\/wp\/v2\/product_cat?post=202507"},{"taxonomy":"product_tag","embeddable":true,"href":"https:\/\/toystoys.md\/ru\/wp-json\/wp\/v2\/product_tag?post=202507"}],"curies":[{"name":"wp","href":"https:\/\/api.w.org\/{rel}","templated":true}]}}