{"id":202506,"date":"2024-08-19T15:08:40","date_gmt":"2024-08-19T13:08:40","guid":{"rendered":""},"modified":"2025-11-19T23:22:17","modified_gmt":"2025-11-19T21:22:17","slug":"prod_194735230686_sc97942","status":"publish","type":"product","link":"https:\/\/toystoys.md\/ru\/shop\/prod_194735230686_sc97942\/","title":{"rendered":"\u041a\u0443\u043a\u043b\u0430 Fest Clawdeen Wolf Fashion Monster High MATTEL"},"content":{"rendered":"<p>\u041f\u043e\u0433\u0440\u0443\u0436\u0430\u0439\u0442\u0435\u0441\u044c \u0432 \u0430\u0442\u043c\u043e\u0441\u0444\u0435\u0440\u0443 Monster Fest \u0441 \u043a\u0443\u043a\u043b\u043e\u0439 Clawdeen Wolf \u043e\u0442 Monster High! \u041d\u0430 \u044d\u0442\u043e\u043c \u043a\u0440\u0443\u0442\u043e\u043c \u043c\u0443\u0437\u044b\u043a\u0430\u043b\u044c\u043d\u043e\u043c \u0444\u0435\u0441\u0442\u0438\u0432\u0430\u043b\u0435 \u043e\u043d\u0430 \u0433\u043e\u0442\u043e\u0432\u0430 \u0441\u0438\u044f\u0442\u044c \u0438 \u0440\u0430\u0437\u0432\u043b\u0435\u043a\u0430\u0442\u044c\u0441\u044f \u0432 \u0441\u0432\u043e\u0451\u043c \u0431\u043b\u0435\u0441\u0442\u044f\u0449\u0435\u043c \u043d\u0430\u0440\u044f\u0434\u0435 \u0438 \u0441\u0442\u0438\u043b\u044c\u043d\u044b\u0445 \u0430\u043a\u0441\u0435\u0441\u0441\u0443\u0430\u0440\u0430\u0445.<\/p>\n<p>Clawdeen Wolf \u0432\u044b\u0433\u043b\u044f\u0434\u0438\u0442 \u043a\u0430\u043a \u043d\u0430\u0441\u0442\u043e\u044f\u0449\u0430\u044f \u0437\u0432\u0435\u0437\u0434\u0430 \u0432 \u0442\u043e\u043f\u0435 \u0438 \u044e\u0431\u043a\u0435 \u0441 \u043f\u0440\u0438\u043d\u0442\u043e\u043c \u0437\u0432\u0451\u0437\u0434\u043d\u043e\u0433\u043e \u043d\u0435\u0431\u0430. \u041d\u0430\u0434\u0435\u0432 \u043b\u0443\u043d\u043d\u044b\u0439 \u0434\u0438\u0430\u0434\u0435\u043c\u0443, \u043e\u043d\u0430 \u0433\u043e\u0442\u043e\u0432\u0430 \u0432\u0437\u043e\u0440\u0432\u0430\u0442\u044c \u0441\u0446\u0435\u043d\u0443!<\/p>\n<p>\u0415\u0451 \u043a\u043e\u043d\u0446\u0435\u0440\u0442\u043d\u044b\u0439 \u043d\u0430\u0440\u044f\u0434 \u043d\u0435 \u043e\u0441\u0442\u0430\u0432\u0438\u0442 \u0440\u0430\u0432\u043d\u043e\u0434\u0443\u0448\u043d\u044b\u043c \u043d\u0438\u043a\u043e\u0433\u043e: \u043a\u0440\u0438\u0441\u0442\u0430\u043b\u043b\u0438\u0447\u0435\u0441\u043a\u043e\u0435 \u043e\u0436\u0435\u0440\u0435\u043b\u044c\u0435, \u0438\u0441\u043a\u0443\u0441\u0441\u0442\u0432\u0435\u043d\u043d\u044b\u0439 \u043c\u0435\u0445 \u0438 \u0437\u043e\u043b\u043e\u0442\u043e\u0439 \u043f\u043e\u044f\u0441 \u0434\u0435\u043b\u0430\u044e\u0442 \u043e\u0431\u0440\u0430\u0437 \u044f\u0440\u043a\u0438\u043c \u0438 \u0437\u0430\u043f\u043e\u043c\u0438\u043d\u0430\u044e\u0449\u0438\u043c\u0441\u044f.<\/p>\n<p>\u0424\u0435\u0441\u0442\u0438\u0432\u0430\u043b\u044c \u043d\u0435 \u043e\u0431\u0445\u043e\u0434\u0438\u0442\u0441\u044f \u0431\u0435\u0437 \u0432\u043a\u0443\u0441\u043d\u043e\u0439 \u0435\u0434\u044b! Clawdeen Wolf \u0441 \u043d\u0435\u0442\u0435\u0440\u043f\u0435\u043d\u0438\u0435\u043c \u0436\u0434\u0435\u0442, \u0447\u0442\u043e\u0431\u044b \u043d\u0430\u0441\u043b\u0430\u0434\u0438\u0442\u044c\u0441\u044f \u043b\u0443\u043d\u044b\u043c\u0438 \u043d\u0430\u0447\u043e\u0441 \u0438 \u0432\u044b\u043f\u0438\u0442\u044c \u043c\u043e\u043b\u043e\u0447\u043d\u044b\u0439 \u043a\u043e\u043a\u0442\u0435\u0439\u043b\u044c, \u043a\u043e\u0442\u043e\u0440\u044b\u0439 \u0437\u0430\u0441\u0442\u0430\u0432\u0438\u0442 \u0435\u0451 \u0432\u043e\u0435\u0432\u0430\u0442\u044c \u043e\u0442 \u0432\u043e\u0441\u0442\u043e\u0440\u0433\u0430.<\/p>\n<p>\u041f\u043e\u0437\u0436\u0435 \u043e\u043d\u0430 \u0434\u043e\u0441\u0442\u0430\u0451\u0442 \u043a\u0430\u043c\u0435\u0440\u0443, \u0447\u0442\u043e\u0431\u044b \u0441\u0434\u0435\u043b\u0430\u0442\u044c \u0444\u043e\u0442\u043e \u0441 \u0434\u0440\u0443\u0437\u044c\u044f\u043c\u0438! \u0422\u0435\u043c\u0430\u0442\u0438\u0447\u0435\u0441\u043a\u0438\u0435 \u0430\u043a\u0441\u0435\u0441\u0441\u0443\u0430\u0440\u044b, \u0442\u0430\u043a\u0438\u0435 \u043a\u0430\u043a \u0431\u0440\u0430\u0441\u043b\u0435\u0442, \u043f\u043e\u0441\u0442\u0435\u0440 \u0433\u0440\u0443\u043f\u043f\u044b \u0438 \u0434\u0440\u0443\u0433\u0438\u0435 \u0434\u0435\u0442\u0430\u043b\u0438, \u0440\u0430\u0441\u0448\u0438\u0440\u044f\u044e\u0442 \u0432\u043e\u0437\u043c\u043e\u0436\u043d\u043e\u0441\u0442\u0438 \u0434\u043b\u044f \u0438\u0433\u0440\u044b \u0438 \u0441\u043e\u0437\u0434\u0430\u043d\u0438\u044f \u0438\u0441\u0442\u043e\u0440\u0438\u0439.<\/p>\n<p>\u041e\u0442\u043a\u0440\u043e\u0439\u0442\u0435 \u0434\u043b\u044f \u0441\u0435\u0431\u044f \u0432\u0441\u044e \u043a\u043e\u043b\u043b\u0435\u043a\u0446\u0438\u044e Monster Fest, \u0447\u0442\u043e\u0431\u044b \u0441\u043e\u0431\u0440\u0430\u0442\u044c \u0441\u0432\u043e\u044e \u0433\u0440\u0443\u043f\u043f\u0443 \u0438 \u0441\u043e\u0437\u0434\u0430\u0442\u044c \u043f\u043e\u0442\u0440\u044f\u0441\u0430\u044e\u0449\u0438\u0439 \u043c\u0438\u0440 Monster High!<\/p>","protected":false},"excerpt":{"rendered":"<p>Intr\u0103 \u00een atmosfera Monster Fest cu p\u0103pu\u0219a Clawdeen Wolf de la Monster High! La acest festival muzical super cool, ea<\/p>","protected":false},"featured_media":202553,"comment_status":"closed","ping_status":"closed","template":"..\/public\/views\/revslider-page-template.php","meta":{"_monsterinsights_skip_tracking":false,"_monsterinsights_sitenote_active":false,"_monsterinsights_sitenote_note":"","_monsterinsights_sitenote_category":0},"product_brand":[],"product_cat":[1137,34,1117,1635,55],"product_tag":[1891],"class_list":{"0":"post-202506","1":"product","2":"type-product","3":"status-publish","4":"has-post-thumbnail","6":"product_cat-jucarii","7":"product_cat-papusi-casute","8":"product_cat-papusi-si-seturi","9":"product_cat-personaje-papusi-casute","10":"product_cat-toate-produsele","11":"product_tag-mattel-bf","13":"first","14":"instock","15":"shipping-taxable","16":"purchasable","17":"product-type-simple"},"_links":{"self":[{"href":"https:\/\/toystoys.md\/ru\/wp-json\/wp\/v2\/product\/202506","targetHints":{"allow":["GET"]}}],"collection":[{"href":"https:\/\/toystoys.md\/ru\/wp-json\/wp\/v2\/product"}],"about":[{"href":"https:\/\/toystoys.md\/ru\/wp-json\/wp\/v2\/types\/product"}],"replies":[{"embeddable":true,"href":"https:\/\/toystoys.md\/ru\/wp-json\/wp\/v2\/comments?post=202506"}],"wp:featuredmedia":[{"embeddable":true,"href":"https:\/\/toystoys.md\/ru\/wp-json\/wp\/v2\/media\/202553"}],"wp:attachment":[{"href":"https:\/\/toystoys.md\/ru\/wp-json\/wp\/v2\/media?parent=202506"}],"wp:term":[{"taxonomy":"product_brand","embeddable":true,"href":"https:\/\/toystoys.md\/ru\/wp-json\/wp\/v2\/product_brand?post=202506"},{"taxonomy":"product_cat","embeddable":true,"href":"https:\/\/toystoys.md\/ru\/wp-json\/wp\/v2\/product_cat?post=202506"},{"taxonomy":"product_tag","embeddable":true,"href":"https:\/\/toystoys.md\/ru\/wp-json\/wp\/v2\/product_tag?post=202506"}],"curies":[{"name":"wp","href":"https:\/\/api.w.org\/{rel}","templated":true}]}}