{"id":202500,"date":"2024-10-01T08:00:17","date_gmt":"2024-10-01T06:00:17","guid":{"rendered":"https:\/\/toystoys.md\/shop\/prod_194735098842_sc97938\/"},"modified":"2025-12-30T13:01:00","modified_gmt":"2025-12-30T11:01:00","slug":"prod_194735098842_sc97938","status":"publish","type":"product","link":"https:\/\/toystoys.md\/ru\/shop\/prod_194735098842_sc97938\/","title":{"rendered":"\u0410\u0434\u0432\u0435\u043d\u0442-\u043a\u0430\u043b\u0435\u043d\u0434\u0430\u0440\u044c Barbie MATTEL"},"content":{"rendered":"<p>\u0427\u0442\u043e \u043c\u043e\u0436\u0435\u0442 \u0431\u044b\u0442\u044c \u043b\u0443\u0447\u0448\u0435 \u043e\u0434\u043d\u043e\u0433\u043e \u043f\u043e\u0434\u0430\u0440\u043a\u0430? 24 \u0448\u0442\u0443\u043a\u0438! \u041e\u0434\u0435\u043d\u044c\u0442\u0435 \u043a\u0443\u043a\u043b\u0443 Barbie Fashionista \u0432 \u0441\u0442\u0438\u043b\u044c\u043d\u0443\u044e \u043f\u043e\u0432\u0441\u0435\u0434\u043d\u0435\u0432\u043d\u0443\u044e \u0438 \u0432\u0435\u0447\u0435\u0440\u043d\u044e\u044e \u043e\u0434\u0435\u0436\u0434\u0443 \u0441 \u043f\u043e\u043c\u043e\u0449\u044c\u044e \u044d\u0442\u043e\u0433\u043e \u0441\u0442\u0438\u043b\u044c\u043d\u043e\u0433\u043e \u0430\u0434\u0432\u0435\u043d\u0442-\u043a\u0430\u043b\u0435\u043d\u0434\u0430\u0440\u044f Barbie! \u0412 \u043d\u0430\u0431\u043e\u0440\u0435 24 \u043c\u043e\u0434\u043d\u044b\u0445 \u0441\u044e\u0440\u043f\u0440\u0438\u0437\u0430, \u043f\u043e\u044d\u0442\u043e\u043c\u0443 \u0434\u0435\u0442\u0438 \u0441\u043c\u043e\u0433\u0443\u0442 \u043d\u0430\u0440\u044f\u0434\u0438\u0442\u044c \u043a\u0443\u043a\u043b\u0443 \u0438 \u0441\u043e\u0437\u0434\u0430\u0442\u044c \u0434\u043b\u044f \u043d\u0435\u0435 \u043c\u043d\u043e\u0436\u0435\u0441\u0442\u0432\u043e \u0440\u0430\u0437\u043d\u044b\u0445 \u043e\u0431\u0440\u0430\u0437\u043e\u0432! \u042d\u0442\u043e\u0442 \u043d\u0430\u0431\u043e\u0440 \u0411\u0430\u0440\u0431\u0438 \u0441\u0442\u0430\u043d\u0435\u0442 \u0438\u0434\u0435\u0430\u043b\u044c\u043d\u044b\u043c \u043f\u043e\u0434\u0430\u0440\u043a\u043e\u043c \u0434\u043b\u044f \u0434\u0435\u0442\u0435\u0439: \u043e\u0442 \u0437\u0430\u0445\u0432\u0430\u0442\u044b\u0432\u0430\u044e\u0449\u0435\u0433\u043e \u043e\u0442\u043a\u0440\u044b\u0442\u0438\u044f \u0434\u043e \u0441\u043e\u0437\u0434\u0430\u043d\u0438\u044f \u0441\u0442\u0438\u043b\u044c\u043d\u043e\u0439 \u043e\u0434\u0435\u0436\u0434\u044b. \u042d\u0442\u043e\u0442 \u0441\u0432\u0435\u0440\u043a\u0430\u044e\u0449\u0438\u0439 \u0430\u0434\u0432\u0435\u043d\u0442-\u043a\u0430\u043b\u0435\u043d\u0434\u0430\u0440\u044c Barbie\u00ae \u0432\u043a\u043b\u044e\u0447\u0430\u0435\u0442 \u0432 \u0441\u0435\u0431\u044f 24 \u0441\u044e\u0440\u043f\u0440\u0438\u0437\u0430, \u0433\u043e\u0442\u043e\u0432\u044b\u0445 \u0434\u043b\u044f \u0434\u043d\u0435\u0432\u043d\u043e\u0433\u043e \u0438 \u0432\u0435\u0447\u0435\u0440\u043d\u0435\u0433\u043e \u043e\u0444\u043e\u0440\u043c\u043b\u0435\u043d\u0438\u044f \u0438 \u0440\u0430\u0441\u0441\u043a\u0430\u0437\u044b\u0432\u0430\u043d\u0438\u044f \u0438\u0441\u0442\u043e\u0440\u0438\u0439. \u0423 \u043a\u0443\u043a\u043b\u044b \u0411\u0430\u0440\u0431\u0438 \u043f\u0440\u044f\u043c\u044b\u0435 \u043a\u0430\u0448\u0442\u0430\u043d\u043e\u0432\u044b\u0435 \u0432\u043e\u043b\u043e\u0441\u044b, \u043e\u043d\u0430 \u043d\u043e\u0441\u0438\u0442 \u043a\u0443\u043f\u0430\u043b\u044c\u043d\u0438\u043a \u0440\u043e\u0437\u043e\u0432\u043e\u0433\u043e \u0446\u0432\u0435\u0442\u0430 \u0441 \u0437\u0435\u0431\u0440\u043e\u0432\u044b\u043c \u043f\u0440\u0438\u043d\u0442\u043e\u043c. \u041a\u0443\u043f\u0430\u043b\u044c\u043d\u0438\u043a \u043f\u0440\u0435\u0432\u0440\u0430\u0449\u0430\u0435\u0442\u0441\u044f \u0432 \u0432\u0435\u0440\u0445\u043d\u044e\u044e \u0447\u0430\u0441\u0442\u044c \u043d\u0430\u0440\u044f\u0434\u0430 \u0432 \u0441\u043e\u0447\u0435\u0442\u0430\u043d\u0438\u0438 \u0441 \u0431\u0440\u044e\u043a\u0430\u043c\u0438 \u0438\u043b\u0438 \u044e\u0431\u043a\u043e\u0439, \u0432\u0445\u043e\u0434\u044f\u0449\u0438\u043c \u0432 \u043a\u043e\u043c\u043f\u043b\u0435\u043a\u0442! \u0414\u0435\u0442\u0438 \u043c\u043e\u0433\u0443\u0442 \u043e\u0442\u043a\u0440\u044b\u0432\u0430\u0442\u044c \u0441\u044e\u0440\u043f\u0440\u0438\u0437 \u043a\u0430\u0436\u0434\u044b\u0439 \u0434\u0435\u043d\u044c \u0434\u043e \u0420\u043e\u0436\u0434\u0435\u0441\u0442\u0432\u0430. \u041c\u043e\u0434\u043d\u044b\u0435 \u043d\u0430\u0440\u044f\u0434\u044b \u0432\u043a\u043b\u044e\u0447\u0430\u044e\u0442 \u0441\u0435\u0440\u0435\u0431\u0440\u044f\u043d\u044b\u0439 \u0436\u0430\u043a\u0435\u0442, \u0443\u043a\u043e\u0440\u043e\u0447\u0435\u043d\u043d\u044b\u0439 \u0442\u043e\u043f \u0441 \u0440\u044e\u0448\u0430\u043c\u0438 \u0438 \u0431\u043b\u0435\u0441\u0442\u044f\u0449\u0435\u0435 \u043e\u0431\u043b\u0435\u0433\u0430\u044e\u0449\u0435\u0435 \u043f\u043b\u0430\u0442\u044c\u0435. \u041a\u043e\u043c\u0431\u0438\u043d\u0438\u0440\u0443\u044f \u0430\u043a\u0441\u0435\u0441\u0441\u0443\u0430\u0440\u044b, \u043c\u043e\u0436\u043d\u043e \u0443\u043b\u0443\u0447\u0448\u0438\u0442\u044c \u0432\u043f\u0435\u0447\u0430\u0442\u043b\u0435\u043d\u0438\u0435 \u043e\u0442 \u043e\u0434\u0435\u0432\u0430\u043d\u0438\u044f! \u0421\u043e\u043b\u043d\u0446\u0435\u0437\u0430\u0449\u0438\u0442\u043d\u044b\u0435 \u043e\u0447\u043a\u0438, \u0441\u0443\u043c\u043a\u0438, \u0443\u043a\u0440\u0430\u0448\u0435\u043d\u0438\u044f, \u043e\u0431\u0443\u0432\u044c \u0438 \u043c\u043d\u043e\u0433\u043e\u0435 \u0434\u0440\u0443\u0433\u043e\u0435 \u0441\u0434\u0435\u043b\u0430\u044e\u0442 \u043b\u044e\u0431\u043e\u0439 \u043d\u0430\u0440\u044f\u0434 \u043e\u0447\u0435\u043d\u044c \u043c\u0438\u043b\u044b\u043c \u0438 \u0438\u043d\u0434\u0438\u0432\u0438\u0434\u0443\u0430\u043b\u044c\u043d\u044b\u043c. \u0414\u043b\u044f \u0431\u043e\u043b\u044c\u0448\u0435\u0433\u043e \u0443\u0434\u043e\u0432\u043e\u043b\u044c\u0441\u0442\u0432\u0438\u044f \u0432 \u043d\u0430\u0431\u043e\u0440\u0435 \u0434\u0430\u0436\u0435 \u0435\u0441\u0442\u044c \u043a\u043e\u0442\u0435\u043d\u043e\u043a!<\/p>\n<p>\u0425\u0430\u0440\u0430\u043a\u0442\u0435\u0440\u0438\u0441\u0442\u0438\u043a\u0438:<br \/>\n- \u0410\u0434\u0432\u0435\u043d\u0442-\u043a\u0430\u043b\u0435\u043d\u0434\u0430\u0440\u044c Barbie Fashionista.<br \/>\n- 1 \u043a\u0443\u043a\u043b\u0430 Fashionista.<br \/>\n- 1 \u0444\u0438\u0433\u0443\u0440\u043a\u0430 \u043a\u043e\u0442\u0435\u043d\u043a\u0430.<br \/>\n- \u0410\u043a\u0441\u0435\u0441\u0441\u0443\u0430\u0440\u044b, \u043e\u0434\u0435\u0436\u0434\u0430 \u0438 \u0431\u0438\u0436\u0443\u0442\u0435\u0440\u0438\u044f.<\/p>\n<p>\u0412\u044b\u0441\u043e\u0442\u0430 \u043a\u0443\u043a\u043b\u044b: 29 \u0441\u043c.<br \/>\n\u0420\u0430\u0437\u043c\u0435\u0440 \u043a\u043e\u0440\u043e\u0431\u043a\u0438: 6 x 45 x 33 \u0441\u043c.<br \/>\n\u0412\u043e\u0437\u0440\u0430\u0441\u0442: \u043e\u0442 3 \u043b\u0435\u0442.<br \/>\n\u041f\u0440\u043e\u0438\u0437\u0432\u043e\u0434\u0438\u0442\u0435\u043b\u044c: Mattel (\u0421\u0428\u0410).<\/p>","protected":false},"excerpt":{"rendered":"<p>Ce poate fi mai bun dec\u00e2t un cadou? 24 de buc\u0103\u021bi! \u00cembrac\u0103 p\u0103pu\u0219a Barbie Fashionista \u00een haine elegante de zi<\/p>","protected":false},"featured_media":202515,"comment_status":"closed","ping_status":"closed","template":"..\/public\/views\/revslider-page-template.php","meta":{"_monsterinsights_skip_tracking":false,"_monsterinsights_sitenote_active":false,"_monsterinsights_sitenote_note":"","_monsterinsights_sitenote_category":0},"product_brand":[],"product_cat":[1523,1039,1137,34,1117,55],"product_tag":[],"class_list":{"0":"post-202500","1":"product","2":"type-product","3":"status-publish","4":"has-post-thumbnail","6":"product_cat-barbie-eroii","7":"product_cat-eroii","8":"product_cat-jucarii","9":"product_cat-papusi-casute","10":"product_cat-papusi-si-seturi","11":"product_cat-toate-produsele","13":"first","14":"outofstock","15":"shipping-taxable","16":"purchasable","17":"product-type-simple"},"_links":{"self":[{"href":"https:\/\/toystoys.md\/ru\/wp-json\/wp\/v2\/product\/202500","targetHints":{"allow":["GET"]}}],"collection":[{"href":"https:\/\/toystoys.md\/ru\/wp-json\/wp\/v2\/product"}],"about":[{"href":"https:\/\/toystoys.md\/ru\/wp-json\/wp\/v2\/types\/product"}],"replies":[{"embeddable":true,"href":"https:\/\/toystoys.md\/ru\/wp-json\/wp\/v2\/comments?post=202500"}],"wp:featuredmedia":[{"embeddable":true,"href":"https:\/\/toystoys.md\/ru\/wp-json\/wp\/v2\/media\/202515"}],"wp:attachment":[{"href":"https:\/\/toystoys.md\/ru\/wp-json\/wp\/v2\/media?parent=202500"}],"wp:term":[{"taxonomy":"product_brand","embeddable":true,"href":"https:\/\/toystoys.md\/ru\/wp-json\/wp\/v2\/product_brand?post=202500"},{"taxonomy":"product_cat","embeddable":true,"href":"https:\/\/toystoys.md\/ru\/wp-json\/wp\/v2\/product_cat?post=202500"},{"taxonomy":"product_tag","embeddable":true,"href":"https:\/\/toystoys.md\/ru\/wp-json\/wp\/v2\/product_tag?post=202500"}],"curies":[{"name":"wp","href":"https:\/\/api.w.org\/{rel}","templated":true}]}}