{"id":202499,"date":"2024-08-19T15:08:13","date_gmt":"2024-08-19T13:08:13","guid":{"rendered":""},"modified":"2024-08-20T14:11:51","modified_gmt":"2024-08-20T12:11:51","slug":"prod_194735156306_sc97944","status":"publish","type":"product","link":"https:\/\/toystoys.md\/ru\/shop\/prod_194735156306_sc97944\/","title":{"rendered":"\u041a\u0443\u043a\u043b\u0430 \u0410\u0440\u0438\u044d\u043b\u044c - \u043f\u043b\u0430\u0432\u0430\u044e\u0449\u0430\u044f \u0420\u0443\u0441\u0430\u043b\u043a\u0430 Disney Princess MATTEL"},"content":{"rendered":"<p>\u0412\u0434\u043e\u0445\u043d\u043e\u0432\u043b\u0435\u043d\u043d\u0430\u044f \u0430\u043d\u0438\u043c\u0430\u0446\u0438\u043e\u043d\u043d\u044b\u043c \u043f\u0435\u0440\u0441\u043e\u043d\u0430\u0436\u0435\u043c \u0438\u0437 \u0434\u0438\u0441\u043d\u0435\u0435\u0432\u0441\u043a\u043e\u0433\u043e \u0444\u0438\u043b\u044c\u043c\u0430 \u00ab\u0420\u0443\u0441\u0430\u043b\u043e\u0447\u043a\u0430\u00bb, \u044d\u0442\u0430 \u043a\u0443\u043a\u043b\u0430 \u0434\u043b\u044f \u043f\u043b\u0430\u0432\u0430\u043d\u0438\u044f \u0410\u0440\u0438\u044d\u043b\u044c \u00ab\u0420\u0443\u0441\u0430\u043b\u043e\u0447\u043a\u0430\u00bb \u0414\u0438\u0441\u043d\u0435\u044f \u043f\u0440\u0435\u0434\u0441\u0442\u0430\u0432\u043b\u044f\u0435\u0442 \u0441\u043e\u0431\u043e\u0439 \u0443\u043d\u0438\u043a\u0430\u043b\u044c\u043d\u044b\u0439 \u0438 \u043e\u0441\u043e\u0431\u0435\u043d\u043d\u044b\u0439 \u043f\u0440\u043e\u0434\u0443\u043a\u0442, \u0438\u0434\u0435\u0430\u043b\u044c\u043d\u043e \u043f\u043e\u0434\u0445\u043e\u0434\u044f\u0449\u0438\u0439 \u0434\u043b\u044f \u0440\u0430\u0437\u0432\u043b\u0435\u0447\u0435\u043d\u0438\u044f \u0434\u0435\u0442\u0435\u0439! \u041f\u043b\u0430\u0432\u0430\u043d\u0438\u0435 \u0438 \u0438\u0437\u043c\u0435\u043d\u0435\u043d\u0438\u0435 \u0446\u0432\u0435\u0442\u0430 \u0434\u0435\u043b\u0430\u044e\u0442 \u0410\u0440\u0438\u044d\u043b\u044c \u0435\u0449\u0435 \u0431\u043e\u043b\u0435\u0435 \u0443\u0432\u043b\u0435\u043a\u0430\u0442\u0435\u043b\u044c\u043d\u043e\u0439 \u0438 \u0432\u0435\u0441\u0435\u043b\u043e\u0439, \u0447\u0435\u043c \u043a\u043e\u0433\u0434\u0430-\u043b\u0438\u0431\u043e!<\/p>\n<p>\u0423 \u043a\u0443\u043a\u043b\u044b \u043a\u0440\u0430\u0441\u0438\u0432\u044b\u0439 \u0445\u0432\u043e\u0441\u0442 \u0440\u0443\u0441\u0430\u043b\u043a\u0438, \u043a\u043e\u0442\u043e\u0440\u044b\u0439 \u0434\u0432\u0438\u0436\u0435\u0442\u0441\u044f \u0432\u0432\u0435\u0440\u0445 \u0438 \u0432\u043d\u0438\u0437, \u043a\u043e\u0433\u0434\u0430 \u0441\u0436\u0438\u043c\u0430\u0435\u0448\u044c \u0435\u0435 \u0431\u0435\u0434\u0440\u0430, \u0432\u043e\u0441\u0441\u043e\u0437\u0434\u0430\u0432\u0430\u044f \u043e\u0449\u0443\u0449\u0435\u043d\u0438\u0435 \u043d\u0430\u0441\u0442\u043e\u044f\u0449\u0435\u0433\u043e \u043f\u043b\u0430\u0432\u0430\u043d\u0438\u044f!<\/p>\n<p>\u0414\u043b\u044f \u0435\u0449\u0435 \u0431\u043e\u043b\u044c\u0448\u0435\u0433\u043e \u0443\u0434\u043e\u0432\u043e\u043b\u044c\u0441\u0442\u0432\u0438\u044f \u0434\u0435\u0442\u0438 \u043c\u043e\u0433\u0443\u0442 \u043f\u0440\u0438\u043a\u0440\u0435\u043f\u0438\u0442\u044c \u0434\u0440\u0443\u0433\u0430-\u043c\u043e\u0440\u0441\u043a\u043e\u0433\u043e \u043a\u043e\u043d\u044c\u043a\u0430 \u043a \u0440\u0443\u043a\u0435 \u0410\u0440\u0438\u044d\u043b\u044c, \u0447\u0442\u043e \u0441\u0434\u0435\u043b\u0430\u0435\u0442 \u043f\u043e\u0432\u0435\u0441\u0442\u0432\u043e\u0432\u0430\u043d\u0438\u0435 \u0435\u0449\u0435 \u0431\u043e\u043b\u0435\u0435 \u0443\u0432\u043b\u0435\u043a\u0430\u0442\u0435\u043b\u044c\u043d\u044b\u043c.<\/p>\n<p>\u041c\u0430\u043b\u043e \u0442\u043e\u0433\u043e, \u0447\u0442\u043e \u0432\u043e\u043b\u043e\u0441\u044b \u0438 \u0445\u0432\u043e\u0441\u0442 \u0410\u0440\u0438\u044d\u043b\u044c \u043c\u0435\u043d\u044f\u044e\u0442 \u0446\u0432\u0435\u0442, \u044d\u0442\u043e \u0438\u0437\u043c\u0435\u043d\u0435\u043d\u0438\u0435 \u0430\u043a\u0442\u0438\u0432\u0438\u0440\u0443\u0435\u0442\u0441\u044f \u0432\u043e\u0434\u043e\u0439, \u0447\u0442\u043e \u043f\u0440\u0438\u0434\u0430\u0435\u0442 \u0438\u0433\u0440\u0435 \u0434\u043e\u043f\u043e\u043b\u043d\u0438\u0442\u0435\u043b\u044c\u043d\u044b\u0439 \u043e\u0442\u0442\u0435\u043d\u043e\u043a \u0440\u0435\u0430\u043b\u0438\u0437\u043c\u0430 \u0438 \u0432\u0435\u0441\u0435\u043b\u044c\u044f!<\/p>\n<p>\u041a\u0443\u043a\u043b\u0430 \u043f\u043e\u0441\u0442\u0430\u0432\u043b\u044f\u0435\u0442\u0441\u044f \u0432 \u0443\u043f\u0430\u043a\u043e\u0432\u043a\u0435 \u0440\u0430\u0437\u043c\u0435\u0440\u043e\u043c 23,5 \u0445 8 \u0445 32,5 \u0441\u043c, \u0438\u0434\u0435\u0430\u043b\u044c\u043d\u043e \u043f\u043e\u0434\u0445\u043e\u0434\u044f\u0449\u0435\u0439 \u0434\u043b\u044f \u043f\u043e\u0434\u0430\u0440\u043a\u0430. \u0420\u0435\u043a\u043e\u043c\u0435\u043d\u0434\u0443\u0435\u0442\u0441\u044f \u0434\u0435\u0442\u044f\u043c \u043e\u0442 3 \u043b\u0435\u0442 \u0438 \u0441\u0442\u0430\u0440\u0448\u0435.<\/p>\n<p>\u0412 \u043a\u0430\u0447\u0435\u0441\u0442\u0432\u0435 \u043c\u0430\u0442\u0435\u0440\u0438\u0430\u043b\u0430 \u0438\u0441\u043f\u043e\u043b\u044c\u0437\u0443\u0435\u0442\u0441\u044f \u0432\u044b\u0441\u043e\u043a\u043e\u043a\u0430\u0447\u0435\u0441\u0442\u0432\u0435\u043d\u043d\u044b\u0439 \u043f\u043b\u0430\u0441\u0442\u0438\u043a, \u043e\u0431\u0435\u0441\u043f\u0435\u0447\u0438\u0432\u0430\u044e\u0449\u0438\u0439 \u0434\u043e\u043b\u0433\u043e\u0432\u0435\u0447\u043d\u043e\u0441\u0442\u044c \u0438 \u0431\u0435\u0437\u043e\u043f\u0430\u0441\u043d\u043e\u0441\u0442\u044c \u0432\u043e \u0432\u0440\u0435\u043c\u044f \u0438\u0433\u0440\u044b.<\/p>","protected":false},"excerpt":{"rendered":"<p>Inspirat\u0103 de personajul de anima\u021bie din filmul Disney, Mica Siren\u0103, aceast\u0103 p\u0103pu\u0219\u0103 de \u00eenot Disney The Little Mermaid Ariel Color<\/p>","protected":false},"featured_media":202514,"comment_status":"closed","ping_status":"closed","template":"..\/public\/views\/revslider-page-template.php","meta":{"_monsterinsights_skip_tracking":false,"_monsterinsights_sitenote_active":false,"_monsterinsights_sitenote_note":"","_monsterinsights_sitenote_category":0},"product_brand":[],"product_cat":[1635,55,1137,34,1117],"product_tag":[],"class_list":{"0":"post-202499","1":"product","2":"type-product","3":"status-publish","4":"has-post-thumbnail","6":"product_cat-personaje-papusi-casute","7":"product_cat-toate-produsele","8":"product_cat-jucarii","9":"product_cat-papusi-casute","10":"product_cat-papusi-si-seturi","12":"first","13":"instock","14":"shipping-taxable","15":"purchasable","16":"product-type-simple"},"_links":{"self":[{"href":"https:\/\/toystoys.md\/ru\/wp-json\/wp\/v2\/product\/202499","targetHints":{"allow":["GET"]}}],"collection":[{"href":"https:\/\/toystoys.md\/ru\/wp-json\/wp\/v2\/product"}],"about":[{"href":"https:\/\/toystoys.md\/ru\/wp-json\/wp\/v2\/types\/product"}],"replies":[{"embeddable":true,"href":"https:\/\/toystoys.md\/ru\/wp-json\/wp\/v2\/comments?post=202499"}],"wp:featuredmedia":[{"embeddable":true,"href":"https:\/\/toystoys.md\/ru\/wp-json\/wp\/v2\/media\/202514"}],"wp:attachment":[{"href":"https:\/\/toystoys.md\/ru\/wp-json\/wp\/v2\/media?parent=202499"}],"wp:term":[{"taxonomy":"product_brand","embeddable":true,"href":"https:\/\/toystoys.md\/ru\/wp-json\/wp\/v2\/product_brand?post=202499"},{"taxonomy":"product_cat","embeddable":true,"href":"https:\/\/toystoys.md\/ru\/wp-json\/wp\/v2\/product_cat?post=202499"},{"taxonomy":"product_tag","embeddable":true,"href":"https:\/\/toystoys.md\/ru\/wp-json\/wp\/v2\/product_tag?post=202499"}],"curies":[{"name":"wp","href":"https:\/\/api.w.org\/{rel}","templated":true}]}}