{"id":202332,"date":"2024-08-18T18:50:10","date_gmt":"2024-08-18T16:50:10","guid":{"rendered":""},"modified":"2025-01-21T15:04:50","modified_gmt":"2025-01-21T13:04:50","slug":"prod_194735178766_sc97949","status":"publish","type":"product","link":"https:\/\/toystoys.md\/ru\/shop\/prod_194735178766_sc97949\/","title":{"rendered":"\u0418\u0433\u0440\u043e\u0432\u043e\u0439 \u043d\u0430\u0431\u043e\u0440 Color Revael \u2013 \u0420\u0443\u0441\u0430\u043b\u043a\u0430 Barbie MATTEL"},"content":{"rendered":"<p>\u041f\u043e\u0433\u0440\u0443\u0437\u0438\u0442\u0435\u0441\u044c \u0432 \u043c\u0438\u0440 \u0432\u043e\u043b\u0448\u0435\u0431\u0441\u0442\u0432\u0430 \u0441 \u043a\u0443\u043a\u043b\u043e\u0439 Barbie Color Reveal \u00ab\u0420\u0443\u0441\u0430\u043b\u043a\u0430\u00bb \u0441 6 \u0441\u044e\u0440\u043f\u0440\u0438\u0437\u0430\u043c\u0438 \u0432 \u043e\u0434\u043d\u043e\u0439 \u0443\u043f\u0430\u043a\u043e\u0432\u043a\u0435! \u042d\u0442\u0430 \u0443\u043d\u0438\u043a\u0430\u043b\u044c\u043d\u0430\u044f \u0441\u0435\u0440\u0438\u044f \u043f\u0440\u0435\u0434\u043b\u0430\u0433\u0430\u0435\u0442 \u0443\u0432\u043b\u0435\u043a\u0430\u0442\u0435\u043b\u044c\u043d\u043e\u0435 \u043e\u0442\u043a\u0440\u044b\u0442\u0438\u0435 \u0441 \u0438\u043d\u043d\u043e\u0432\u0430\u0446\u0438\u0435\u0439 Color Reveal. \u041d\u0430\u0447\u043d\u0438\u0442\u0435 \u0441 \u0443\u0434\u0430\u043b\u0435\u043d\u0438\u044f \u0432\u043d\u0435\u0448\u043d\u0435\u0433\u043e \u0441\u043b\u043e\u044f \u0443\u043f\u0430\u043a\u043e\u0432\u043a\u0438, \u0447\u0442\u043e\u0431\u044b \u043e\u0431\u043d\u0430\u0440\u0443\u0436\u0438\u0442\u044c \u0442\u0443\u0431\u0443 \u0441 \u043a\u0443\u043a\u043b\u043e\u0439, \u043f\u043e\u043a\u0440\u044b\u0442\u0443\u044e \u043c\u0435\u0440\u0446\u0430\u044e\u0449\u0438\u043c \u043c\u043e\u0440\u0441\u043a\u0438\u043c \u0441\u043f\u0440\u0435\u0435\u043c. \u0412\u043d\u0443\u0442\u0440\u0438 \u0432\u0430\u0441 \u0436\u0434\u0443\u0442 \u0441\u044e\u0440\u043f\u0440\u0438\u0437\u043d\u044b\u0435 \u043f\u0430\u043a\u0435\u0442\u0438\u043a\u0438 \u0441 \u0430\u043a\u0441\u0435\u0441\u0441\u0443\u0430\u0440\u0430\u043c\u0438!<\/p>\n<p>\u0420\u0430\u0441\u043a\u0440\u043e\u0439\u0442\u0435 \u043f\u0430\u043a\u0435\u0442\u0438\u043a\u0438, \u0447\u0442\u043e\u0431\u044b \u043d\u0430\u0439\u0442\u0438 \u0441\u0442\u0438\u043b\u044c\u043d\u044b\u0435 \u0430\u043a\u0441\u0435\u0441\u0441\u0443\u0430\u0440\u044b: \u0441\u044a\u0435\u043c\u043d\u044b\u0439 \u0445\u0432\u043e\u0441\u0442 \u0440\u0443\u0441\u0430\u043b\u043a\u0438, \u043e\u0436\u0435\u0440\u0435\u043b\u044c\u0435 \u0441 \u043c\u043e\u0440\u0441\u043a\u0438\u043c \u0448\u0430\u0440\u043c\u043e\u043c, \u043c\u0438\u043b\u0443\u044e \u043f\u043e\u0432\u044f\u0437\u043a\u0443 \u043d\u0430 \u0433\u043e\u043b\u043e\u0432\u0443 \u0438 \u0440\u0430\u0441\u0447\u0435\u0441\u043a\u0443 \u0432 \u0432\u0438\u0434\u0435 \u0440\u0430\u043a\u0443\u0448\u043a\u0438. \u0418\u0441\u043f\u043e\u043b\u044c\u0437\u0443\u0439\u0442\u0435 \u043b\u0435\u0434\u044f\u043d\u0443\u044e \u0438 \u0442\u0435\u043f\u043b\u0443\u044e \u0432\u043e\u0434\u0443, \u0447\u0442\u043e\u0431\u044b \u0438\u0437\u043c\u0435\u043d\u0438\u0442\u044c \u0446\u0432\u0435\u0442 \u0432\u043e\u043b\u043e\u0441 \u043a\u0443\u043a\u043b\u044b \u0438 \u043f\u043e\u043b\u0443\u0447\u0438\u0442\u044c \u043d\u0430\u0441\u0442\u043e\u044f\u0449\u0438\u0439 \u00ab\u0432\u0430\u0443\u00bb \u044d\u0444\u0444\u0435\u043a\u0442!<\/p>\n<p>\u041a\u0443\u043a\u043b\u044b Barbie Color Reveal \u00ab\u0420\u0443\u0441\u0430\u043b\u043a\u0430\u00bb \u0441\u0442\u0430\u043d\u0443\u0442 \u043e\u0442\u043b\u0438\u0447\u043d\u044b\u043c \u043f\u043e\u0434\u0430\u0440\u043a\u043e\u043c \u0434\u043b\u044f \u0434\u0435\u0442\u0435\u0439 \u043e\u0442 3 \u043b\u0435\u0442 \u0438 \u0441\u0442\u0430\u0440\u0448\u0435. \u0421\u043e\u0431\u0435\u0440\u0438\u0442\u0435 \u0438\u0445 \u0432\u0441\u0435, \u0447\u0442\u043e\u0431\u044b \u0441\u043e\u0437\u0434\u0430\u0442\u044c \u0435\u0449\u0435 \u0431\u043e\u043b\u044c\u0448\u0435 \u0441\u043a\u0430\u0437\u043e\u0447\u043d\u044b\u0445 \u0438\u0441\u0442\u043e\u0440\u0438\u0439 \u0438 \u0443\u0432\u043b\u0435\u043a\u0430\u0442\u0435\u043b\u044c\u043d\u044b\u0445 \u0441\u0442\u0438\u043b\u0438\u0437\u0430\u0446\u0438\u0439!<\/p>","protected":false},"excerpt":{"rendered":"<p>Descoperi\u021bi magia cu p\u0103pu\u0219a Barbie Color Reveal \u201eSirena\u201d cu 6 surprize \u00eentr-un singur pachet! Aceast\u0103 serie unic\u0103 ofer\u0103 o experien\u021b\u0103<\/p>","protected":false},"featured_media":202364,"comment_status":"closed","ping_status":"closed","template":"..\/public\/views\/revslider-page-template.php","meta":{"_monsterinsights_skip_tracking":false,"_monsterinsights_sitenote_active":false,"_monsterinsights_sitenote_note":"","_monsterinsights_sitenote_category":0},"product_brand":[],"product_cat":[55,1137,34,1117,1039,1523],"product_tag":[],"class_list":{"0":"post-202332","1":"product","2":"type-product","3":"status-publish","4":"has-post-thumbnail","6":"product_cat-toate-produsele","7":"product_cat-jucarii","8":"product_cat-papusi-casute","9":"product_cat-papusi-si-seturi","10":"product_cat-eroii","11":"product_cat-barbie-eroii","13":"first","14":"instock","15":"shipping-taxable","16":"purchasable","17":"product-type-simple"},"_links":{"self":[{"href":"https:\/\/toystoys.md\/ru\/wp-json\/wp\/v2\/product\/202332","targetHints":{"allow":["GET"]}}],"collection":[{"href":"https:\/\/toystoys.md\/ru\/wp-json\/wp\/v2\/product"}],"about":[{"href":"https:\/\/toystoys.md\/ru\/wp-json\/wp\/v2\/types\/product"}],"replies":[{"embeddable":true,"href":"https:\/\/toystoys.md\/ru\/wp-json\/wp\/v2\/comments?post=202332"}],"wp:featuredmedia":[{"embeddable":true,"href":"https:\/\/toystoys.md\/ru\/wp-json\/wp\/v2\/media\/202364"}],"wp:attachment":[{"href":"https:\/\/toystoys.md\/ru\/wp-json\/wp\/v2\/media?parent=202332"}],"wp:term":[{"taxonomy":"product_brand","embeddable":true,"href":"https:\/\/toystoys.md\/ru\/wp-json\/wp\/v2\/product_brand?post=202332"},{"taxonomy":"product_cat","embeddable":true,"href":"https:\/\/toystoys.md\/ru\/wp-json\/wp\/v2\/product_cat?post=202332"},{"taxonomy":"product_tag","embeddable":true,"href":"https:\/\/toystoys.md\/ru\/wp-json\/wp\/v2\/product_tag?post=202332"}],"curies":[{"name":"wp","href":"https:\/\/api.w.org\/{rel}","templated":true}]}}