{"id":202182,"date":"2024-08-18T00:05:57","date_gmt":"2024-08-17T22:05:57","guid":{"rendered":""},"modified":"2025-11-28T14:19:11","modified_gmt":"2025-11-28T12:19:11","slug":"prod_8711866277018_sc97866","status":"publish","type":"product","link":"https:\/\/toystoys.md\/ru\/shop\/prod_8711866277018_sc97866\/","title":{"rendered":"\u041f\u043b\u044e\u0448\u0435\u0432\u0430\u044f \u0441\u0443\u043c\u043e\u0447\u043a\u0430 \u0432 \u0430\u0441\u0441\u043e\u0440\u0442\u0438\u043c\u0435\u043d\u0442\u0435 JOHNTOY"},"content":{"rendered":"<p>\u041d\u0430\u043a\u0440\u0430\u0448\u0435\u043d\u043d\u044b\u0435 \u0433\u0443\u0431\u043a\u0438, \u0442\u0443\u0444\u0435\u043b\u044c\u043a\u0438 \u043d\u0430 \u043a\u0430\u0431\u043b\u0443\u043a\u0430\u0445, \u043a\u0440\u0430\u0441\u0438\u0432\u043e\u0435 \u0431\u043b\u0435\u0441\u0442\u044f\u0449\u0435\u0435 \u043f\u043b\u0430\u0442\u044c\u0435 \u2014 \u043a\u0430\u0436\u0434\u0430\u044f \u043c\u0430\u043b\u0435\u043d\u044c\u043a\u0430\u044f \u0434\u0435\u0432\u043e\u0447\u043a\u0430 \u0441\u0442\u0440\u0435\u043c\u0438\u0442\u0441\u044f \u043f\u043e\u0434\u0440\u0430\u0436\u0430\u0442\u044c \u0441\u0432\u043e\u0435\u0439 \u043c\u0430\u043c\u0435. \u0418, \u043a\u043e\u043d\u0435\u0447\u043d\u043e, \u0440\u0430\u043d\u043e \u0438\u043b\u0438 \u043f\u043e\u0437\u0434\u043d\u043e \u043a\u0440\u043e\u0445\u0430 \u043f\u043e\u043f\u0440\u043e\u0441\u0438\u0442 \u043a\u0443\u043f\u0438\u0442\u044c \u0441\u0443\u043c\u043e\u0447\u043a\u0443 \u043a\u0430\u043a \u0443 \u043c\u0430\u043c\u044b. \u0412\u044b\u0433\u043b\u044f\u0434\u044f\u0442 \u0442\u0430\u043a\u0438\u0435 \u043c\u0438\u043d\u0438-\u0436\u0435\u043d\u0449\u0438\u043d\u044b, \u043d\u0443, \u043e\u0447\u0435\u043d\u044c \u043c\u0438\u043b\u043e \u0438 \u0447\u0430\u0441\u0442\u043e \u0440\u043e\u0434\u0438\u0442\u0435\u043b\u0438 \u0441\u0430\u043c\u0438 \u0441\u0442\u0440\u0435\u043c\u044f\u0442\u0441\u044f \u043a\u0443\u043f\u0438\u0442\u044c \u043c\u0430\u043b\u044b\u0448\u043a\u0435 \u0435\u0451 \u043f\u0435\u0440\u0432\u044b\u0439 \u0430\u043a\u0441\u0435\u0441\u0441\u0443\u0430\u0440.<\/p>","protected":false},"excerpt":{"rendered":"<p>Buze vopsite, pantofi cu toc \u00eenalt, o rochie str\u0103lucitoare frumoas\u0103 &#8211; fiecare feti\u021b\u0103 se str\u0103duie\u0219te s\u0103-\u0219i imite mama. \u0218i, desigur,<\/p>","protected":false},"featured_media":202219,"comment_status":"closed","ping_status":"closed","template":"..\/public\/views\/revslider-page-template.php","meta":{"_monsterinsights_skip_tracking":false,"_monsterinsights_sitenote_active":false,"_monsterinsights_sitenote_note":"","_monsterinsights_sitenote_category":0},"product_brand":[],"product_cat":[1137,46,1557,55],"product_tag":[],"class_list":{"0":"post-202182","1":"product","2":"type-product","3":"status-publish","4":"has-post-thumbnail","6":"product_cat-jucarii","7":"product_cat-jucarii-de-plus","8":"product_cat-rucsacuri-si-genti","9":"product_cat-toate-produsele","11":"first","12":"outofstock","13":"shipping-taxable","14":"purchasable","15":"product-type-simple"},"_links":{"self":[{"href":"https:\/\/toystoys.md\/ru\/wp-json\/wp\/v2\/product\/202182","targetHints":{"allow":["GET"]}}],"collection":[{"href":"https:\/\/toystoys.md\/ru\/wp-json\/wp\/v2\/product"}],"about":[{"href":"https:\/\/toystoys.md\/ru\/wp-json\/wp\/v2\/types\/product"}],"replies":[{"embeddable":true,"href":"https:\/\/toystoys.md\/ru\/wp-json\/wp\/v2\/comments?post=202182"}],"wp:featuredmedia":[{"embeddable":true,"href":"https:\/\/toystoys.md\/ru\/wp-json\/wp\/v2\/media\/202219"}],"wp:attachment":[{"href":"https:\/\/toystoys.md\/ru\/wp-json\/wp\/v2\/media?parent=202182"}],"wp:term":[{"taxonomy":"product_brand","embeddable":true,"href":"https:\/\/toystoys.md\/ru\/wp-json\/wp\/v2\/product_brand?post=202182"},{"taxonomy":"product_cat","embeddable":true,"href":"https:\/\/toystoys.md\/ru\/wp-json\/wp\/v2\/product_cat?post=202182"},{"taxonomy":"product_tag","embeddable":true,"href":"https:\/\/toystoys.md\/ru\/wp-json\/wp\/v2\/product_tag?post=202182"}],"curies":[{"name":"wp","href":"https:\/\/api.w.org\/{rel}","templated":true}]}}