{"id":201968,"date":"2024-08-15T02:35:11","date_gmt":"2024-08-15T00:35:11","guid":{"rendered":""},"modified":"2026-01-22T09:48:36","modified_gmt":"2026-01-22T07:48:36","slug":"prod_5702017583174_sc97862","status":"publish","type":"product","link":"https:\/\/toystoys.md\/ru\/shop\/prod_5702017583174_sc97862\/","title":{"rendered":"\u0414\u0435\u0442\u0435\u043d\u044b\u0448 \u0411\u0430\u043c\u043f\u0438: \u0410\u043d\u043a\u0438\u043b\u043e\u0437\u0430\u0432\u0440 Jurassic World LEGO 76962"},"content":{"rendered":"<p>\u0412\u0434\u043e\u0445\u043d\u043e\u0432\u0438\u0442\u0435 \u043f\u043e\u043a\u043b\u043e\u043d\u043d\u0438\u043a\u043e\u0432 \u0441\u0435\u0440\u0438\u0438 \u00ab\u041f\u0430\u0440\u043a \u042e\u0440\u0441\u043a\u043e\u0433\u043e \u043f\u0435\u0440\u0438\u043e\u0434\u0430: \u041c\u0435\u043b\u043e\u0432\u043e\u0439 \u043b\u0430\u0433\u0435\u0440\u044c\u00bb \u0434\u0435\u0442\u0435\u043d\u044b\u0448\u0435\u043c \u0410\u043d\u043a\u0438\u043b\u043e\u0437\u0430\u0432\u0440\u0430 \u0411\u0430\u043c\u043f\u0438 (76962) \u0434\u043b\u044f \u0438\u0433\u0440\u044b \u0438 \u0443\u043a\u0440\u0430\u0448\u0435\u043d\u0438\u044f. \u0421\u043d\u0430\u0447\u0430\u043b\u0430 \u043b\u044e\u0431\u0438\u0442\u0435\u043b\u0438 \u0434\u0438\u043d\u043e\u0437\u0430\u0432\u0440\u043e\u0432 \u0432 \u0432\u043e\u0437\u0440\u0430\u0441\u0442\u0435 \u043e\u0442 \u0441\u0435\u043c\u0438 \u043b\u0435\u0442 \u0438 \u0441\u0442\u0430\u0440\u0448\u0435 \u0441\u043e\u0431\u0435\u0440\u0443\u0442 \u044d\u0442\u043e\u0442 \u043d\u0430\u0431\u043e\u0440 LEGO Jurassic World, \u0430 \u0437\u0430\u0442\u0435\u043c \u0432\u0435\u0441\u0435\u043b\u043e \u043f\u0440\u043e\u0432\u0435\u0434\u0443\u0442 \u0432\u0440\u0435\u043c\u044f \u0441 \u043c\u0430\u043b\u0435\u043d\u044c\u043a\u0438\u043c \u0411\u0430\u043c\u043f\u0438. \u0423 \u0441\u0431\u043e\u0440\u043d\u043e\u0439 \u0444\u0438\u0433\u0443\u0440\u043a\u0438 \u0434\u0438\u043d\u043e\u0437\u0430\u0432\u0440\u0430 \u0435\u0441\u0442\u044c \u043e\u0442\u043a\u0440\u044b\u0432\u0430\u044e\u0449\u0430\u044f\u0441\u044f \u043f\u0430\u0441\u0442\u044c, \u043f\u043e\u0434\u0432\u0438\u0436\u043d\u044b\u0439 \u0445\u0432\u043e\u0441\u0442, \u043a\u043e\u0442\u043e\u0440\u044b\u0439 \u0434\u0432\u0438\u0436\u0435\u0442\u0441\u044f \u0432\u043c\u0435\u0441\u0442\u0435 \u0441 \u0433\u043e\u043b\u043e\u0432\u043e\u0439, \u0438 \u043f\u043e\u0434\u0432\u0438\u0436\u043d\u044b\u0435 \u043d\u043e\u0433\u0438. \u0410\u043a\u0441\u0435\u0441\u0441\u0443\u0430\u0440\u044b \u0432\u043a\u043b\u044e\u0447\u0430\u044e\u0442 \u043e\u0432\u043e\u0449\u0438. \u041f\u043e\u0441\u043b\u0435 \u0438\u0433\u0440\u044b \u0440\u0430\u0437\u043c\u0435\u0449\u0430\u0439\u0442\u0435 \u0434\u0438\u043d\u043e\u0437\u0430\u0432\u0440\u0430 \u0432 \u0440\u0430\u0437\u043b\u0438\u0447\u043d\u044b\u0445 \u0434\u0438\u043d\u0430\u043c\u0438\u0447\u043d\u044b\u0445 \u043f\u043e\u0437\u0430\u0445 \u043d\u0430 \u043f\u043e\u043b\u043a\u0435 \u0438\u043b\u0438 \u0441\u0442\u043e\u043b\u0435.<\/p>\n<p>\u042d\u0442\u0443 \u043a\u0440\u0435\u0430\u0442\u0438\u0432\u043d\u0443\u044e \u0434\u0435\u0442\u0441\u043a\u0443\u044e \u0438\u0433\u0440\u0443\u0448\u043a\u0443 \u043c\u043e\u0436\u043d\u043e \u043a\u043e\u043c\u0431\u0438\u043d\u0438\u0440\u043e\u0432\u0430\u0442\u044c \u0441 \u0440\u0430\u0437\u043b\u0438\u0447\u043d\u044b\u043c\u0438 \u043c\u043e\u0434\u0435\u043b\u044f\u043c\u0438 LEGO Jurassic World (\u043f\u0440\u043e\u0434\u0430\u044e\u0442\u0441\u044f \u043e\u0442\u0434\u0435\u043b\u044c\u043d\u043e), \u0447\u0442\u043e\u0431\u044b \u0434\u0435\u0442\u0438 \u043c\u043e\u0433\u043b\u0438 \u0432\u043e\u0441\u0441\u043e\u0437\u0434\u0430\u0442\u044c \u0437\u043d\u0430\u043c\u0435\u043d\u0438\u0442\u044b\u0435 \u0441\u0446\u0435\u043d\u044b \u0438\u0437 \u043c\u0443\u043b\u044c\u0442\u0441\u0435\u0440\u0438\u0430\u043b\u0430 \u0438\u043b\u0438 \u043f\u0440\u043e\u0441\u0442\u043e \u0441\u043e\u0431\u0440\u0430\u0442\u044c \u0444\u0438\u0433\u0443\u0440\u043a\u0443 \u0438 \u043f\u0440\u043e\u0434\u0435\u043c\u043e\u043d\u0441\u0442\u0440\u0438\u0440\u043e\u0432\u0430\u0442\u044c \u0441\u0432\u043e\u044e \u0441\u0442\u0440\u0430\u0441\u0442\u044c. \u041d\u0430\u0431\u043e\u0440 \u0438\u043c\u0435\u0435\u0442 \u043a\u043e\u043c\u043f\u0430\u043a\u0442\u043d\u044b\u0435 \u0440\u0430\u0437\u043c\u0435\u0440\u044b, \u043f\u043e\u044d\u0442\u043e\u043c\u0443 \u0438\u0433\u0440\u0443\u0448\u043a\u0443 \u043c\u043e\u0436\u043d\u043e \u0432\u0437\u044f\u0442\u044c \u0441 \u0441\u043e\u0431\u043e\u0439 \u0438 \u0438\u0433\u0440\u0430\u0442\u044c \u0433\u0434\u0435 \u0443\u0433\u043e\u0434\u043d\u043e.<\/p>","protected":false},"excerpt":{"rendered":"<p>Inspir\u0103 fanii serialului TV Camp Cretaceaous cu juc\u0103ria Baby Bumpy: Ankylosaurus dinosaur (76962), plin\u0103 de posibilt\u0103\u021bi aventuroase de jucat-\u0219i-etalat. Pentru<\/p>","protected":false},"featured_media":201978,"comment_status":"closed","ping_status":"closed","template":"..\/public\/views\/revslider-page-template.php","meta":{"_monsterinsights_skip_tracking":false,"_monsterinsights_sitenote_active":false,"_monsterinsights_sitenote_note":"","_monsterinsights_sitenote_category":0},"product_brand":[],"product_cat":[55,288,300],"product_tag":[1914],"class_list":{"0":"post-201968","1":"product","2":"type-product","3":"status-publish","4":"has-post-thumbnail","6":"product_cat-toate-produsele","7":"product_cat-lego","8":"product_cat-lego-jurassic-world","9":"product_tag-lego-30","11":"first","12":"instock","13":"shipping-taxable","14":"purchasable","15":"product-type-simple"},"_links":{"self":[{"href":"https:\/\/toystoys.md\/ru\/wp-json\/wp\/v2\/product\/201968","targetHints":{"allow":["GET"]}}],"collection":[{"href":"https:\/\/toystoys.md\/ru\/wp-json\/wp\/v2\/product"}],"about":[{"href":"https:\/\/toystoys.md\/ru\/wp-json\/wp\/v2\/types\/product"}],"replies":[{"embeddable":true,"href":"https:\/\/toystoys.md\/ru\/wp-json\/wp\/v2\/comments?post=201968"}],"wp:featuredmedia":[{"embeddable":true,"href":"https:\/\/toystoys.md\/ru\/wp-json\/wp\/v2\/media\/201978"}],"wp:attachment":[{"href":"https:\/\/toystoys.md\/ru\/wp-json\/wp\/v2\/media?parent=201968"}],"wp:term":[{"taxonomy":"product_brand","embeddable":true,"href":"https:\/\/toystoys.md\/ru\/wp-json\/wp\/v2\/product_brand?post=201968"},{"taxonomy":"product_cat","embeddable":true,"href":"https:\/\/toystoys.md\/ru\/wp-json\/wp\/v2\/product_cat?post=201968"},{"taxonomy":"product_tag","embeddable":true,"href":"https:\/\/toystoys.md\/ru\/wp-json\/wp\/v2\/product_tag?post=201968"}],"curies":[{"name":"wp","href":"https:\/\/api.w.org\/{rel}","templated":true}]}}