{"id":201523,"date":"2024-08-12T09:35:08","date_gmt":"2024-08-12T07:35:08","guid":{"rendered":""},"modified":"2024-08-13T08:37:06","modified_gmt":"2024-08-13T06:37:06","slug":"prod_6900007339858_sc97765","status":"publish","type":"product","link":"https:\/\/toystoys.md\/ru\/shop\/prod_6900007339858_sc97765\/","title":{"rendered":"\u0424\u0438\u0433\u0443\u0440\u043a\u0430 \u0441 \u0430\u0440\u0442\u0438\u043a\u0443\u043b\u044f\u0446\u0438\u0435\u0439 \u0413\u0438\u0433\u0430\u043d\u0442 \u041b\u0435\u043e\u043d\u0430\u0440\u0434\u043e 30 \u0441\u043c \u0427\u0435\u0440\u0435\u043f\u0430\u0448\u043a\u0438 \u041d\u0438\u043d\u0434\u0437\u044f \u0441\u0435\u0440\u0438\u044f Movie III TMNT"},"content":{"rendered":"<p>\u0424\u0438\u0433\u0443\u0440\u043a\u0430 \u0441 \u0430\u0440\u0442\u0438\u043a\u0443\u043b\u044f\u0446\u0438\u0435\u0439 TMNT \u0427\u0435\u0440\u0435\u043f\u0430\u0448\u043a\u0438-\u043d\u0438\u043d\u0434\u0437\u044f \u0413\u0438\u0433\u0430\u043d\u0442 \u041b\u0435\u043e\u043d\u0430\u0440\u0434\u043e \u044d\u0442\u043e \u0434\u0435\u0442\u0430\u043b\u044c\u043d\u0430\u044f \u0444\u0438\u0433\u0443\u0440\u043a\u0430, \u0438\u0437\u043e\u0431\u0440\u0430\u0436\u0430\u044e\u0449\u0430\u044f \u043f\u0435\u0440\u0441\u043e\u043d\u0430\u0436\u0430 \u0413\u0438\u0433\u0430\u043d\u0442\u0430 \u041b\u0435\u043e\u043d\u0430\u0440\u0434\u043e \u0438\u0437 \u0432\u0441\u0435\u043b\u0435\u043d\u043d\u043e\u0439 \u0427\u0435\u0440\u0435\u043f\u0430\u0448\u0435\u043a-\u043d\u0438\u043d\u0434\u0437\u044f. \u042d\u0442\u0430 \u0444\u0438\u0433\u0443\u0440\u043a\u0430 \u0438\u043c\u0435\u0435\u0442 \u0432\u043f\u0435\u0447\u0430\u0442\u043b\u044f\u044e\u0449\u0443\u044e \u0432\u044b\u0441\u043e\u0442\u0443 \u0432 30 \u0441\u0430\u043d\u0442\u0438\u043c\u0435\u0442\u0440\u043e\u0432 \u0438 \u043e\u0431\u043e\u0440\u0443\u0434\u043e\u0432\u0430\u043d\u0430 \u0430\u0440\u0442\u0438\u043a\u0443\u043b\u044f\u0446\u0438\u0435\u0439, \u043a\u043e\u0442\u043e\u0440\u0430\u044f \u043f\u043e\u0437\u0432\u043e\u043b\u044f\u0435\u0442 \u0435\u0439 \u0434\u0432\u0438\u0433\u0430\u0442\u044c\u0441\u044f \u0438 \u0441\u043e\u0437\u0434\u0430\u0432\u0430\u0442\u044c \u0440\u0430\u0437\u043d\u044b\u0435 \u043f\u043e\u0437\u044b \u0438 \u0441\u0446\u0435\u043d\u044b \u0434\u0435\u0439\u0441\u0442\u0432\u0438\u044f.<\/p>\n<p>\u041b\u0435\u043e\u043d\u0430\u0440\u0434\u043e \u043e\u0434\u0438\u043d \u0438\u0437 \u0447\u0435\u0442\u044b\u0440\u0435\u0445 \u0427\u0435\u0440\u0435\u043f\u0430\u0448\u0435\u043a-\u043d\u0438\u043d\u0434\u0437\u044f \u0438 \u044f\u0432\u043b\u044f\u0435\u0442\u0441\u044f \u043b\u0438\u0434\u0435\u0440\u043e\u043c \u0433\u0440\u0443\u043f\u043f\u044b. \u042d\u0442\u0430 \u0444\u0438\u0433\u0443\u0440\u043a\u0430 \u0442\u043e\u0447\u043d\u043e \u043f\u0435\u0440\u0435\u0434\u0430\u0435\u0442 \u0445\u0430\u0440\u0430\u043a\u0442\u0435\u0440\u043d\u044b\u0439 \u043e\u0431\u043b\u0438\u043a \u044d\u0442\u043e\u0433\u043e \u043f\u0435\u0440\u0441\u043e\u043d\u0430\u0436\u0430, \u0432\u043a\u043b\u044e\u0447\u0430\u044f \u0435\u0433\u043e \u043e\u0447\u043a\u0438, \u043c\u0435\u0447 \u0438 \u0441\u0438\u043d\u0438\u0439 \u043f\u043b\u0430\u0449. \u041e\u043d\u0430 \u043f\u043e\u0434\u0445\u043e\u0434\u0438\u0442 \u0434\u043b\u044f \u043a\u043e\u043b\u043b\u0435\u043a\u0446\u0438\u043e\u043d\u0435\u0440\u043e\u0432 \u0438 \u043f\u043e\u043a\u043b\u043e\u043d\u043d\u0438\u043a\u043e\u0432 \u0427\u0435\u0440\u0435\u043f\u0430\u0448\u0435\u043a-\u043d\u0438\u043d\u0434\u0437\u044f, \u043a\u043e\u0442\u043e\u0440\u044b\u0435 \u0445\u043e\u0442\u044f\u0442 \u0434\u043e\u0431\u0430\u0432\u0438\u0442\u044c \u044d\u0442\u043e\u0433\u043e \u0437\u043d\u0430\u043a\u043e\u0432\u043e\u0433\u043e \u043f\u0435\u0440\u0441\u043e\u043d\u0430\u0436\u0430 \u0432 \u0441\u0432\u043e\u044e \u043a\u043e\u043b\u043b\u0435\u043a\u0446\u0438\u044e.<\/p>","protected":false},"excerpt":{"rendered":"<p>Figurina cu articula\u021bii TMNT Testoasele Ninja Giant Leonardo este o figurin\u0103 detaliat\u0103 reprezent\u00e2nd personajul Giant Leonardo din universul Testoasele Ninja.<\/p>","protected":false},"featured_media":201525,"comment_status":"closed","ping_status":"closed","template":"..\/public\/views\/revslider-page-template.php","meta":{"_monsterinsights_skip_tracking":false,"_monsterinsights_sitenote_active":false,"_monsterinsights_sitenote_note":"","_monsterinsights_sitenote_category":0},"product_brand":[],"product_cat":[1615,55,1137,35,1077],"product_tag":[],"class_list":{"0":"post-201523","1":"product","2":"type-product","3":"status-publish","4":"has-post-thumbnail","6":"product_cat-personaje-figuri-si-seturi","7":"product_cat-toate-produsele","8":"product_cat-jucarii","9":"product_cat-roboti-si-figurine","10":"product_cat-teenage-mutant-ninja-turtles-tmnt","12":"first","13":"instock","14":"shipping-taxable","15":"purchasable","16":"product-type-simple"},"_links":{"self":[{"href":"https:\/\/toystoys.md\/ru\/wp-json\/wp\/v2\/product\/201523","targetHints":{"allow":["GET"]}}],"collection":[{"href":"https:\/\/toystoys.md\/ru\/wp-json\/wp\/v2\/product"}],"about":[{"href":"https:\/\/toystoys.md\/ru\/wp-json\/wp\/v2\/types\/product"}],"replies":[{"embeddable":true,"href":"https:\/\/toystoys.md\/ru\/wp-json\/wp\/v2\/comments?post=201523"}],"wp:featuredmedia":[{"embeddable":true,"href":"https:\/\/toystoys.md\/ru\/wp-json\/wp\/v2\/media\/201525"}],"wp:attachment":[{"href":"https:\/\/toystoys.md\/ru\/wp-json\/wp\/v2\/media?parent=201523"}],"wp:term":[{"taxonomy":"product_brand","embeddable":true,"href":"https:\/\/toystoys.md\/ru\/wp-json\/wp\/v2\/product_brand?post=201523"},{"taxonomy":"product_cat","embeddable":true,"href":"https:\/\/toystoys.md\/ru\/wp-json\/wp\/v2\/product_cat?post=201523"},{"taxonomy":"product_tag","embeddable":true,"href":"https:\/\/toystoys.md\/ru\/wp-json\/wp\/v2\/product_tag?post=201523"}],"curies":[{"name":"wp","href":"https:\/\/api.w.org\/{rel}","templated":true}]}}