{"id":199721,"date":"2024-08-01T00:00:50","date_gmt":"2024-07-31T22:00:50","guid":{"rendered":""},"modified":"2026-03-12T14:57:18","modified_gmt":"2026-03-12T12:57:18","slug":"prod_5702017595641_sc97016","status":"publish","type":"product","link":"https:\/\/toystoys.md\/ru\/shop\/prod_5702017595641_sc97016\/","title":{"rendered":"\u041f\u0440\u0438\u043a\u043b\u044e\u0447\u0435\u043d\u0438\u044f \u0441 \u0438\u043d\u0442\u0435\u0440\u0430\u043a\u0442\u0438\u0432\u043d\u044b\u043c \u041b\u0443\u0438\u0434\u0436\u0438 Super Mario LEGO 71440"},"content":{"rendered":"<p>\u041d\u0430\u0441\u043b\u0430\u0436\u0434\u0430\u0439\u0442\u0435\u0441\u044c \u0432\u0435\u0441\u0435\u043b\u044b\u043c\u0438 \u043f\u0440\u0438\u043a\u043b\u044e\u0447\u0435\u043d\u0438\u044f\u043c\u0438 \u0432 \u0441\u0430\u0434\u0443 \u0441 \u0438\u043d\u0442\u0435\u0440\u0430\u043a\u0442\u0438\u0432\u043d\u044b\u043c \u041b\u0415\u0413\u041e \u041b\u0443\u0438\u0434\u0436\u0438 \u0432 \u044d\u0442\u043e\u043c \u0438\u0433\u0440\u043e\u0432\u043e\u043c \u043d\u0430\u0431\u043e\u0440\u0435 LEGO Super Mario \u0434\u043b\u044f \u0434\u0435\u0442\u0435\u0439 (71440). \u0412 \u043d\u0430\u0431\u043e\u0440 \u0432\u0445\u043e\u0434\u0438\u0442 \u0438\u043d\u0442\u0435\u0440\u0430\u043a\u0442\u0438\u0432\u043d\u0430\u044f \u0444\u0438\u0433\u0443\u0440\u043a\u0430 \u041b\u0443\u0438\u0434\u0436\u0438 LEGO, \u0430 \u0442\u0430\u043a\u0436\u0435 \u041a\u0430\u043c\u0435\u043a, \u0420\u043e\u0437\u043e\u0432\u044b\u0439 \u043c\u0430\u043b\u044b\u0448 \u0419\u043e\u0448\u0438 \u0438 \u0411\u0443. \u042d\u0442\u043e \u043f\u043e\u0442\u0440\u044f\u0441\u0430\u044e\u0449\u0438\u0439 \u043f\u043e\u0434\u0430\u0440\u043e\u043a Nintendo\u00ae \u0434\u043b\u044f \u043c\u0430\u043b\u044c\u0447\u0438\u043a\u043e\u0432, \u0434\u0435\u0432\u043e\u0447\u0435\u043a \u0438 \u0433\u0435\u0439\u043c\u0435\u0440\u043e\u0432 \u043e\u0442 6 \u043b\u0435\u0442 \u0438 \u0441\u0442\u0430\u0440\u0448\u0435. \u041f\u0443\u0442\u0435\u0448\u0435\u0441\u0442\u0432\u0443\u0439\u0442\u0435 \u043e\u0442 \u0441\u0442\u0430\u0440\u0442\u043e\u0432\u043e\u0439 \u0442\u0440\u0443\u0431\u044b \u0434\u043e \u0448\u0435\u0441\u0442\u0430 \u0432\u043e\u0440\u043e\u0442, \u0438\u0441\u043f\u043e\u043b\u044c\u0437\u0443\u044f \u0442\u0440\u0438 \u0441\u0430\u0434\u043e\u0432\u044b\u0435 \u043f\u043e\u0441\u0442\u0440\u043e\u0439\u043a\u0438, \u0432\u044b\u0437\u044b\u0432\u0430\u044f \u0446\u0438\u0444\u0440\u043e\u0432\u044b\u0435 \u0440\u0435\u0430\u043a\u0446\u0438\u0438 \u041b\u0443\u0438\u0434\u0436\u0438 LEGO \u0438 \u0441\u043e\u0431\u0438\u0440\u0430\u044f \u043f\u043e \u043f\u0443\u0442\u0438 \u043c\u043e\u043d\u0435\u0442\u044b. \u041f\u043e\u043f\u0440\u0438\u0432\u0435\u0442\u0441\u0442\u0432\u0443\u0439\u0442\u0435 \u0420\u043e\u0437\u043e\u0432\u043e\u0433\u043e \u041c\u0430\u043b\u044b\u0448\u0430 \u0419\u043e\u0448\u0438 \u0438 \u0432\u043e\u0437\u044c\u043c\u0438\u0442\u0435 \u043d\u0435\u0441\u043a\u043e\u043b\u044c\u043a\u043e \u0438\u043d\u0441\u0442\u0440\u0443\u043c\u0435\u043d\u0442\u043e\u0432. \u041f\u043e\u0431\u0435\u0434\u0438\u0442\u0435 \u0411\u0443, \u043f\u0440\u044f\u0447\u0443\u0449\u0435\u0433\u043e\u0441\u044f \u043d\u0430 \u0434\u0435\u0440\u0435\u0432\u0435, \u0438 \u00ab\u0441\u044a\u0435\u0448\u044c\u0442\u0435\u00bb \u043f\u043b\u043e\u0434. \u041d\u0430\u0441\u0442\u0443\u043f\u0438\u0442\u0435 \u043d\u0430 \u0413\u0440\u0438\u0431\u043d\u0443\u044e \u043f\u043b\u0430\u0442\u0444\u043e\u0440\u043c\u0443, \u0447\u0442\u043e\u0431\u044b \u0441\u0432\u0430\u043b\u0438\u0442\u044c \u041a\u0430\u043c\u0435\u043a\u0430 \u0438 \u0443\u043b\u0435\u0442\u0435\u0442\u044c \u043d\u0430 \u043c\u0435\u0442\u043b\u0435 \u041a\u0430\u043c\u0435\u043a\u0430.<\/p>\n<p>\u0418\u043d\u0441\u0442\u0440\u0443\u043a\u0446\u0438\u0438 \u043f\u043e \u0441\u0431\u043e\u0440\u043a\u0435 \u0432\u044b \u043d\u0430\u0439\u0434\u0435\u0442\u0435 \u0432 \u043a\u043e\u0440\u043e\u0431\u043a\u0435 \u0438\u043b\u0438 \u0432 \u043f\u0440\u0438\u043b\u043e\u0436\u0435\u043d\u0438\u0438 LEGO Super Mario, \u043a\u043e\u0442\u043e\u0440\u043e\u0435 \u0442\u0430\u043a\u0436\u0435 \u043f\u0440\u0435\u0434\u043b\u0430\u0433\u0430\u0435\u0442 \u043f\u043e\u043b\u0435\u0437\u043d\u044b\u0435 \u0441\u043e\u0432\u0435\u0442\u044b \u043e \u0442\u043e\u043c, \u043a\u0430\u043a \u0441\u043e\u0431\u0438\u0440\u0430\u0442\u044c \u0438 \u0438\u0433\u0440\u0430\u0442\u044c, \u0430 \u0442\u0430\u043a\u0436\u0435 \u043f\u0440\u0435\u0434\u0441\u0442\u0430\u0432\u043b\u044f\u0435\u0442 \u0441\u043e\u0431\u043e\u0439 \u0431\u0435\u0437\u043e\u043f\u0430\u0441\u043d\u0443\u044e \u043f\u043b\u0430\u0442\u0444\u043e\u0440\u043c\u0443, \u0433\u0434\u0435 \u0434\u0435\u0442\u0438 \u043c\u043e\u0433\u0443\u0442 \u0434\u0435\u043b\u0438\u0442\u044c\u0441\u044f \u0441\u0432\u043e\u0438\u043c\u0438 \u0442\u0432\u043e\u0440\u0435\u043d\u0438\u044f\u043c\u0438.<\/p>\n<p>\u0427\u0442\u043e\u0431\u044b \u043f\u043e\u043b\u0443\u0447\u0438\u0442\u044c \u0434\u043e\u043f\u043e\u043b\u043d\u0438\u0442\u0435\u043b\u044c\u043d\u044b\u0435 \u0438\u0433\u0440\u043e\u0432\u044b\u0435 \u0432\u043e\u0437\u043c\u043e\u0436\u043d\u043e\u0441\u0442\u0438 \u0438 \u0441\u043e\u0437\u0434\u0430\u0442\u044c \u0443\u043d\u0438\u043a\u0430\u043b\u044c\u043d\u044b\u0435 \u0443\u0440\u043e\u0432\u043d\u0438, \u043e\u0431\u044a\u0435\u0434\u0438\u043d\u0438\u0442\u0435 \u0441\u0431\u043e\u0440\u043a\u0438 \u0438 \u043f\u0435\u0440\u0441\u043e\u043d\u0430\u0436\u0435\u0439 \u0438\u0437 \u044d\u0442\u043e\u0433\u043e \u043d\u0430\u0431\u043e\u0440\u0430 \u0441 \u0434\u0440\u0443\u0433\u0438\u043c\u0438 \u043c\u043e\u0434\u0435\u043b\u044f\u043c\u0438 \u0438\u0437 \u043e\u0431\u0448\u0438\u0440\u043d\u043e\u0439 \u043a\u043e\u043b\u043b\u0435\u043a\u0446\u0438\u0438 LEGO Super Mario.<\/p>","protected":false},"excerpt":{"rendered":"<p>Porne\u015fte \u00een aventuri distractive de explorare a gr\u0103dinii cu LEGO\u00ae Luigi\u2122 interactiv din acest set LEGO\u00ae Super Mario\u2122 pentru copii<\/p>","protected":false},"featured_media":199774,"comment_status":"closed","ping_status":"closed","template":"","meta":{"_monsterinsights_skip_tracking":false,"_monsterinsights_sitenote_active":false,"_monsterinsights_sitenote_note":"","_monsterinsights_sitenote_category":0},"product_brand":[],"product_cat":[55,1137,288,808],"product_tag":[1914],"class_list":{"0":"post-199721","1":"product","2":"type-product","3":"status-publish","4":"has-post-thumbnail","6":"product_cat-toate-produsele","7":"product_cat-jucarii","8":"product_cat-lego","9":"product_cat-lego-super-mario","10":"product_tag-lego-30","12":"first","13":"instock","14":"shipping-taxable","15":"purchasable","16":"product-type-simple"},"_links":{"self":[{"href":"https:\/\/toystoys.md\/ru\/wp-json\/wp\/v2\/product\/199721","targetHints":{"allow":["GET"]}}],"collection":[{"href":"https:\/\/toystoys.md\/ru\/wp-json\/wp\/v2\/product"}],"about":[{"href":"https:\/\/toystoys.md\/ru\/wp-json\/wp\/v2\/types\/product"}],"replies":[{"embeddable":true,"href":"https:\/\/toystoys.md\/ru\/wp-json\/wp\/v2\/comments?post=199721"}],"wp:featuredmedia":[{"embeddable":true,"href":"https:\/\/toystoys.md\/ru\/wp-json\/wp\/v2\/media\/199774"}],"wp:attachment":[{"href":"https:\/\/toystoys.md\/ru\/wp-json\/wp\/v2\/media?parent=199721"}],"wp:term":[{"taxonomy":"product_brand","embeddable":true,"href":"https:\/\/toystoys.md\/ru\/wp-json\/wp\/v2\/product_brand?post=199721"},{"taxonomy":"product_cat","embeddable":true,"href":"https:\/\/toystoys.md\/ru\/wp-json\/wp\/v2\/product_cat?post=199721"},{"taxonomy":"product_tag","embeddable":true,"href":"https:\/\/toystoys.md\/ru\/wp-json\/wp\/v2\/product_tag?post=199721"}],"curies":[{"name":"wp","href":"https:\/\/api.w.org\/{rel}","templated":true}]}}