{"id":199676,"date":"2024-08-01T00:00:33","date_gmt":"2024-07-31T22:00:33","guid":{"rendered":""},"modified":"2026-01-20T12:23:37","modified_gmt":"2026-01-20T10:23:37","slug":"prod_4009847067227_sc97140","status":"publish","type":"product","link":"https:\/\/toystoys.md\/ru\/shop\/prod_4009847067227_sc97140\/","title":{"rendered":"\u041a\u043e\u043c\u043f\u043b\u0435\u043a\u0442 Vileda - \u043d\u0430\u0431\u043e\u0440 \u0448\u0432\u0430\u0431\u0440\u044b \u0441 \u0432\u0435\u0434\u0440\u043e\u043c \u0438 \u043e\u0442\u0436\u0438\u043c\u043d\u043e\u0439 \u043c\u0430\u0448\u0438\u043d\u043e\u0439 KLEIN"},"content":{"rendered":"<p>\u041f\u043e\u043c\u043e\u0433\u0438 \u043c\u0430\u043c\u0435 \u0432\u044b\u043c\u044b\u0442\u044c \u043f\u043e\u043b \u0432 \u0441\u0432\u043e\u0435\u0439 \u043a\u043e\u043c\u043d\u0430\u0442\u0435. \u0418\u0441\u043f\u043e\u043b\u044c\u0437\u0443\u044f \u043d\u0430\u0431\u043e\u0440 \u0434\u043b\u044f \u0443\u0431\u043e\u0440\u043a\u0438 Vileda, \u0432\u044b \u0431\u044b\u0441\u0442\u0440\u043e \u043f\u0440\u0438\u0432\u044b\u043a\u043d\u0435\u0442\u0435 \u043a \u0434\u043e\u043c\u0430\u0448\u043d\u0438\u043c \u0434\u0435\u043b\u0430\u043c, \u0430 \u043a\u043e\u0433\u0434\u0430 \u0432\u044b \u0441\u0442\u0430\u043d\u0435\u0442\u0435 \u0432\u0437\u0440\u043e\u0441\u043b\u044b\u043c\u0438 \u043d\u0435 \u0441\u043e\u0437\u0434\u0430\u0441\u0442 \u043f\u0440\u043e\u0431\u043b\u0435\u043c \u0441 \u043f\u043e\u0434\u0434\u0435\u0440\u0436\u0430\u043d\u0438\u0435\u043c \u0447\u0438\u0441\u0442\u043e\u0442\u044b \u0432 \u0434\u043e\u043c\u0435.<\/p>","protected":false},"excerpt":{"rendered":"<p>Ajut\u0103-l pe mama ta \u015fi \u015fterge pe jos \u00een camera ta. Folosind setul de cur\u0103\u0163enie Vileda vei obi\u015fnui repede cu<\/p>","protected":false},"featured_media":199691,"comment_status":"closed","ping_status":"closed","template":"","meta":{"_monsterinsights_skip_tracking":false,"_monsterinsights_sitenote_active":false,"_monsterinsights_sitenote_note":"","_monsterinsights_sitenote_category":0},"product_brand":[],"product_cat":[1137,45,55,1125],"product_tag":[],"class_list":{"0":"post-199676","1":"product","2":"type-product","3":"status-publish","4":"has-post-thumbnail","6":"product_cat-jucarii","7":"product_cat-jucarii-pe-tematici","8":"product_cat-toate-produsele","9":"product_cat-totul-pentru-curatare","11":"first","12":"instock","13":"shipping-taxable","14":"purchasable","15":"product-type-simple"},"_links":{"self":[{"href":"https:\/\/toystoys.md\/ru\/wp-json\/wp\/v2\/product\/199676","targetHints":{"allow":["GET"]}}],"collection":[{"href":"https:\/\/toystoys.md\/ru\/wp-json\/wp\/v2\/product"}],"about":[{"href":"https:\/\/toystoys.md\/ru\/wp-json\/wp\/v2\/types\/product"}],"replies":[{"embeddable":true,"href":"https:\/\/toystoys.md\/ru\/wp-json\/wp\/v2\/comments?post=199676"}],"wp:featuredmedia":[{"embeddable":true,"href":"https:\/\/toystoys.md\/ru\/wp-json\/wp\/v2\/media\/199691"}],"wp:attachment":[{"href":"https:\/\/toystoys.md\/ru\/wp-json\/wp\/v2\/media?parent=199676"}],"wp:term":[{"taxonomy":"product_brand","embeddable":true,"href":"https:\/\/toystoys.md\/ru\/wp-json\/wp\/v2\/product_brand?post=199676"},{"taxonomy":"product_cat","embeddable":true,"href":"https:\/\/toystoys.md\/ru\/wp-json\/wp\/v2\/product_cat?post=199676"},{"taxonomy":"product_tag","embeddable":true,"href":"https:\/\/toystoys.md\/ru\/wp-json\/wp\/v2\/product_tag?post=199676"}],"curies":[{"name":"wp","href":"https:\/\/api.w.org\/{rel}","templated":true}]}}