{"id":199675,"date":"2024-08-01T00:00:29","date_gmt":"2024-07-31T22:00:29","guid":{"rendered":""},"modified":"2026-01-20T12:19:15","modified_gmt":"2026-01-20T10:19:15","slug":"prod_4009847067449_sc97147","status":"publish","type":"product","link":"https:\/\/toystoys.md\/ru\/shop\/prod_4009847067449_sc97147\/","title":{"rendered":"\u041a\u043e\u043c\u043f\u043b\u0435\u043a\u0442 Vileda \u0441\u043e\u0432\u043e\u043a \u0438 \u043c\u0435\u0442\u043b\u0430 KLEIN"},"content":{"rendered":"<p>- \u0412\u044b\u0441\u043e\u0442\u0430 \u0441\u043e\u0432\u043a\u0430 \u0441 \u0440\u0443\u0447\u043a\u043e\u0439: \u043e\u043a\u043e\u043b\u043e 56 \u0441\u043c.<br \/>\n- \u0412\u044b\u0441\u043e\u0442\u0430 \u043c\u0435\u0442\u043b\u044b: \u043f\u0440\u0438\u043c\u0435\u0440\u043d\u043e 55,5 \u0441\u043c.<br \/>\n- \u0421\u043e\u0432\u043e\u043a \u0438 \u043c\u0435\u0442\u043b\u0430 \u0441 \u0440\u0443\u0447\u043a\u043e\u0439 \u0432 \u200b\u200b\u0434\u0438\u0437\u0430\u0439\u043d\u0435 Vileda.<br \/>\n- \u041f\u043e\u0434\u0445\u043e\u0434\u0438\u0442 \u0434\u043b\u044f \u0434\u0435\u0442\u0435\u0439 \u043e\u0442 3 \u043b\u0435\u0442.<br \/>\n- \u0421\u0434\u0435\u043b\u0430\u043d\u043e \u0432 \u0413\u0435\u0440\u043c\u0430\u043d\u0438\u0438.<\/p>","protected":false},"excerpt":{"rendered":"<p>&#8211; Faras cu m\u00e2ner \u00een\u0103l\u021bime: Aproximativ 56 cm &#8211; M\u0103tur\u0103 \u00een\u0103l\u021bime: Aproximativ 55,5 cm &#8211; Faras \u0219i m\u0103tur\u0103 cu m\u00e2ner<\/p>","protected":false},"featured_media":199687,"comment_status":"closed","ping_status":"closed","template":"","meta":{"_monsterinsights_skip_tracking":false,"_monsterinsights_sitenote_active":false,"_monsterinsights_sitenote_note":"","_monsterinsights_sitenote_category":0},"product_brand":[],"product_cat":[1137,45,55,1125],"product_tag":[],"class_list":{"0":"post-199675","1":"product","2":"type-product","3":"status-publish","4":"has-post-thumbnail","6":"product_cat-jucarii","7":"product_cat-jucarii-pe-tematici","8":"product_cat-toate-produsele","9":"product_cat-totul-pentru-curatare","11":"first","12":"instock","13":"shipping-taxable","14":"purchasable","15":"product-type-simple"},"_links":{"self":[{"href":"https:\/\/toystoys.md\/ru\/wp-json\/wp\/v2\/product\/199675","targetHints":{"allow":["GET"]}}],"collection":[{"href":"https:\/\/toystoys.md\/ru\/wp-json\/wp\/v2\/product"}],"about":[{"href":"https:\/\/toystoys.md\/ru\/wp-json\/wp\/v2\/types\/product"}],"replies":[{"embeddable":true,"href":"https:\/\/toystoys.md\/ru\/wp-json\/wp\/v2\/comments?post=199675"}],"wp:featuredmedia":[{"embeddable":true,"href":"https:\/\/toystoys.md\/ru\/wp-json\/wp\/v2\/media\/199687"}],"wp:attachment":[{"href":"https:\/\/toystoys.md\/ru\/wp-json\/wp\/v2\/media?parent=199675"}],"wp:term":[{"taxonomy":"product_brand","embeddable":true,"href":"https:\/\/toystoys.md\/ru\/wp-json\/wp\/v2\/product_brand?post=199675"},{"taxonomy":"product_cat","embeddable":true,"href":"https:\/\/toystoys.md\/ru\/wp-json\/wp\/v2\/product_cat?post=199675"},{"taxonomy":"product_tag","embeddable":true,"href":"https:\/\/toystoys.md\/ru\/wp-json\/wp\/v2\/product_tag?post=199675"}],"curies":[{"name":"wp","href":"https:\/\/api.w.org\/{rel}","templated":true}]}}