{"id":199654,"date":"2024-08-01T10:48:11","date_gmt":"2024-08-01T10:48:11","guid":{"rendered":"https:\/\/toystoys.md\/shop\/prod_5702017584485_sc97024\/"},"modified":"2025-09-19T15:45:18","modified_gmt":"2025-09-19T13:45:18","slug":"prod_5702017584485_sc97024","status":"publish","type":"product","link":"https:\/\/toystoys.md\/ru\/shop\/prod_5702017584485_sc97024\/","title":{"rendered":"Hibrid TIE Fighter \u0438 X-Wing Star Wars LEGO 75393"},"content":{"rendered":"<p>\u042d\u0442\u043e \u0445\u043e\u0440\u043e\u0448\u0438\u0439 \u043f\u043e\u0434\u0430\u0440\u043e\u043a \u0434\u043b\u044f \u043c\u0430\u043b\u044c\u0447\u0438\u043a\u043e\u0432, \u0434\u0435\u0432\u043e\u0447\u0435\u043a \u0438 \u0432\u0441\u0435\u0445 \u043f\u043e\u043a\u043b\u043e\u043d\u043d\u0438\u043a\u043e\u0432 \u00ab\u0417\u0432\u0435\u0437\u0434\u043d\u044b\u0445 \u0432\u043e\u0439\u043d\u00bb \u0441 \u00abTIE-Wing\u00bb \u0438\u043b\u0438 \u00abX-Fighter\u00bb. \u0423 \u043a\u0430\u0436\u0434\u043e\u0433\u043e \u0430\u0432\u0442\u043e\u043c\u043e\u0431\u0438\u043b\u044f \u0435\u0441\u0442\u044c \u043e\u0442\u043a\u0440\u044b\u0432\u0430\u044e\u0449\u0430\u044f\u0441\u044f \u043a\u0430\u0431\u0438\u043d\u0430, \u0432 \u043a\u043e\u0442\u043e\u0440\u043e\u0439 \u043c\u043e\u0436\u043d\u043e \u0440\u0430\u0437\u043c\u0435\u0441\u0442\u0438\u0442\u044c \u043c\u0438\u043d\u0438\u0444\u0438\u0433\u0443\u0440\u043a\u0443 LEGO \u0438 \u0434\u0432\u0430 \u043f\u043e\u0434\u043f\u0440\u0443\u0436\u0438\u043d\u0435\u043d\u043d\u044b\u0445 \u0448\u0443\u0442\u0435\u0440\u0430. \u041f\u0440\u043e\u0441\u0442\u043e \u0441\u043d\u0438\u043c\u0438\u0442\u0435 \u0441\u0442\u043e\u043f\u043e\u0440\u043d\u044b\u0435 \u0448\u0442\u0438\u0444\u0442\u044b, \u0447\u0442\u043e\u0431\u044b \u043e\u0442\u0441\u043e\u0435\u0434\u0438\u043d\u0438\u0442\u044c \u043a\u0440\u044b\u043b\u044c\u044f \u043e\u0442 \u0444\u044e\u0437\u0435\u043b\u044f\u0436\u0430 \u0438 \u043f\u0440\u0435\u0432\u0440\u0430\u0442\u0438\u0442\u044c \u043c\u0430\u0448\u0438\u043d\u0443 \u0432 \u043a\u0443\u043b\u044c\u0442\u043e\u0432\u044b\u0435 \u0438\u0441\u0442\u0440\u0435\u0431\u0438\u0442\u0435\u043b\u0438 TIE \u0438 X-Wing. \u041a\u0440\u044b\u043b\u044c\u044f TIE-Wing\/X-Fighter \u043c\u043e\u0436\u043d\u043e \u043f\u0435\u0440\u0435\u0432\u0435\u0441\u0442\u0438 \u0432 \u0440\u0435\u0436\u0438\u043c\u044b \u043f\u043e\u043b\u0435\u0442\u0430 \u0438 \u0430\u0442\u0430\u043a\u0438, \u0430 \u043f\u0440\u0438 \u043f\u0435\u0440\u0435\u0441\u0442\u0440\u043e\u0439\u043a\u0435 \u0432 X-Wing \u0442\u0430\u043a\u0436\u0435 \u043c\u043e\u0436\u043d\u043e \u0434\u043e\u0431\u0430\u0432\u0438\u0442\u044c \u0443\u0431\u0438\u0440\u0430\u044e\u0449\u0435\u0435\u0441\u044f \u0448\u0430\u0441\u0441\u0438.<\/p>\n<p>\u0412 \u044d\u0442\u043e\u0442 \u0441\u0431\u043e\u0440\u043d\u044b\u0439 \u043d\u0430\u0431\u043e\u0440 \u0442\u0430\u043a\u0436\u0435 \u0432\u0445\u043e\u0434\u044f\u0442 4 \u043c\u0438\u043d\u0438\u0444\u0438\u0433\u0443\u0440\u043a\u0438 LEGO Star Wars \u0441 \u0430\u043a\u0441\u0435\u0441\u0441\u0443\u0430\u0440\u0430\u043c\u0438, \u0430 \u0442\u0430\u043a\u0436\u0435 \u0444\u0438\u0433\u0443\u0440\u043a\u0430 \u0434\u0440\u043e\u0438\u0434\u0430 LEGO L3-G0, \u043a\u043e\u0442\u043e\u0440\u0430\u044f \u043c\u043e\u0436\u0435\u0442 \u0441\u0438\u0434\u0435\u0442\u044c \u0432 \u043a\u0430\u0431\u0438\u043d\u0435 X-Wing.<\/p>","protected":false},"excerpt":{"rendered":"<p>Recreeaz\u0103 nave de lupt\u0103 combinate din produc\u0163ia special\u0103 Disney+ LEGO\u00ae Star Wars\u2122: Rebuild the Galaxy cu setul de construc\u0163ie Hibrid<\/p>","protected":false},"featured_media":199929,"comment_status":"closed","ping_status":"closed","template":"..\/public\/views\/revslider-page-template.php","meta":{"_monsterinsights_skip_tracking":false,"_monsterinsights_sitenote_active":false,"_monsterinsights_sitenote_note":"","_monsterinsights_sitenote_category":0},"product_brand":[],"product_cat":[55,1137,288,293],"product_tag":[],"class_list":{"0":"post-199654","1":"product","2":"type-product","3":"status-publish","4":"has-post-thumbnail","6":"product_cat-toate-produsele","7":"product_cat-jucarii","8":"product_cat-lego","9":"product_cat-lego-star-wars","11":"first","12":"instock","13":"shipping-taxable","14":"purchasable","15":"product-type-simple"},"_links":{"self":[{"href":"https:\/\/toystoys.md\/ru\/wp-json\/wp\/v2\/product\/199654","targetHints":{"allow":["GET"]}}],"collection":[{"href":"https:\/\/toystoys.md\/ru\/wp-json\/wp\/v2\/product"}],"about":[{"href":"https:\/\/toystoys.md\/ru\/wp-json\/wp\/v2\/types\/product"}],"replies":[{"embeddable":true,"href":"https:\/\/toystoys.md\/ru\/wp-json\/wp\/v2\/comments?post=199654"}],"wp:featuredmedia":[{"embeddable":true,"href":"https:\/\/toystoys.md\/ru\/wp-json\/wp\/v2\/media\/199929"}],"wp:attachment":[{"href":"https:\/\/toystoys.md\/ru\/wp-json\/wp\/v2\/media?parent=199654"}],"wp:term":[{"taxonomy":"product_brand","embeddable":true,"href":"https:\/\/toystoys.md\/ru\/wp-json\/wp\/v2\/product_brand?post=199654"},{"taxonomy":"product_cat","embeddable":true,"href":"https:\/\/toystoys.md\/ru\/wp-json\/wp\/v2\/product_cat?post=199654"},{"taxonomy":"product_tag","embeddable":true,"href":"https:\/\/toystoys.md\/ru\/wp-json\/wp\/v2\/product_tag?post=199654"}],"curies":[{"name":"wp","href":"https:\/\/api.w.org\/{rel}","templated":true}]}}