{"id":198686,"date":"2024-07-26T02:08:53","date_gmt":"2024-07-26T00:08:53","guid":{"rendered":""},"modified":"2025-04-23T10:51:26","modified_gmt":"2025-04-23T08:51:26","slug":"prod_630996264515_sc96918","status":"publish","type":"product","link":"https:\/\/toystoys.md\/ru\/shop\/prod_630996264515_sc96918\/","title":{"rendered":"\u0418\u043d\u0442\u0435\u0440\u0430\u043a\u0442\u0438\u0432\u043d\u0430\u044f \u0438\u0433\u0440\u0443\u0448\u043a\u0430 \u0420\u043e\u0437\u043e\u0432\u044b\u0439 \u0446\u044b\u043f\u043b\u0435\u043d\u043e\u043a Little Live Pets Moose"},"content":{"rendered":"<p>\u041d\u043e\u0432\u0438\u043d\u043a\u0430 \u043e\u0442 Little Live Pets \u2014 \u0446\u044b\u043f\u043b\u0435\u043d\u043e\u043a-\u0441\u044e\u0440\u043f\u0440\u0438\u0437! \u041a\u0442\u043e \u0432\u044b\u043b\u0443\u043f\u0438\u0442\u0441\u044f \u0438\u0437 \u0442\u0432\u043e\u0435\u0433\u043e \u044f\u0439\u0446\u0430? \u0426\u044b\u043f\u043b\u044f\u0442\u0430-\u0441\u044e\u0440\u043f\u0440\u0438\u0437\u044b Little Live Pets \u0432\u043e\u0442-\u0432\u043e\u0442 \u043f\u043e\u0437\u0434\u043e\u0440\u043e\u0432\u0430\u044e\u0442\u0441\u044f! \u0412\u044b \u0431\u0443\u0434\u0435\u0442\u0435 \u043f\u0440\u0438\u0432\u044f\u0437\u0430\u043d\u044b, \u043a\u0430\u043a \u0442\u043e\u043b\u044c\u043a\u043e \u043e\u043d\u0438 \u0432\u044b\u043b\u0443\u043f\u044f\u0442\u0441\u044f! \u0421\u0430\u043c\u043e\u0435 \u0438\u043d\u0442\u0435\u0440\u0435\u0441\u043d\u043e\u0435, \u0447\u0442\u043e \u0432\u044b \u043f\u0440\u043e\u0441\u0442\u043e \u043d\u0435 \u0437\u043d\u0430\u0435\u0442\u0435, \u043a\u043e\u0433\u0434\u0430 \u043e\u043d\u0438 \u0440\u0430\u0441\u043a\u0440\u043e\u044e\u0442\u0441\u044f! \u042d\u0442\u0438 \u043c\u0438\u043b\u044b\u0435 \u043c\u0430\u043b\u0435\u043d\u044c\u043a\u0438\u0435 \u0446\u044b\u043f\u043e\u0447\u043a\u0438 \u043b\u044e\u0431\u044f\u0442 \u0449\u0435\u0431\u0435\u0442\u0430\u0442\u044c, \u043f\u0440\u044b\u0433\u0430\u0442\u044c \u0438 \u0438\u0433\u0440\u0430\u0442\u044c \u0432\u0435\u0441\u044c \u0434\u0435\u043d\u044c! \u0421\u043b\u0443\u0448\u0430\u0439\u0442\u0435, \u043a\u0430\u043a \u0432\u0430\u0448 \u0446\u044b\u043f\u043b\u0435\u043d\u043e\u043a \u0441\u0442\u0443\u0447\u0438\u0442 \u0432\u043d\u0443\u0442\u0440\u0438 \u044f\u0439\u0446\u0430, \u0438 \u0436\u0434\u0438\u0442\u0435, \u043f\u043e\u043a\u0430 \u043e\u043d\u043e \u0432\u044b\u043b\u0443\u043f\u0438\u0442\u0441\u044f! \u041a\u043e\u0433\u0434\u0430 \u0438\u0437 \u0432\u0430\u0448\u0435\u0433\u043e \u044f\u0439\u0446\u0430 \u0432\u044b\u043b\u0443\u043f\u0438\u0442\u0441\u044f \u043c\u0438\u043b\u044b\u0439 \u0446\u044b\u043f\u043b\u0435\u043d\u043e\u043a, \u0432\u044b\u043f\u0440\u044b\u0433\u043d\u0435\u0442 \u0438\u0437 \u043d\u0435\u0433\u043e. \u041e\u043d\u0438 \u043b\u044e\u0431\u044f\u0442 \u0431\u044b\u0442\u044c \u0434\u043e\u043c\u0430\u0448\u043d\u0438\u043c\u0438 \u0436\u0438\u0432\u043e\u0442\u043d\u044b\u043c\u0438 \u0438 \u0440\u0435\u0430\u0433\u0438\u0440\u0443\u044e\u0442 \u043d\u0430 \u0432\u0430\u0448\u0438 \u043f\u0440\u0438\u043a\u043e\u0441\u043d\u043e\u0432\u0435\u043d\u0438\u044f. \u0427\u0435\u043c \u0431\u043e\u043b\u044c\u0448\u0435 \u0432\u044b \u0438\u0445 \u0433\u043b\u0430\u0434\u0438\u0442\u0435, \u0442\u0435\u043c \u0431\u043e\u043b\u044c\u0448\u0435 \u043e\u043d\u0438 \u0432 \u043a\u043e\u043d\u0435\u0447\u043d\u043e\u043c \u0438\u0442\u043e\u0433\u0435 \u0441\u043f\u043e\u044e\u0442 \u0432\u0430\u043c \u043c\u0438\u043b\u0443\u044e \u043f\u0435\u0441\u0435\u043d\u043a\u0443. \u041a\u0430\u043a\u043e\u0433\u043e \u043f\u0442\u0435\u043d\u0446\u0430 \u0442\u044b \u0432\u044b\u043b\u0443\u043f\u0438\u0448\u044c? \u0412\u0430\u043c \u043f\u0440\u0435\u0434\u0441\u0442\u043e\u0438\u0442 \u043e\u0442\u043a\u0440\u044b\u0442\u044c \u0434\u043b\u044f \u0441\u0435\u0431\u044f \u0442\u0430\u043a \u043c\u043d\u043e\u0433\u043e \u0440\u0430\u0437\u043d\u044b\u0445 \u0446\u044b\u043f\u043e\u0447\u0435\u043a, \u043a\u0430\u0436\u0434\u0430\u044f \u0438\u0437 \u043a\u043e\u0442\u043e\u0440\u044b\u0445 \u0441 \u043c\u044f\u0433\u043a\u043e\u0439, \u0444\u043b\u043e\u043a\u0438\u0440\u043e\u0432\u0430\u043d\u043d\u043e\u0439 \u043a\u043e\u0436\u0435\u0439 - \u041c\u0430\u043b\u0435\u043d\u044c\u043a\u0430\u044f \u0410\u043d\u0433\u0435\u043b\u044c\u0441\u043a\u0430\u044f \u0426\u044b\u043f\u043e\u0447\u043a\u0430, \u041c\u0430\u043b\u0435\u043d\u044c\u043a\u0430\u044f \u042f\u0433\u043e\u0434\u043d\u0430\u044f \u0426\u044b\u043f\u043e\u0447\u043a\u0430, \u041c\u0430\u043b\u0435\u043d\u044c\u043a\u0430\u044f \u0416\u0432\u0430\u0447\u043a\u0430 \u0438 \u0434\u0440\u0443\u0433\u0438\u0435! \u041d\u0430\u0439\u0434\u0451\u0442\u0435 \u043b\u0438 \u0432\u044b Golden Chick \u043e\u0433\u0440\u0430\u043d\u0438\u0447\u0435\u043d\u043d\u043e\u0433\u043e \u0432\u044b\u043f\u0443\u0441\u043a\u0430? \u0412\u044b \u043c\u043e\u0436\u0435\u0442\u0435 \u043f\u043e\u0432\u0442\u043e\u0440\u0438\u0442\u044c \u0432\u0435\u0441\u0435\u043b\u044c\u0435 \u0441 \u044d\u0442\u0438\u043c\u0438 Lil' Chicks! \u0421\u043d\u043e\u0432\u0430 \u0441\u043b\u043e\u0436\u0438\u0442\u0435 \u044f\u0439\u0446\u043e \u0438 \u043d\u0430\u0431\u043b\u044e\u0434\u0430\u0439\u0442\u0435, \u043a\u0430\u043a \u0432\u0430\u0448 \u0446\u044b\u043f\u043b\u0435\u043d\u043e\u043a \u0441\u043d\u043e\u0432\u0430 \u0432\u044b\u043b\u0443\u043f\u0438\u0442\u0441\u044f!<\/p>\n<p>\u0412\u043e\u0437\u0440\u0430\u0441\u0442: \u043e\u0442 5 \u043b\u0435\u0442.<\/p>","protected":false},"excerpt":{"rendered":"<p>Nou de la Little Live Pets &#8211; pui surpriz\u0103! Cine va ecloza din ouul t\u0103u? Puii surpriz\u0103 Little Live Pets<\/p>","protected":false},"featured_media":198730,"comment_status":"closed","ping_status":"closed","template":"..\/public\/views\/revslider-page-template.php","meta":{"_monsterinsights_skip_tracking":false,"_monsterinsights_sitenote_active":false,"_monsterinsights_sitenote_note":"","_monsterinsights_sitenote_category":0},"product_brand":[],"product_cat":[1636,1639,55,1137,76,35,1508],"product_tag":[],"class_list":{"0":"post-198686","1":"product","2":"type-product","3":"status-publish","4":"has-post-thumbnail","6":"product_cat-interactive","7":"product_cat-seturi-tematice","8":"product_cat-toate-produsele","9":"product_cat-jucarii","10":"product_cat-jucarii-interactiv","11":"product_cat-roboti-si-figurine","12":"product_cat-animale-si-pasari","14":"first","15":"instock","16":"shipping-taxable","17":"purchasable","18":"product-type-simple"},"_links":{"self":[{"href":"https:\/\/toystoys.md\/ru\/wp-json\/wp\/v2\/product\/198686","targetHints":{"allow":["GET"]}}],"collection":[{"href":"https:\/\/toystoys.md\/ru\/wp-json\/wp\/v2\/product"}],"about":[{"href":"https:\/\/toystoys.md\/ru\/wp-json\/wp\/v2\/types\/product"}],"replies":[{"embeddable":true,"href":"https:\/\/toystoys.md\/ru\/wp-json\/wp\/v2\/comments?post=198686"}],"wp:featuredmedia":[{"embeddable":true,"href":"https:\/\/toystoys.md\/ru\/wp-json\/wp\/v2\/media\/198730"}],"wp:attachment":[{"href":"https:\/\/toystoys.md\/ru\/wp-json\/wp\/v2\/media?parent=198686"}],"wp:term":[{"taxonomy":"product_brand","embeddable":true,"href":"https:\/\/toystoys.md\/ru\/wp-json\/wp\/v2\/product_brand?post=198686"},{"taxonomy":"product_cat","embeddable":true,"href":"https:\/\/toystoys.md\/ru\/wp-json\/wp\/v2\/product_cat?post=198686"},{"taxonomy":"product_tag","embeddable":true,"href":"https:\/\/toystoys.md\/ru\/wp-json\/wp\/v2\/product_tag?post=198686"}],"curies":[{"name":"wp","href":"https:\/\/api.w.org\/{rel}","templated":true}]}}