{"id":198683,"date":"2024-07-26T02:08:42","date_gmt":"2024-07-26T00:08:42","guid":{"rendered":""},"modified":"2024-07-27T01:50:34","modified_gmt":"2024-07-26T23:50:34","slug":"prod_884920340503_sc96884","status":"publish","type":"product","link":"https:\/\/toystoys.md\/ru\/shop\/prod_884920340503_sc96884\/","title":{"rendered":"\u041d\u0430\u0431\u043e\u0440 \u0434\u043b\u044f \u0442\u0432\u043e\u0440\u0447\u0435\u0441\u0442\u0432\u0430 Rainbow Tie-Dye Hair Designer Barbie CRAZYART"},"content":{"rendered":"<p>\u041f\u0440\u0435\u0434\u0441\u0442\u0430\u0432\u043b\u044f\u0435\u043c Babie Rainbow Tie-Dye Hair Designer! \u041f\u0440\u0438\u0433\u043e\u0442\u043e\u0432\u044c\u0442\u0435\u0441\u044c \u043a \u043f\u043e\u043b\u043d\u043e\u0441\u0442\u044c\u044e \u0442\u0430\u0439-\u0434\u0430\u0439 \u043e\u043f\u044b\u0442\u0443, \u043a\u043e\u0442\u043e\u0440\u044b\u0439 \u043e\u0441\u0442\u0430\u0432\u0438\u0442 \u0432\u0430\u0441 \u0438 \u0432\u0430\u0448\u0443 \u043a\u0443\u043a\u043b\u0443 \u0411\u0430\u0440\u0431\u0438 \u0441 \u043a\u0440\u0443\u0442\u044b\u043c\u0438, \u043a\u0440\u0430\u0441\u043e\u0447\u043d\u044b\u043c\u0438 \u0432\u043e\u043b\u043e\u0441\u0430\u043c\u0438. \u0421 \u044d\u0442\u043e\u0439 \u0437\u0430\u0431\u0430\u0432\u043d\u043e\u0439 \u0438\u0433\u0440\u043e\u0439 \u0441 \u0432\u043e\u043b\u043e\u0441\u0430\u043c\u0438 2 \u0432 1 \u0432\u044b \u043c\u043e\u0436\u0435\u0442\u0435 \u0441\u043e\u0437\u0434\u0430\u0432\u0430\u0442\u044c \u0441\u0432\u043e\u0438 \u0441\u043e\u0431\u0441\u0442\u0432\u0435\u043d\u043d\u044b\u0435 \u0446\u0432\u0435\u0442\u0430 \u0438 \u0434\u0435\u043b\u0430\u0442\u044c \u0441\u0432\u043e\u0438 \u0441\u043e\u0431\u0441\u0442\u0432\u0435\u043d\u043d\u044b\u0435 \u0442\u0430\u0439-\u0434\u0430\u0439-\u043e\u0431\u0435\u0440\u0442\u043a\u0438 \u0434\u043b\u044f \u0432\u043e\u043b\u043e\u0441. \u041f\u0440\u043e\u0441\u0442\u0430\u044f \u0432 \u043f\u0440\u0438\u043c\u0435\u043d\u0435\u043d\u0438\u0438 \u043a\u0440\u0435\u043c\u043e\u0432\u0430\u044f \u043a\u0440\u0430\u0441\u043a\u0430 \u0434\u043b\u044f \u0432\u043e\u043b\u043e\u0441 \u0438 \u0441\u043f\u0435\u0446\u0438\u0430\u043b\u044c\u043d\u044b\u0439 \u043f\u0440\u043e\u0438\u0437\u0432\u043e\u0434\u0438\u0442\u0435\u043b\u044c \u0442\u0430\u0439-\u0434\u0430\u0439-\u043e\u0431\u0435\u0440\u0442\u043e\u043a \u0433\u0430\u0440\u0430\u043d\u0442\u0438\u0440\u0443\u044e\u0442 \u0431\u0435\u0441\u043f\u043e\u0440\u044f\u0434\u043e\u043a. \u0414\u0430\u0439\u0442\u0435 \u0432\u043e\u043b\u044e \u0441\u0432\u043e\u0435\u043c\u0443 \u0442\u0432\u043e\u0440\u0447\u0435\u0441\u0442\u0432\u0443, \u043a\u043e\u0433\u0434\u0430 \u0432\u044b \u043d\u0430\u043d\u043e\u0441\u0438\u0442\u0435 \u0442\u0440\u0430\u0444\u0430\u0440\u0435\u0442\u044b, \u0434\u0435\u043b\u0430\u0435\u0442\u0435 \u043f\u0440\u044f\u0434\u0438, \u0434\u043e\u0431\u0430\u0432\u043b\u044f\u0435\u0442\u0435 \u0431\u043b\u0435\u0441\u0442\u043a\u0438 \u0438 \u043d\u043e\u0441\u0438\u0442\u0435 \u0441\u0432\u043e\u0438 \u0443\u043d\u0438\u043a\u0430\u043b\u044c\u043d\u044b\u0435 \u0442\u0430\u0439-\u0434\u0430\u0439-\u0442\u0432\u043e\u0440\u0435\u043d\u0438\u044f \u0434\u043b\u044f \u0432\u043e\u043b\u043e\u0441. \u0421 Babie Rainbow Tie-Dye Hair Designer \u0432\u043e\u0437\u043c\u043e\u0436\u043d\u043e\u0441\u0442\u0438 \u0431\u0435\u0437\u0433\u0440\u0430\u043d\u0438\u0447\u043d\u044b!<\/p>\n<p>\u0412\u0435\u0441\u0435\u043b\u043e\u0435 \u0438\u0441\u043a\u0443\u0441\u0441\u0442\u0432\u043e \u0441\u043e\u0437\u0434\u0430\u043d\u0438\u044f \u043f\u0440\u0438\u0447\u0435\u0441\u043e\u043a \u0411\u0430\u0440\u0431\u0438! \u0421\u0442\u0430\u043d\u044c\u0442\u0435 \u0441\u0442\u0438\u043b\u0438\u0441\u0442\u043e\u043c \u043f\u043e \u043e\u043a\u0440\u0430\u0448\u0438\u0432\u0430\u043d\u0438\u044e \u0432\u043e\u043b\u043e\u0441! \u041a\u043e\u043b\u043e\u0440\u0438\u0440\u043e\u0432\u0430\u043d\u0438\u0435, \u0442\u0440\u0430\u0444\u0430\u0440\u0435\u0442, \u0446\u0432\u0435\u0442 \u0438 \u0443\u043a\u043b\u0430\u0434\u043a\u0430 \u0432\u043e\u043b\u043e\u0441! \u0412\u043a\u043b\u044e\u0447\u0430\u0435\u0442 \u0432\u0441\u0435 \u043d\u0435\u043e\u0431\u0445\u043e\u0434\u0438\u043c\u043e\u0435! \u0411\u0435\u0441\u043f\u0440\u043e\u0431\u043b\u0435\u043c\u043d\u044b\u0435 \u0432\u0440\u0435\u043c\u0435\u043d\u043d\u044b\u0435 \u043a\u0440\u0435\u043c\u044b-\u043a\u0440\u0430\u0441\u043a\u0438 \u0434\u043b\u044f \u0432\u043e\u043b\u043e\u0441, \u043b\u0435\u0433\u043a\u043e \u0441\u043c\u0435\u0448\u0438\u0432\u0430\u044e\u0442\u0441\u044f \u0438 \u043d\u0430\u043d\u043e\u0441\u044f\u0442\u0441\u044f! \u0411\u0435\u0437\u043e\u043f\u0430\u0441\u043d\u044b \u0438 \u0441\u043c\u044b\u0432\u0430\u044e\u0442\u0441\u044f!<\/p>\n<p>\u0412\u043e\u0437\u0440\u0430\u0441\u0442: \u043e\u0442 8 \u043b\u0435\u0442.<br \/>\n\u0420\u0430\u0437\u043c\u0435\u0440\u044b \u043f\u0440\u043e\u0434\u0443\u043a\u0442\u0430: \u200e30,48 x 4,45 x 27,94 \u0441\u043c.<\/p>","protected":false},"excerpt":{"rendered":"<p>V\u0103 prezent\u0103m Baby Rainbow Tie-Dye Hair Designer! Preg\u0103te\u0219te-te pentru o experien\u021b\u0103 de vopsire complet\u0103, care te va l\u0103sa pe tine<\/p>","protected":false},"featured_media":198712,"comment_status":"closed","ping_status":"closed","template":"..\/public\/views\/revslider-page-template.php","meta":{"_monsterinsights_skip_tracking":false,"_monsterinsights_sitenote_active":false,"_monsterinsights_sitenote_note":"","_monsterinsights_sitenote_category":0},"product_brand":[],"product_cat":[55,1137,117,45,1129,38,1039,1523],"product_tag":[],"class_list":{"0":"post-198683","1":"product","2":"type-product","3":"status-publish","4":"has-post-thumbnail","6":"product_cat-toate-produsele","7":"product_cat-jucarii","8":"product_cat-seturi-pentru-creatie","9":"product_cat-jucarii-pe-tematici","10":"product_cat-seturi-de-frumusete","11":"product_cat-cosmetica-decorativa","12":"product_cat-eroii","13":"product_cat-barbie-eroii","15":"first","16":"instock","17":"shipping-taxable","18":"purchasable","19":"product-type-simple"},"_links":{"self":[{"href":"https:\/\/toystoys.md\/ru\/wp-json\/wp\/v2\/product\/198683","targetHints":{"allow":["GET"]}}],"collection":[{"href":"https:\/\/toystoys.md\/ru\/wp-json\/wp\/v2\/product"}],"about":[{"href":"https:\/\/toystoys.md\/ru\/wp-json\/wp\/v2\/types\/product"}],"replies":[{"embeddable":true,"href":"https:\/\/toystoys.md\/ru\/wp-json\/wp\/v2\/comments?post=198683"}],"wp:featuredmedia":[{"embeddable":true,"href":"https:\/\/toystoys.md\/ru\/wp-json\/wp\/v2\/media\/198712"}],"wp:attachment":[{"href":"https:\/\/toystoys.md\/ru\/wp-json\/wp\/v2\/media?parent=198683"}],"wp:term":[{"taxonomy":"product_brand","embeddable":true,"href":"https:\/\/toystoys.md\/ru\/wp-json\/wp\/v2\/product_brand?post=198683"},{"taxonomy":"product_cat","embeddable":true,"href":"https:\/\/toystoys.md\/ru\/wp-json\/wp\/v2\/product_cat?post=198683"},{"taxonomy":"product_tag","embeddable":true,"href":"https:\/\/toystoys.md\/ru\/wp-json\/wp\/v2\/product_tag?post=198683"}],"curies":[{"name":"wp","href":"https:\/\/api.w.org\/{rel}","templated":true}]}}