{"id":198168,"date":"2024-07-23T14:01:15","date_gmt":"2024-07-23T12:01:15","guid":{"rendered":""},"modified":"2024-07-24T13:29:18","modified_gmt":"2024-07-24T11:29:18","slug":"prod_4840228000521_sc96836","status":"publish","type":"product","link":"https:\/\/toystoys.md\/ru\/shop\/prod_4840228000521_sc96836\/","title":{"rendered":"\u0421\u043e\u043b\u044c \u0434\u043b\u044f \u0432\u0430\u043d\u043d \u0441 \u044d\u0444\u0438\u0440\u043d\u044b\u043c \u043c\u0430\u0441\u043b\u043e\u043c \u043b\u0430\u0432\u0430\u043d\u0434\u044b 1\u043a\u0433 Relaxa"},"content":{"rendered":"<p>\u0421\u043e\u043b\u044c \u0434\u043b\u044f \u0432\u0430\u043d\u043d \u0441 \u044d\u0444\u0438\u0440\u043d\u044b\u043c \u043c\u0430\u0441\u043b\u043e\u043c \u043b\u0430\u0432\u0430\u043d\u0434\u044b \u0431\u0430\u043b\u0430\u043d\u0441\u0438\u0440\u0443\u0435\u0442 \u043f\u0441\u0438\u0445\u0438\u0447\u0435\u0441\u043a\u043e\u0435 \u0438 \u044d\u043c\u043e\u0446\u0438\u043e\u043d\u0430\u043b\u044c\u043d\u043e\u0435 \u0441\u043e\u0441\u0442\u043e\u044f\u043d\u0438\u0435, \u0443\u043b\u0443\u0447\u0448\u0430\u0435\u0442 \u043a\u0430\u0447\u0435\u0441\u0442\u0432\u043e \u0441\u043d\u0430.<br \/>\n\u0421\u043d\u0438\u043c\u0430\u0435\u0442 \u0432\u043e\u0441\u043f\u0430\u043b\u0435\u043d\u0438\u0435, \u0431\u043e\u043b\u044c \u0438 \u043a\u043e\u043d\u0442\u0440\u0430\u043a\u0442\u0443\u0440\u044b \u0441\u0443\u0441\u0442\u0430\u0432\u043e\u0432.<br \/>\n\u041e\u043d\u0430 \u044d\u0444\u0444\u0435\u043a\u0442\u0438\u0432\u043d\u0430 \u043f\u0440\u0438 \u043b\u0435\u0447\u0435\u043d\u0438\u0438 \u0440\u0430\u0437\u043b\u0438\u0447\u043d\u044b\u0445 \u043a\u043e\u0436\u043d\u044b\u0445 \u0437\u0430\u0431\u043e\u043b\u0435\u0432\u0430\u043d\u0438\u0439.<\/p>","protected":false},"excerpt":{"rendered":"<p>Sarea de baie cu ulei eteric de lavand\u0103 echilibreaz\u0103 starea psihic\u0103 \u015fi emo\u0163ional\u0103, imbunat\u0103\u0163e\u015fte calitatea somnului. Atenueaz\u0103 in\ufb02ama\u0163iile, durerile \u015fi<\/p>","protected":false},"featured_media":198174,"comment_status":"closed","ping_status":"closed","template":"..\/public\/views\/revslider-page-template.php","meta":{"_monsterinsights_skip_tracking":false,"_monsterinsights_sitenote_active":false,"_monsterinsights_sitenote_note":"","_monsterinsights_sitenote_category":0},"product_brand":[],"product_cat":[55,1141,50,1105],"product_tag":[],"class_list":{"0":"post-198168","1":"product","2":"type-product","3":"status-publish","4":"has-post-thumbnail","6":"product_cat-toate-produsele","7":"product_cat-produse-pentru-bebelusi","8":"product_cat-iginina","9":"product_cat-produse-pentru-baie","11":"first","12":"instock","13":"shipping-taxable","14":"purchasable","15":"product-type-simple"},"_links":{"self":[{"href":"https:\/\/toystoys.md\/ru\/wp-json\/wp\/v2\/product\/198168","targetHints":{"allow":["GET"]}}],"collection":[{"href":"https:\/\/toystoys.md\/ru\/wp-json\/wp\/v2\/product"}],"about":[{"href":"https:\/\/toystoys.md\/ru\/wp-json\/wp\/v2\/types\/product"}],"replies":[{"embeddable":true,"href":"https:\/\/toystoys.md\/ru\/wp-json\/wp\/v2\/comments?post=198168"}],"wp:featuredmedia":[{"embeddable":true,"href":"https:\/\/toystoys.md\/ru\/wp-json\/wp\/v2\/media\/198174"}],"wp:attachment":[{"href":"https:\/\/toystoys.md\/ru\/wp-json\/wp\/v2\/media?parent=198168"}],"wp:term":[{"taxonomy":"product_brand","embeddable":true,"href":"https:\/\/toystoys.md\/ru\/wp-json\/wp\/v2\/product_brand?post=198168"},{"taxonomy":"product_cat","embeddable":true,"href":"https:\/\/toystoys.md\/ru\/wp-json\/wp\/v2\/product_cat?post=198168"},{"taxonomy":"product_tag","embeddable":true,"href":"https:\/\/toystoys.md\/ru\/wp-json\/wp\/v2\/product_tag?post=198168"}],"curies":[{"name":"wp","href":"https:\/\/api.w.org\/{rel}","templated":true}]}}