{"id":197397,"date":"2024-07-12T00:28:28","date_gmt":"2024-07-12T00:28:28","guid":{"rendered":""},"modified":"2025-06-17T21:27:22","modified_gmt":"2025-06-17T19:27:22","slug":"prod_4009175965059_sc96736","status":"publish","type":"product","link":"https:\/\/toystoys.md\/ru\/shop\/prod_4009175965059_sc96736\/","title":{"rendered":"\u0422\u0430\u0431\u043b\u0435\u0442\u043a\u0438 \u0434\u043b\u044f \u043c\u044b\u0442\u044c\u044f \u043f\u043e\u0441\u0443\u0434\u044b \u0432 \u043f\u043e\u0441\u0443\u0434\u043e\u043c\u043e\u0435\u0447\u043d\u044b\u0445 \u043c\u0430\u0448\u0438\u043d\u0430\u0445 30 \u0448\u0442 Frosch"},"content":{"rendered":"<p>Interac\u021biunea agen\u021bilor de cur\u0103\u021bare naturali, a oxigenului activ \u0219i a enzimelor specifice cur\u0103\u021b\u0103 perfect orice fel de m\u00e2ncare \u0219i le face s\u0103 str\u0103luceasc\u0103. Tabletele de sp\u0103lat vase \u00een PMM (toate \u00eentr-unul) sunt eficiente chiar \u0219i la temperaturi sc\u0103zute (55C). Majoritatea tabletelor de detergent pentru ma\u0219ina de sp\u0103lat vase sunt concepute pentru procese de cur\u0103\u021bare la scar\u0103 larg\u0103, ceea ce duce adesea la supradoze care d\u0103uneaz\u0103 mediului.<\/p>","protected":false},"excerpt":{"rendered":"<p>Interac\u021biunea agen\u021bilor de cur\u0103\u021bare naturali, a oxigenului activ \u0219i a enzimelor specifice cur\u0103\u021b\u0103 perfect orice fel de m\u00e2ncare \u0219i le<\/p>","protected":false},"featured_media":197517,"comment_status":"closed","ping_status":"closed","template":"..\/public\/views\/revslider-page-template.php","meta":{"_monsterinsights_skip_tracking":false,"_monsterinsights_sitenote_active":false,"_monsterinsights_sitenote_note":"","_monsterinsights_sitenote_category":0},"product_brand":[],"product_cat":[55,50,1107],"product_tag":[],"class_list":{"0":"post-197397","1":"product","2":"type-product","3":"status-publish","4":"has-post-thumbnail","6":"product_cat-toate-produsele","7":"product_cat-iginina","8":"product_cat-produse-pentru-rufe-si-curatenie","10":"first","11":"instock","12":"shipping-taxable","13":"purchasable","14":"product-type-simple"},"_links":{"self":[{"href":"https:\/\/toystoys.md\/ru\/wp-json\/wp\/v2\/product\/197397","targetHints":{"allow":["GET"]}}],"collection":[{"href":"https:\/\/toystoys.md\/ru\/wp-json\/wp\/v2\/product"}],"about":[{"href":"https:\/\/toystoys.md\/ru\/wp-json\/wp\/v2\/types\/product"}],"replies":[{"embeddable":true,"href":"https:\/\/toystoys.md\/ru\/wp-json\/wp\/v2\/comments?post=197397"}],"wp:featuredmedia":[{"embeddable":true,"href":"https:\/\/toystoys.md\/ru\/wp-json\/wp\/v2\/media\/197517"}],"wp:attachment":[{"href":"https:\/\/toystoys.md\/ru\/wp-json\/wp\/v2\/media?parent=197397"}],"wp:term":[{"taxonomy":"product_brand","embeddable":true,"href":"https:\/\/toystoys.md\/ru\/wp-json\/wp\/v2\/product_brand?post=197397"},{"taxonomy":"product_cat","embeddable":true,"href":"https:\/\/toystoys.md\/ru\/wp-json\/wp\/v2\/product_cat?post=197397"},{"taxonomy":"product_tag","embeddable":true,"href":"https:\/\/toystoys.md\/ru\/wp-json\/wp\/v2\/product_tag?post=197397"}],"curies":[{"name":"wp","href":"https:\/\/api.w.org\/{rel}","templated":true}]}}