{"id":197383,"date":"2024-07-12T00:27:38","date_gmt":"2024-07-12T00:27:38","guid":{"rendered":""},"modified":"2024-07-14T15:21:23","modified_gmt":"2024-07-14T13:21:23","slug":"prod_4009175963475_sc96722","status":"publish","type":"product","link":"https:\/\/toystoys.md\/ru\/shop\/prod_4009175963475_sc96722\/","title":{"rendered":"\u0416\u0438\u0434\u043a\u043e\u0435 \u043c\u043e\u044e\u0449\u0435\u0435 \u0441\u0440\u0435\u0434\u0441\u0442\u0432\u043e \u0434\u043b\u044f \u043e\u0434\u0435\u0436\u0434\u044b \u0413\u0440\u0430\u043d\u0430\u0442 1500\u043c\u043b Frosch"},"content":{"rendered":"<p>Detergentul lichid concentrat Frosch Garnet ofer\u0103 o eficien\u021b\u0103 ridicat\u0103 pentru sp\u0103larea articolelor colorate, albe \u0219i negre. O formul\u0103 special\u0103 cu extracte naturale de acid malic \u0219i agen\u021bi tensioactivi din plante, precum \u0219i inhibitori de transfer al coloran\u021bilor, spal\u0103 eficient rufele, p\u0103str\u00e2nd str\u0103lucirea original\u0103 a \u021bes\u0103turilor colorate.\u00a0Potrivit pentru orice tip de tesatura, cu exceptia lana si matasea.<\/p>","protected":false},"excerpt":{"rendered":"<p>Detergentul lichid concentrat Frosch Garnet ofer\u0103 o eficien\u021b\u0103 ridicat\u0103 pentru sp\u0103larea articolelor colorate, albe \u0219i negre. O formul\u0103 special\u0103 cu<\/p>","protected":false},"featured_media":197495,"comment_status":"closed","ping_status":"closed","template":"..\/public\/views\/revslider-page-template.php","meta":{"_monsterinsights_skip_tracking":false,"_monsterinsights_sitenote_active":false,"_monsterinsights_sitenote_note":"","_monsterinsights_sitenote_category":0},"product_brand":[],"product_cat":[55,50,1107],"product_tag":[],"class_list":{"0":"post-197383","1":"product","2":"type-product","3":"status-publish","4":"has-post-thumbnail","6":"product_cat-toate-produsele","7":"product_cat-iginina","8":"product_cat-produse-pentru-rufe-si-curatenie","10":"first","11":"instock","12":"shipping-taxable","13":"purchasable","14":"product-type-simple"},"_links":{"self":[{"href":"https:\/\/toystoys.md\/ru\/wp-json\/wp\/v2\/product\/197383","targetHints":{"allow":["GET"]}}],"collection":[{"href":"https:\/\/toystoys.md\/ru\/wp-json\/wp\/v2\/product"}],"about":[{"href":"https:\/\/toystoys.md\/ru\/wp-json\/wp\/v2\/types\/product"}],"replies":[{"embeddable":true,"href":"https:\/\/toystoys.md\/ru\/wp-json\/wp\/v2\/comments?post=197383"}],"wp:featuredmedia":[{"embeddable":true,"href":"https:\/\/toystoys.md\/ru\/wp-json\/wp\/v2\/media\/197495"}],"wp:attachment":[{"href":"https:\/\/toystoys.md\/ru\/wp-json\/wp\/v2\/media?parent=197383"}],"wp:term":[{"taxonomy":"product_brand","embeddable":true,"href":"https:\/\/toystoys.md\/ru\/wp-json\/wp\/v2\/product_brand?post=197383"},{"taxonomy":"product_cat","embeddable":true,"href":"https:\/\/toystoys.md\/ru\/wp-json\/wp\/v2\/product_cat?post=197383"},{"taxonomy":"product_tag","embeddable":true,"href":"https:\/\/toystoys.md\/ru\/wp-json\/wp\/v2\/product_tag?post=197383"}],"curies":[{"name":"wp","href":"https:\/\/api.w.org\/{rel}","templated":true}]}}