{"id":197265,"date":"2024-07-09T11:16:03","date_gmt":"2024-07-09T09:16:03","guid":{"rendered":"https:\/\/toystoys.md\/?post_type=product&#038;p=197265"},"modified":"2024-07-09T11:16:55","modified_gmt":"2024-07-09T09:16:55","slug":"bule-de-sapun-60-ml-four-season-bubbles-dulcop","status":"publish","type":"product","link":"https:\/\/toystoys.md\/ru\/shop\/bule-de-sapun-60-ml-four-season-bubbles-dulcop\/","title":{"rendered":"\u041c\u044b\u043b\u044c\u043d\u044b\u0435 \u043f\u0443\u0437\u044b\u0440\u0438 60 ml FOUR SEASON BUBBLES DULCOP"},"content":{"rendered":"<p>Baloanele de s\u0103pun Dulcop \u00eenseamn\u0103 o mul\u021bime de emo\u021bii pozitive \u0219i timp liber interesant \u00een fiecare zi. O sticl\u0103 interesant\u0103 cu personaje colorate nu va l\u0103sa pe nimeni indiferent.<br \/>\nVolum flacon 60 ml.<\/p>","protected":false},"excerpt":{"rendered":"<p>Baloanele de s\u0103pun Dulcop \u00eenseamn\u0103 o mul\u021bime de emo\u021bii pozitive \u0219i timp liber interesant \u00een fiecare zi. O sticl\u0103 interesant\u0103<\/p>","protected":false},"featured_media":197266,"comment_status":"closed","ping_status":"closed","template":"..\/public\/views\/revslider-page-template.php","meta":{"_monsterinsights_skip_tracking":false,"_monsterinsights_sitenote_active":false,"_monsterinsights_sitenote_note":"","_monsterinsights_sitenote_category":0},"product_brand":[],"product_cat":[55,1137,33,1053],"product_tag":[],"class_list":{"0":"post-197265","1":"product","2":"type-product","3":"status-publish","4":"has-post-thumbnail","6":"product_cat-toate-produsele","7":"product_cat-jucarii","8":"product_cat-biciclete-si-jocuri-in-aer-liber","9":"product_cat-totul-pentru-jocuri-active","11":"first","12":"instock","13":"shipping-taxable","14":"purchasable","15":"product-type-simple"},"_links":{"self":[{"href":"https:\/\/toystoys.md\/ru\/wp-json\/wp\/v2\/product\/197265","targetHints":{"allow":["GET"]}}],"collection":[{"href":"https:\/\/toystoys.md\/ru\/wp-json\/wp\/v2\/product"}],"about":[{"href":"https:\/\/toystoys.md\/ru\/wp-json\/wp\/v2\/types\/product"}],"replies":[{"embeddable":true,"href":"https:\/\/toystoys.md\/ru\/wp-json\/wp\/v2\/comments?post=197265"}],"wp:featuredmedia":[{"embeddable":true,"href":"https:\/\/toystoys.md\/ru\/wp-json\/wp\/v2\/media\/197266"}],"wp:attachment":[{"href":"https:\/\/toystoys.md\/ru\/wp-json\/wp\/v2\/media?parent=197265"}],"wp:term":[{"taxonomy":"product_brand","embeddable":true,"href":"https:\/\/toystoys.md\/ru\/wp-json\/wp\/v2\/product_brand?post=197265"},{"taxonomy":"product_cat","embeddable":true,"href":"https:\/\/toystoys.md\/ru\/wp-json\/wp\/v2\/product_cat?post=197265"},{"taxonomy":"product_tag","embeddable":true,"href":"https:\/\/toystoys.md\/ru\/wp-json\/wp\/v2\/product_tag?post=197265"}],"curies":[{"name":"wp","href":"https:\/\/api.w.org\/{rel}","templated":true}]}}