{"id":197040,"date":"2024-07-05T15:48:26","date_gmt":"2024-07-05T15:48:26","guid":{"rendered":""},"modified":"2024-07-06T10:00:21","modified_gmt":"2024-07-06T08:00:21","slug":"prod_6941057407821_sc67874","status":"publish","type":"product","link":"https:\/\/toystoys.md\/ru\/shop\/prod_6941057407821_sc67874\/","title":{"rendered":"\u041c\u0430\u0442\u0440\u0430\u0441 \u0424\u0440\u0443\u043a\u0442\u043e\u0432\u043e\u0435 \u043c\u043e\u0440\u043e\u0436\u0435\u043d\u043d\u043e\u0435 183x66x20\u0441\u043c INTEX"},"content":{"rendered":"<p>R\u0103sf\u0103\u021ba\u021bi-v\u0103 cu aceast\u0103 saltea! O saltea pentru copii \u0219i adul\u021bi v\u0103 va \u00eenso\u021bi toat\u0103 vara pentru a v\u0103 bucura de zilele \u00eensorite. Dimensiune produs: 191*76cm Greutate maxima: 100kg.<\/p>","protected":false},"excerpt":{"rendered":"<p>R\u0103sf\u0103\u021ba\u021bi-v\u0103 cu aceast\u0103 saltea! O saltea pentru copii \u0219i adul\u021bi v\u0103 va \u00eenso\u021bi toat\u0103 vara pentru a v\u0103 bucura de<\/p>","protected":false},"featured_media":197157,"comment_status":"closed","ping_status":"closed","template":"..\/public\/views\/revslider-page-template.php","meta":{"_monsterinsights_skip_tracking":false,"_monsterinsights_sitenote_active":false,"_monsterinsights_sitenote_note":"","_monsterinsights_sitenote_category":0},"product_brand":[],"product_cat":[55,33,1050],"product_tag":[],"class_list":{"0":"post-197040","1":"product","2":"type-product","3":"status-publish","4":"has-post-thumbnail","6":"product_cat-toate-produsele","7":"product_cat-biciclete-si-jocuri-in-aer-liber","8":"product_cat-totul-pentru-inot","10":"first","11":"instock","12":"shipping-taxable","13":"purchasable","14":"product-type-simple"},"_links":{"self":[{"href":"https:\/\/toystoys.md\/ru\/wp-json\/wp\/v2\/product\/197040","targetHints":{"allow":["GET"]}}],"collection":[{"href":"https:\/\/toystoys.md\/ru\/wp-json\/wp\/v2\/product"}],"about":[{"href":"https:\/\/toystoys.md\/ru\/wp-json\/wp\/v2\/types\/product"}],"replies":[{"embeddable":true,"href":"https:\/\/toystoys.md\/ru\/wp-json\/wp\/v2\/comments?post=197040"}],"wp:featuredmedia":[{"embeddable":true,"href":"https:\/\/toystoys.md\/ru\/wp-json\/wp\/v2\/media\/197157"}],"wp:attachment":[{"href":"https:\/\/toystoys.md\/ru\/wp-json\/wp\/v2\/media?parent=197040"}],"wp:term":[{"taxonomy":"product_brand","embeddable":true,"href":"https:\/\/toystoys.md\/ru\/wp-json\/wp\/v2\/product_brand?post=197040"},{"taxonomy":"product_cat","embeddable":true,"href":"https:\/\/toystoys.md\/ru\/wp-json\/wp\/v2\/product_cat?post=197040"},{"taxonomy":"product_tag","embeddable":true,"href":"https:\/\/toystoys.md\/ru\/wp-json\/wp\/v2\/product_tag?post=197040"}],"curies":[{"name":"wp","href":"https:\/\/api.w.org\/{rel}","templated":true}]}}