{"id":197027,"date":"2024-07-05T15:45:12","date_gmt":"2024-07-05T15:45:12","guid":{"rendered":""},"modified":"2024-07-06T10:22:39","modified_gmt":"2024-07-06T08:22:39","slug":"prod_5055192201433_sc22685","status":"publish","type":"product","link":"https:\/\/toystoys.md\/ru\/shop\/prod_5055192201433_sc22685\/","title":{"rendered":"\u0414\u0435\u0442\u0441\u043a\u0430\u044f \u043f\u043e\u0434\u0443\u0448\u043a\u0430 \u0434\u043b\u044f \u043f\u0443\u0442\u0435\u0448\u0435\u0441\u0442\u0432\u0438\u0439 \u0411\u044d\u0442\u0441\u0438 \u0440\u043e\u0437\u043e\u0432\u0430\u044f TRUNKI"},"content":{"rendered":"<p>O tetiera de dinozaur luminoasa si moale pentru copii in culoarea verde aprins va face calatoria copilului dumneavoastra confortabila. Tetiera este confectionata din material moale, placut la atingere, motiv pentru care bebelusul tau va adora sa doarma pe ea pe drum. Un material de umplutur\u0103 special va crea o form\u0103 anatomic\u0103 \u0219i va u\u0219ura sarcina pe mu\u0219chii g\u00e2tului \u0219i umerilor bebelu\u0219ului. Acest lucru v\u0103 permite s\u0103 utiliza\u021bi accesoriul ca o juc\u0103rie. Suportul universal Trunki Grip v\u0103 permite s\u0103 fixa\u021bi o p\u0103tur\u0103 sau s\u0103 at\u00e2rna\u021bi ochelarii de soare pentru copii. Diametrul interior al tetierei: 10 cm (circumferinta 28 cm). Diametru exterior 20 cm Poate fi folosit cu scaune auto pentru copii.<\/p>","protected":false},"excerpt":{"rendered":"<p>O tetiera de dinozaur luminoasa si moale pentru copii in culoarea verde aprins va face calatoria copilului dumneavoastra confortabila. Tetiera<\/p>","protected":false},"featured_media":197184,"comment_status":"closed","ping_status":"closed","template":"..\/public\/views\/revslider-page-template.php","meta":{"_monsterinsights_skip_tracking":false,"_monsterinsights_sitenote_active":false,"_monsterinsights_sitenote_note":"","_monsterinsights_sitenote_category":0},"product_brand":[],"product_cat":[55,174,1097],"product_tag":[],"class_list":{"0":"post-197027","1":"product","2":"type-product","3":"status-publish","4":"has-post-thumbnail","6":"product_cat-toate-produsele","7":"product_cat-calatorii-si-accesorii","8":"product_cat-scaune-auto","10":"first","11":"instock","12":"shipping-taxable","13":"purchasable","14":"product-type-simple"},"_links":{"self":[{"href":"https:\/\/toystoys.md\/ru\/wp-json\/wp\/v2\/product\/197027","targetHints":{"allow":["GET"]}}],"collection":[{"href":"https:\/\/toystoys.md\/ru\/wp-json\/wp\/v2\/product"}],"about":[{"href":"https:\/\/toystoys.md\/ru\/wp-json\/wp\/v2\/types\/product"}],"replies":[{"embeddable":true,"href":"https:\/\/toystoys.md\/ru\/wp-json\/wp\/v2\/comments?post=197027"}],"wp:featuredmedia":[{"embeddable":true,"href":"https:\/\/toystoys.md\/ru\/wp-json\/wp\/v2\/media\/197184"}],"wp:attachment":[{"href":"https:\/\/toystoys.md\/ru\/wp-json\/wp\/v2\/media?parent=197027"}],"wp:term":[{"taxonomy":"product_brand","embeddable":true,"href":"https:\/\/toystoys.md\/ru\/wp-json\/wp\/v2\/product_brand?post=197027"},{"taxonomy":"product_cat","embeddable":true,"href":"https:\/\/toystoys.md\/ru\/wp-json\/wp\/v2\/product_cat?post=197027"},{"taxonomy":"product_tag","embeddable":true,"href":"https:\/\/toystoys.md\/ru\/wp-json\/wp\/v2\/product_tag?post=197027"}],"curies":[{"name":"wp","href":"https:\/\/api.w.org\/{rel}","templated":true}]}}