{"id":197024,"date":"2024-07-05T15:44:53","date_gmt":"2024-07-05T15:44:53","guid":{"rendered":""},"modified":"2024-07-06T10:12:24","modified_gmt":"2024-07-06T08:12:24","slug":"prod_5055192201471_sc22641","status":"publish","type":"product","link":"https:\/\/toystoys.md\/ru\/shop\/prod_5055192201471_sc22641\/","title":{"rendered":"\u0414\u0435\u0442\u0441\u043a\u0430\u044f \u043f\u043e\u0434\u0443\u0448\u043a\u0430 \u0434\u043b\u044f \u043f\u0443\u0442\u0435\u0448\u0435\u0441\u0442\u0432\u0438\u0439 \u041e\u0431\u0435\u0437\u044c\u044f\u043d\u043a\u0430 \u043e\u0440\u0430\u043d\u0436\u0435\u0432\u0430\u044f TRUNKI"},"content":{"rendered":"<p>Aceste tetiere special concepute pentru scaune de ma\u0219in\u0103 se conecteaz\u0103 sub b\u0103rbie datorit\u0103 magne\u021bilor ascun\u0219i pentru a forma o pern\u0103 moale \u0219i de sus\u021binere. Datorit\u0103 acestui lucru, capul bebelu\u0219ului t\u0103u nu se va cl\u0103tina dintr-o parte \u00een alta \u0219i copilul va putea dormi lini\u0219tit. Pute\u021bi ata\u0219a pe pern\u0103 p\u0103tura sau juc\u0103ria preferat\u0103 a copilului dumneavoastr\u0103.<\/p>","protected":false},"excerpt":{"rendered":"<p>Aceste tetiere special concepute pentru scaune de ma\u0219in\u0103 se conecteaz\u0103 sub b\u0103rbie datorit\u0103 magne\u021bilor ascun\u0219i pentru a forma o pern\u0103<\/p>","protected":false},"featured_media":197172,"comment_status":"closed","ping_status":"closed","template":"..\/public\/views\/revslider-page-template.php","meta":{"_monsterinsights_skip_tracking":false,"_monsterinsights_sitenote_active":false,"_monsterinsights_sitenote_note":"","_monsterinsights_sitenote_category":0},"product_brand":[],"product_cat":[55,174,1097],"product_tag":[],"class_list":{"0":"post-197024","1":"product","2":"type-product","3":"status-publish","4":"has-post-thumbnail","6":"product_cat-toate-produsele","7":"product_cat-calatorii-si-accesorii","8":"product_cat-scaune-auto","10":"first","11":"instock","12":"shipping-taxable","13":"purchasable","14":"product-type-simple"},"_links":{"self":[{"href":"https:\/\/toystoys.md\/ru\/wp-json\/wp\/v2\/product\/197024","targetHints":{"allow":["GET"]}}],"collection":[{"href":"https:\/\/toystoys.md\/ru\/wp-json\/wp\/v2\/product"}],"about":[{"href":"https:\/\/toystoys.md\/ru\/wp-json\/wp\/v2\/types\/product"}],"replies":[{"embeddable":true,"href":"https:\/\/toystoys.md\/ru\/wp-json\/wp\/v2\/comments?post=197024"}],"wp:featuredmedia":[{"embeddable":true,"href":"https:\/\/toystoys.md\/ru\/wp-json\/wp\/v2\/media\/197172"}],"wp:attachment":[{"href":"https:\/\/toystoys.md\/ru\/wp-json\/wp\/v2\/media?parent=197024"}],"wp:term":[{"taxonomy":"product_brand","embeddable":true,"href":"https:\/\/toystoys.md\/ru\/wp-json\/wp\/v2\/product_brand?post=197024"},{"taxonomy":"product_cat","embeddable":true,"href":"https:\/\/toystoys.md\/ru\/wp-json\/wp\/v2\/product_cat?post=197024"},{"taxonomy":"product_tag","embeddable":true,"href":"https:\/\/toystoys.md\/ru\/wp-json\/wp\/v2\/product_tag?post=197024"}],"curies":[{"name":"wp","href":"https:\/\/api.w.org\/{rel}","templated":true}]}}