{"id":197023,"date":"2024-07-05T15:44:50","date_gmt":"2024-07-05T15:44:50","guid":{"rendered":""},"modified":"2025-06-24T16:28:32","modified_gmt":"2025-06-24T14:28:32","slug":"prod_5055192203000_sc22689","status":"publish","type":"product","link":"https:\/\/toystoys.md\/ru\/shop\/prod_5055192203000_sc22689\/","title":{"rendered":"\u041a\u043e\u043d\u0442\u0435\u0439\u043d\u0435\u0440\u044b \u0434\u043b\u044f \u0441\u043d\u0435\u043a\u043e\u0432 (\u0420\u043e\u0437\u043e\u0432\u044b\u0439, \u0437\u0435\u043b\u0435\u043d\u044b\u0439, \u0444\u0438\u043e\u043b\u0435\u0442\u043e\u0432\u044b\u0439) \u043d\u0430\u0431\u043e\u0440 3 \u0448\u0442 TRUNKI"},"content":{"rendered":"<p>Trunki Snack Pots sunt perfecte pentru depozitarea gust\u0103rilor preferate de toate formele \u0219i dimensiunile, \u00eencuraj\u00e2ndu-i pe cei mici s\u0103 m\u0103n\u00e2nce ce vor \u00een mi\u0219care. Cele trei ghivece colorate, variaz\u0103 \u00een dimensiune \u0219i se cuib\u0103resc unul \u00een cel\u0103lalt pentru o depozitare u\u0219oar\u0103. Poate fi folosit \u00een rucsacul Trunki Lunch Bag \u00eempreun\u0103 cu sticla Trunki Drinks.<\/p>","protected":false},"excerpt":{"rendered":"<p>Trunki Snack Pots sunt perfecte pentru depozitarea gust\u0103rilor preferate de toate formele \u0219i dimensiunile, \u00eencuraj\u00e2ndu-i pe cei mici s\u0103 m\u0103n\u00e2nce<\/p>","protected":false},"featured_media":197206,"comment_status":"closed","ping_status":"closed","template":"..\/public\/views\/revslider-page-template.php","meta":{"_monsterinsights_skip_tracking":false,"_monsterinsights_sitenote_active":false,"_monsterinsights_sitenote_note":"","_monsterinsights_sitenote_category":0},"product_brand":[],"product_cat":[55,1040,809],"product_tag":[],"class_list":{"0":"post-197023","1":"product","2":"type-product","3":"status-publish","4":"has-post-thumbnail","6":"product_cat-toate-produsele","7":"product_cat-totul-pentru-hranire","8":"product_cat-vase-si-accesorii-pentru-masa","10":"first","11":"outofstock","12":"shipping-taxable","13":"purchasable","14":"product-type-simple"},"_links":{"self":[{"href":"https:\/\/toystoys.md\/ru\/wp-json\/wp\/v2\/product\/197023","targetHints":{"allow":["GET"]}}],"collection":[{"href":"https:\/\/toystoys.md\/ru\/wp-json\/wp\/v2\/product"}],"about":[{"href":"https:\/\/toystoys.md\/ru\/wp-json\/wp\/v2\/types\/product"}],"replies":[{"embeddable":true,"href":"https:\/\/toystoys.md\/ru\/wp-json\/wp\/v2\/comments?post=197023"}],"wp:featuredmedia":[{"embeddable":true,"href":"https:\/\/toystoys.md\/ru\/wp-json\/wp\/v2\/media\/197206"}],"wp:attachment":[{"href":"https:\/\/toystoys.md\/ru\/wp-json\/wp\/v2\/media?parent=197023"}],"wp:term":[{"taxonomy":"product_brand","embeddable":true,"href":"https:\/\/toystoys.md\/ru\/wp-json\/wp\/v2\/product_brand?post=197023"},{"taxonomy":"product_cat","embeddable":true,"href":"https:\/\/toystoys.md\/ru\/wp-json\/wp\/v2\/product_cat?post=197023"},{"taxonomy":"product_tag","embeddable":true,"href":"https:\/\/toystoys.md\/ru\/wp-json\/wp\/v2\/product_tag?post=197023"}],"curies":[{"name":"wp","href":"https:\/\/api.w.org\/{rel}","templated":true}]}}