{"id":197007,"date":"2024-07-04T15:41:04","date_gmt":"2024-07-04T13:41:04","guid":{"rendered":""},"modified":"2024-07-05T18:48:33","modified_gmt":"2024-07-05T16:48:33","slug":"prod_6942138972122_sc96570","status":"publish","type":"product","link":"https:\/\/toystoys.md\/ru\/shop\/prod_6942138972122_sc96570\/","title":{"rendered":"\u041d\u0430\u0434\u0443\u0432\u043d\u043e\u0439 \u0434\u0435\u0442\u0441\u043a\u0438\u0439 \u043c\u0430\u0442\u0440\u0430\u0441 \u0441\u043e \u0441\u043f\u0438\u043d\u043a\u043e\u0439 \u0438 \u0440\u043e\u0437\u043e\u0432\u043e\u0439 \u043f\u043e\u0434\u0441\u0432\u0435\u0442\u043a\u043e\u0439 1,32\u043c\u044576\u0441\u043c\u044546\u0441\u043c Bestway"},"content":{"rendered":"<p>Bestway prezinta o saltea gonflabila cu proiector pentru un copil. O saltea din velur cu o grafic\u0103 stea fermec\u0103toare \u0219i o structur\u0103 confortabil\u0103 va fi perfect\u0103 pentru un prieten care tocmai a r\u0103mas peste noapte, \u00eentr-un camping sau camping. O saltea cu o tetiera confortabila si un proiector incorporat va asigura un somn bun pentru fiecare copil. Salteaua este realizata dintr-un material moale dar rezistent, acoperita cu velur in partea superioara, are o camera de aer, protejata suplimentar impotriva scurgerilor de aer in exterior. Proiectorul, care func\u021bioneaz\u0103 \u0219i ca lamp\u0103, afi\u0219eaz\u0103 stelele \u00een culori diferite \u0219i se opre\u0219te automat dup\u0103 30 de minute. Este alimentat de 3 baterii (3 x LR03 \/ AAA &#8211; nu sunt incluse).<\/p>","protected":false},"excerpt":{"rendered":"<p>Bestway prezinta o saltea gonflabila cu proiector pentru un copil. O saltea din velur cu o grafic\u0103 stea fermec\u0103toare \u0219i<\/p>","protected":false},"featured_media":197122,"comment_status":"closed","ping_status":"closed","template":"..\/public\/views\/revslider-page-template.php","meta":{"_monsterinsights_skip_tracking":false,"_monsterinsights_sitenote_active":false,"_monsterinsights_sitenote_note":"","_monsterinsights_sitenote_category":0},"product_brand":[],"product_cat":[55,52,1067],"product_tag":[],"class_list":{"0":"post-197007","1":"product","2":"type-product","3":"status-publish","4":"has-post-thumbnail","6":"product_cat-toate-produsele","7":"product_cat-mobila-pentru-copii-accesorii","8":"product_cat-saltele","10":"first","11":"instock","12":"shipping-taxable","13":"purchasable","14":"product-type-simple"},"_links":{"self":[{"href":"https:\/\/toystoys.md\/ru\/wp-json\/wp\/v2\/product\/197007","targetHints":{"allow":["GET"]}}],"collection":[{"href":"https:\/\/toystoys.md\/ru\/wp-json\/wp\/v2\/product"}],"about":[{"href":"https:\/\/toystoys.md\/ru\/wp-json\/wp\/v2\/types\/product"}],"replies":[{"embeddable":true,"href":"https:\/\/toystoys.md\/ru\/wp-json\/wp\/v2\/comments?post=197007"}],"wp:featuredmedia":[{"embeddable":true,"href":"https:\/\/toystoys.md\/ru\/wp-json\/wp\/v2\/media\/197122"}],"wp:attachment":[{"href":"https:\/\/toystoys.md\/ru\/wp-json\/wp\/v2\/media?parent=197007"}],"wp:term":[{"taxonomy":"product_brand","embeddable":true,"href":"https:\/\/toystoys.md\/ru\/wp-json\/wp\/v2\/product_brand?post=197007"},{"taxonomy":"product_cat","embeddable":true,"href":"https:\/\/toystoys.md\/ru\/wp-json\/wp\/v2\/product_cat?post=197007"},{"taxonomy":"product_tag","embeddable":true,"href":"https:\/\/toystoys.md\/ru\/wp-json\/wp\/v2\/product_tag?post=197007"}],"curies":[{"name":"wp","href":"https:\/\/api.w.org\/{rel}","templated":true}]}}