{"id":197000,"date":"2024-07-04T15:40:39","date_gmt":"2024-07-04T13:40:39","guid":{"rendered":""},"modified":"2024-07-05T16:29:49","modified_gmt":"2024-07-05T14:29:49","slug":"prod_6941057425887_sc96561","status":"publish","type":"product","link":"https:\/\/toystoys.md\/ru\/shop\/prod_6941057425887_sc96561\/","title":{"rendered":"\u041d\u0430\u0434\u0443\u0432\u043d\u043e\u0439 \u0436\u0438\u043b\u0435\u0442 \u0434\u043b\u044f \u043f\u043b\u0430\u0432\u0430\u043d\u0438\u044f Blue Lagoon 41\u044530 \u0441\u043c, 3-5 \u043b\u0435\u0442 Intex"},"content":{"rendered":"<p>Vesta gonflabil\u0103 Intex Blue Lagoon este realizat\u0103 din PVC de \u00eenalt\u0103 calitate \u0219i are un design moale.|<br \/>\n\u0425\u0430\u0440\u0430\u043a\u0442\u0435\u0440\u0438\u0441\u0442\u0438\u043a\u0438:<br \/>\nvarsta: de la 3 la 5 ani;<br \/>\ndimensiune: 41 x 30 cm;<br \/>\ngreutate maxima: 18-23 kg;<\/p>","protected":false},"excerpt":{"rendered":"<p>Vesta gonflabil\u0103 Intex Blue Lagoon este realizat\u0103 din PVC de \u00eenalt\u0103 calitate \u0219i are un design moale.| Caracteristici principale: varsta:<\/p>","protected":false},"featured_media":197057,"comment_status":"closed","ping_status":"closed","template":"..\/public\/views\/revslider-page-template.php","meta":{"_monsterinsights_skip_tracking":false,"_monsterinsights_sitenote_active":false,"_monsterinsights_sitenote_note":"","_monsterinsights_sitenote_category":0},"product_brand":[],"product_cat":[55,33,1050],"product_tag":[],"class_list":{"0":"post-197000","1":"product","2":"type-product","3":"status-publish","4":"has-post-thumbnail","6":"product_cat-toate-produsele","7":"product_cat-biciclete-si-jocuri-in-aer-liber","8":"product_cat-totul-pentru-inot","10":"first","11":"instock","12":"shipping-taxable","13":"purchasable","14":"product-type-simple"},"_links":{"self":[{"href":"https:\/\/toystoys.md\/ru\/wp-json\/wp\/v2\/product\/197000","targetHints":{"allow":["GET"]}}],"collection":[{"href":"https:\/\/toystoys.md\/ru\/wp-json\/wp\/v2\/product"}],"about":[{"href":"https:\/\/toystoys.md\/ru\/wp-json\/wp\/v2\/types\/product"}],"replies":[{"embeddable":true,"href":"https:\/\/toystoys.md\/ru\/wp-json\/wp\/v2\/comments?post=197000"}],"wp:featuredmedia":[{"embeddable":true,"href":"https:\/\/toystoys.md\/ru\/wp-json\/wp\/v2\/media\/197057"}],"wp:attachment":[{"href":"https:\/\/toystoys.md\/ru\/wp-json\/wp\/v2\/media?parent=197000"}],"wp:term":[{"taxonomy":"product_brand","embeddable":true,"href":"https:\/\/toystoys.md\/ru\/wp-json\/wp\/v2\/product_brand?post=197000"},{"taxonomy":"product_cat","embeddable":true,"href":"https:\/\/toystoys.md\/ru\/wp-json\/wp\/v2\/product_cat?post=197000"},{"taxonomy":"product_tag","embeddable":true,"href":"https:\/\/toystoys.md\/ru\/wp-json\/wp\/v2\/product_tag?post=197000"}],"curies":[{"name":"wp","href":"https:\/\/api.w.org\/{rel}","templated":true}]}}