{"id":196998,"date":"2024-07-04T15:40:32","date_gmt":"2024-07-04T13:40:32","guid":{"rendered":""},"modified":"2024-07-05T16:24:21","modified_gmt":"2024-07-05T14:24:21","slug":"prod_6941057422718_sc96574","status":"publish","type":"product","link":"https:\/\/toystoys.md\/ru\/shop\/prod_6941057422718_sc96574\/","title":{"rendered":"\u041d\u0430\u0434\u0443\u0432\u043d\u043e\u0439 \u0441\u0435\u043c\u0435\u0439\u043d\u044b\u0439 \u0431\u0430\u0441\u0441\u0435\u0439\u043d \u0440\u043e\u0437\u043e\u0432\u044b\u0439 305\u0445183\u044556 \u0441\u043c 1050 \u043b Intex"},"content":{"rendered":"<p><span>Piscina gonflabil\u0103 roz Intex este conceput\u0103 pentru copiii care \u00eenoat\u0103 (sub supravegherea unui adult).\u00a0<\/span><span>Dimensiunea unic\u0103 a piscinei permite nu numai copiilor, ci \u0219i adul\u021bilor s\u0103 se b\u0103l\u0103ceasc\u0103.\u00a0<\/span><span>Culoarea \u0219i forma str\u0103lucitoare a piscinei vor deveni un decor original al site-ului t\u0103u, f\u0103r\u0103 a te l\u0103sa pe tine \u0219i familia ta indiferen\u021bi. Volumul mic al piscinei permite apei s\u0103 se \u00eenc\u0103lzeasc\u0103 rapid sub razele soarelui, scutindu-te de a a\u0219tepta momentul de a te \u00eemprosp\u0103ta \u0219i de a te distra \u00eentr-o zi fierbinte de var\u0103.\u00a0<\/span><span>Piscina are trei camere de aer independente cu supape pentru umflare si dezumflare. Exist\u0103, de asemenea, o supap\u0103 \u00een partea de jos a piscinei pentru scurgerea u\u0219oar\u0103 a apei. Pere\u021bii largi \u0219i moi pot fi folosi\u021bi pentru a se a\u0219eza.<br \/>\nVolumul,\u00a0 1050 l<br \/>\nV\u00e2rst\u0103 6+<br \/>\nDimensiuni 305x183x56 cm<br \/>\n<\/span><\/p>","protected":false},"excerpt":{"rendered":"<p>Piscina gonflabil\u0103 roz Intex este conceput\u0103 pentru copiii care \u00eenoat\u0103 (sub supravegherea unui adult).\u00a0Dimensiunea unic\u0103 a piscinei permite nu numai<\/p>","protected":false},"featured_media":197048,"comment_status":"closed","ping_status":"closed","template":"..\/public\/views\/revslider-page-template.php","meta":{"_monsterinsights_skip_tracking":false,"_monsterinsights_sitenote_active":false,"_monsterinsights_sitenote_note":"","_monsterinsights_sitenote_category":0},"product_brand":[],"product_cat":[55,33,1050],"product_tag":[],"class_list":{"0":"post-196998","1":"product","2":"type-product","3":"status-publish","4":"has-post-thumbnail","6":"product_cat-toate-produsele","7":"product_cat-biciclete-si-jocuri-in-aer-liber","8":"product_cat-totul-pentru-inot","10":"first","11":"instock","12":"shipping-taxable","13":"purchasable","14":"product-type-simple"},"_links":{"self":[{"href":"https:\/\/toystoys.md\/ru\/wp-json\/wp\/v2\/product\/196998","targetHints":{"allow":["GET"]}}],"collection":[{"href":"https:\/\/toystoys.md\/ru\/wp-json\/wp\/v2\/product"}],"about":[{"href":"https:\/\/toystoys.md\/ru\/wp-json\/wp\/v2\/types\/product"}],"replies":[{"embeddable":true,"href":"https:\/\/toystoys.md\/ru\/wp-json\/wp\/v2\/comments?post=196998"}],"wp:featuredmedia":[{"embeddable":true,"href":"https:\/\/toystoys.md\/ru\/wp-json\/wp\/v2\/media\/197048"}],"wp:attachment":[{"href":"https:\/\/toystoys.md\/ru\/wp-json\/wp\/v2\/media?parent=196998"}],"wp:term":[{"taxonomy":"product_brand","embeddable":true,"href":"https:\/\/toystoys.md\/ru\/wp-json\/wp\/v2\/product_brand?post=196998"},{"taxonomy":"product_cat","embeddable":true,"href":"https:\/\/toystoys.md\/ru\/wp-json\/wp\/v2\/product_cat?post=196998"},{"taxonomy":"product_tag","embeddable":true,"href":"https:\/\/toystoys.md\/ru\/wp-json\/wp\/v2\/product_tag?post=196998"}],"curies":[{"name":"wp","href":"https:\/\/api.w.org\/{rel}","templated":true}]}}