{"id":196737,"date":"2024-07-01T14:34:53","date_gmt":"2024-07-01T14:34:53","guid":{"rendered":"https:\/\/toystoys.md\/shop\/prod_3280250079514_sc96532\/"},"modified":"2025-05-07T16:52:12","modified_gmt":"2025-05-07T14:52:12","slug":"prod_3280250079514_sc96532","status":"publish","type":"product","link":"https:\/\/toystoys.md\/ru\/shop\/prod_3280250079514_sc96532\/","title":{"rendered":"\u041a\u043b\u0430\u0441\u0441\u0438\u0447\u0435\u0441\u043a\u0438\u0439 \u0440\u0435\u0442\u0440\u043e-\u0430\u0432\u0442\u043e\u043c\u043e\u0431\u0438\u043b\u044c Tolocar 52,5 \u0441\u043c 12-36 \u043c\u0435\u0441\u044f\u0446\u0435\u0432 Ecoiffier"},"content":{"rendered":"<p>\u0412\u0430\u0448 \u0440\u0435\u0431\u0435\u043d\u043e\u043a \u0441\u0442\u0430\u043d\u0435\u0442 \u043a\u043e\u0440\u043e\u043b\u0435\u043c \u0442\u0440\u0435\u043a\u0430, \u043f\u043e\u0441\u043a\u043e\u043b\u044c\u043a\u0443 \u043e\u043d \u043d\u0430\u0443\u0447\u0438\u0442\u0441\u044f \u0434\u0435\u0440\u0436\u0430\u0442\u044c \u0440\u0430\u0432\u043d\u043e\u0432\u0435\u0441\u0438\u0435 \u0438 \u0440\u0430\u0437\u0432\u0438\u0432\u0430\u0442\u044c \u043c\u043e\u0442\u043e\u0440\u0438\u043a\u0443 \u0441 \u043f\u043e\u043c\u043e\u0449\u044c\u044e Abrick Riding Car Rabbit.<\/p>","protected":false},"excerpt":{"rendered":"<p>: Copilul t\u0103u va deveni regele pistei, pe m\u0103sur\u0103 ce \u00eenva\u021b\u0103 s\u0103-\u0219i st\u0103p\u00e2neasc\u0103 echilibrul \u0219i s\u0103-\u0219i dezvolte abilit\u0103\u021bile motorii cu<\/p>","protected":false},"featured_media":196927,"comment_status":"closed","ping_status":"closed","template":"..\/public\/views\/revslider-page-template.php","meta":{"_monsterinsights_skip_tracking":false,"_monsterinsights_sitenote_active":false,"_monsterinsights_sitenote_note":"","_monsterinsights_sitenote_category":0},"product_brand":[],"product_cat":[1137,55,1058,48],"product_tag":[],"class_list":{"0":"post-196737","1":"product","2":"type-product","3":"status-publish","4":"has-post-thumbnail","6":"product_cat-jucarii","7":"product_cat-toate-produsele","8":"product_cat-tolocare","9":"product_cat-biciclete-si-scutere","11":"first","12":"outofstock","13":"shipping-taxable","14":"purchasable","15":"product-type-simple"},"_links":{"self":[{"href":"https:\/\/toystoys.md\/ru\/wp-json\/wp\/v2\/product\/196737","targetHints":{"allow":["GET"]}}],"collection":[{"href":"https:\/\/toystoys.md\/ru\/wp-json\/wp\/v2\/product"}],"about":[{"href":"https:\/\/toystoys.md\/ru\/wp-json\/wp\/v2\/types\/product"}],"replies":[{"embeddable":true,"href":"https:\/\/toystoys.md\/ru\/wp-json\/wp\/v2\/comments?post=196737"}],"wp:featuredmedia":[{"embeddable":true,"href":"https:\/\/toystoys.md\/ru\/wp-json\/wp\/v2\/media\/196927"}],"wp:attachment":[{"href":"https:\/\/toystoys.md\/ru\/wp-json\/wp\/v2\/media?parent=196737"}],"wp:term":[{"taxonomy":"product_brand","embeddable":true,"href":"https:\/\/toystoys.md\/ru\/wp-json\/wp\/v2\/product_brand?post=196737"},{"taxonomy":"product_cat","embeddable":true,"href":"https:\/\/toystoys.md\/ru\/wp-json\/wp\/v2\/product_cat?post=196737"},{"taxonomy":"product_tag","embeddable":true,"href":"https:\/\/toystoys.md\/ru\/wp-json\/wp\/v2\/product_tag?post=196737"}],"curies":[{"name":"wp","href":"https:\/\/api.w.org\/{rel}","templated":true}]}}