{"id":196726,"date":"2024-07-01T14:34:12","date_gmt":"2024-07-01T14:34:12","guid":{"rendered":"https:\/\/toystoys.md\/shop\/prod_3280250044796_sc96518\/"},"modified":"2025-03-19T15:36:09","modified_gmt":"2025-03-19T13:36:09","slug":"prod_3280250044796_sc96518","status":"publish","type":"product","link":"https:\/\/toystoys.md\/ru\/shop\/prod_3280250044796_sc96518\/","title":{"rendered":"\u041d\u0435\u0431\u043e\u043b\u044c\u0448\u0430\u044f \u0441\u0430\u0434\u043e\u0432\u0430\u044f \u0442\u0435\u043b\u0435\u0436\u043a\u0430 Ecoiffier \u0440\u0430\u0437\u043c\u0435\u0440\u043e\u043c 26*33*50,5 \u0441\u043c."},"content":{"rendered":"<p>\u041f\u0440\u0430\u043a\u0442\u0438\u0447\u043d\u044b\u0435 \u0438\u043d\u0441\u0442\u0440\u0443\u043c\u0435\u043d\u0442\u044b: \u0412 \u044d\u0442\u043e\u0442 \u043a\u043e\u043c\u043f\u043b\u0435\u043a\u0442 \u0432\u0445\u043e\u0434\u0438\u0442 1 \u043a\u043e\u043b\u0435\u0441\u043d\u0430\u044f \u0442\u0435\u043b\u0435\u0436\u043a\u0430 \u0441 \u0438\u043d\u0441\u0442\u0440\u0443\u043c\u0435\u043d\u0442\u0430\u043c\u0438: 1 \u043c\u043e\u0442\u044b\u0433\u0430, 1 \u043b\u043e\u043f\u0430\u0442\u0430 \u0434\u043b\u044f \u043f\u043e\u0441\u0430\u0434\u043a\u0438, 1 \u0440\u0430\u043a\u0435\u043b\u044c, 1 \u043b\u0435\u0439\u043a\u0430, 1 \u043d\u043e\u0436\u043d\u0438\u0446\u044b, 1 \u0441\u0435\u044f\u043b\u043a\u0430 \u0438 2 \u0446\u0432\u0435\u0442\u043e\u0447\u043d\u044b\u0445 \u0433\u043e\u0440\u0448\u043a\u0430.<\/p>","protected":false},"excerpt":{"rendered":"<p>Instrumente practice: Acest kit con\u021bine 1 c\u0103rucior cu ro\u021bi cu instrumentele sale: 1 binet\u0103, 1 lopat\u0103 de plantat, 1 raclet\u0103,<\/p>","protected":false},"featured_media":196968,"comment_status":"closed","ping_status":"closed","template":"..\/public\/views\/revslider-page-template.php","meta":{"_monsterinsights_skip_tracking":false,"_monsterinsights_sitenote_active":false,"_monsterinsights_sitenote_note":"","_monsterinsights_sitenote_category":0},"product_brand":[],"product_cat":[55,1137,33,1052],"product_tag":[],"class_list":{"0":"post-196726","1":"product","2":"type-product","3":"status-publish","4":"has-post-thumbnail","6":"product_cat-toate-produsele","7":"product_cat-jucarii","8":"product_cat-biciclete-si-jocuri-in-aer-liber","9":"product_cat-unelte-pentru-nisip","11":"first","12":"outofstock","13":"shipping-taxable","14":"purchasable","15":"product-type-simple"},"_links":{"self":[{"href":"https:\/\/toystoys.md\/ru\/wp-json\/wp\/v2\/product\/196726","targetHints":{"allow":["GET"]}}],"collection":[{"href":"https:\/\/toystoys.md\/ru\/wp-json\/wp\/v2\/product"}],"about":[{"href":"https:\/\/toystoys.md\/ru\/wp-json\/wp\/v2\/types\/product"}],"replies":[{"embeddable":true,"href":"https:\/\/toystoys.md\/ru\/wp-json\/wp\/v2\/comments?post=196726"}],"wp:featuredmedia":[{"embeddable":true,"href":"https:\/\/toystoys.md\/ru\/wp-json\/wp\/v2\/media\/196968"}],"wp:attachment":[{"href":"https:\/\/toystoys.md\/ru\/wp-json\/wp\/v2\/media?parent=196726"}],"wp:term":[{"taxonomy":"product_brand","embeddable":true,"href":"https:\/\/toystoys.md\/ru\/wp-json\/wp\/v2\/product_brand?post=196726"},{"taxonomy":"product_cat","embeddable":true,"href":"https:\/\/toystoys.md\/ru\/wp-json\/wp\/v2\/product_cat?post=196726"},{"taxonomy":"product_tag","embeddable":true,"href":"https:\/\/toystoys.md\/ru\/wp-json\/wp\/v2\/product_tag?post=196726"}],"curies":[{"name":"wp","href":"https:\/\/api.w.org\/{rel}","templated":true}]}}