{"id":196723,"date":"2024-07-01T14:34:00","date_gmt":"2024-07-01T14:34:00","guid":{"rendered":"https:\/\/toystoys.md\/shop\/prod_3280250043454_sc96545\/"},"modified":"2024-07-04T15:02:43","modified_gmt":"2024-07-04T13:02:43","slug":"prod_3280250043454_sc96545","status":"publish","type":"product","link":"https:\/\/toystoys.md\/ru\/shop\/prod_3280250043454_sc96545\/","title":{"rendered":"\u041c\u0430\u043b\u0435\u043d\u044c\u043a\u0430\u044f \u0441\u0430\u0434\u043e\u0432\u0430\u044f \u0442\u0435\u043b\u0435\u0436\u043a\u0430 \u0441 \u0438\u043d\u0441\u0442\u0440\u0443\u043c\u0435\u043d\u0442\u0430\u043c\u0438 \u043e\u0442 18 \u043c\u0435\u0441\u044f\u0446\u0435\u0432 Ecoiffier"},"content":{"rendered":"<p>\u0412 \u041a\u041e\u041c\u041f\u041b\u0415\u041a\u0422\u0415: 1 \u0432\u0435\u0434\u0440\u043e \u0441 \u0444\u0440\u0443\u043a\u0442\u043e\u0432\u043e-\u043e\u0432\u043e\u0449\u043d\u043e\u0439 \u0442\u0435\u043c\u0430\u0442\u0438\u043a\u043e\u0439, \u0441\u0438\u0442\u043e, \u043b\u0435\u0439\u043a\u0430, \u043b\u043e\u043f\u0430\u0442\u0430, \u0433\u0440\u0430\u0431\u043b\u0438 \u0438 1 \u043f\u0435\u0441\u043e\u0447\u043d\u0430\u044f \u0444\u043e\u0440\u043c\u0430. \u0420\u0435\u043a\u043e\u043c\u0435\u043d\u0434\u0443\u0435\u0442\u0441\u044f \u0441 18 \u043c\u0435\u0441\u044f\u0446\u0435\u0432.<\/p>","protected":false},"excerpt":{"rendered":"<p>CON\u021aINE: 1 g\u0103leat\u0103 decorat\u0103 cu tema fructelor \u0219i legumelor, o sit\u0103, o ad\u0103patoare, o lopat\u0103, o grebl\u0103 \u0219i 1 matri\u021b\u0103<\/p>","protected":false},"featured_media":196979,"comment_status":"closed","ping_status":"closed","template":"..\/public\/views\/revslider-page-template.php","meta":{"_monsterinsights_skip_tracking":false,"_monsterinsights_sitenote_active":false,"_monsterinsights_sitenote_note":"","_monsterinsights_sitenote_category":0},"product_brand":[],"product_cat":[55,1137,33,1052],"product_tag":[],"class_list":{"0":"post-196723","1":"product","2":"type-product","3":"status-publish","4":"has-post-thumbnail","6":"product_cat-toate-produsele","7":"product_cat-jucarii","8":"product_cat-biciclete-si-jocuri-in-aer-liber","9":"product_cat-unelte-pentru-nisip","11":"first","12":"instock","13":"shipping-taxable","14":"purchasable","15":"product-type-simple"},"_links":{"self":[{"href":"https:\/\/toystoys.md\/ru\/wp-json\/wp\/v2\/product\/196723","targetHints":{"allow":["GET"]}}],"collection":[{"href":"https:\/\/toystoys.md\/ru\/wp-json\/wp\/v2\/product"}],"about":[{"href":"https:\/\/toystoys.md\/ru\/wp-json\/wp\/v2\/types\/product"}],"replies":[{"embeddable":true,"href":"https:\/\/toystoys.md\/ru\/wp-json\/wp\/v2\/comments?post=196723"}],"wp:featuredmedia":[{"embeddable":true,"href":"https:\/\/toystoys.md\/ru\/wp-json\/wp\/v2\/media\/196979"}],"wp:attachment":[{"href":"https:\/\/toystoys.md\/ru\/wp-json\/wp\/v2\/media?parent=196723"}],"wp:term":[{"taxonomy":"product_brand","embeddable":true,"href":"https:\/\/toystoys.md\/ru\/wp-json\/wp\/v2\/product_brand?post=196723"},{"taxonomy":"product_cat","embeddable":true,"href":"https:\/\/toystoys.md\/ru\/wp-json\/wp\/v2\/product_cat?post=196723"},{"taxonomy":"product_tag","embeddable":true,"href":"https:\/\/toystoys.md\/ru\/wp-json\/wp\/v2\/product_tag?post=196723"}],"curies":[{"name":"wp","href":"https:\/\/api.w.org\/{rel}","templated":true}]}}