{"id":196715,"date":"2024-07-01T14:33:26","date_gmt":"2024-07-01T14:33:26","guid":{"rendered":"https:\/\/toystoys.md\/shop\/prod_3032162203699_sc96523\/"},"modified":"2025-09-26T14:19:59","modified_gmt":"2025-09-26T12:19:59","slug":"prod_3032162203699_sc96523","status":"publish","type":"product","link":"https:\/\/toystoys.md\/ru\/shop\/prod_3032162203699_sc96523\/","title":{"rendered":"\u0421\u0443\u043c\u043a\u0430 \u0434\u043b\u044f \u043f\u043e\u0434\u0433\u0443\u0437\u043d\u0438\u043a\u043e\u0432 + \u0430\u043a\u0441\u0435\u0441\u0441\u0443\u0430\u0440\u044b \u0434\u043b\u044f \u043a\u0443\u043a\u043b\u044b Smoby"},"content":{"rendered":"<p class=\"translation-block\">\u0421\u0443\u043c\u043a\u0430 \u0434\u043b\u044f \u043f\u043e\u0434\u0433\u0443\u0437\u043d\u0438\u043a\u043e\u0432 Baby Nurse \u0441 \u0440\u0435\u0433\u0443\u043b\u0438\u0440\u0443\u0435\u043c\u044b\u043c \u0440\u0435\u043c\u043d\u0435\u043c \u0438 \u043d\u0435\u0431\u043e\u043b\u044c\u0448\u043e\u0439 \u0440\u0443\u0447\u043a\u043e\u0439.<br>\n\u0422\u0430\u043a\u0436\u0435 \u0438\u043c\u0435\u0435\u0442\u0441\u044f 1 \u0434\u0435\u0440\u0436\u0430\u0442\u0435\u043b\u044c \u0434\u043b\u044f \u0431\u0443\u0442\u044b\u043b\u043e\u043a.<br>\n\u0412 \u043a\u043e\u043c\u043f\u043b\u0435\u043a\u0442\u0435 8 \u0430\u043a\u0441\u0435\u0441\u0441\u0443\u0430\u0440\u043e\u0432: 1 \u0431\u0443\u0442\u044b\u043b\u043e\u0447\u043a\u0430, 1 \u0441\u0438\u0440\u043e\u043f \u0441\u043e \u0441\u044a\u0435\u043c\u043d\u043e\u0439 \u043a\u0440\u044b\u0448\u043a\u043e\u0439, 1 \u043b\u043e\u0436\u043a\u0430, 1 \u0448\u0430\u0440\u0438\u043a \u043c\u0435\u0445\u0430\u043d\u0438\u0447\u0435\u0441\u043a\u043e\u0433\u043e \u0434\u0435\u0439\u0441\u0442\u0432\u0438\u044f, 1 \u043c\u0435\u0445\u0430\u043d\u0438\u0447\u0435\u0441\u043a\u0438\u0439 \u0442\u0435\u0440\u043c\u043e\u043c\u0435\u0442\u0440, 1 \u043f\u043e\u0434\u0433\u0443\u0437\u043d\u0438\u043a \u0438 1 \u043d\u0430\u0433\u0440\u0443\u0434\u043d\u0438\u043a.<br>\n\u041a\u043b\u0430\u043f\u0430\u043d \u0441\u0443\u043c\u043a\u0438 \u0440\u0430\u0437\u0432\u043e\u0440\u0430\u0447\u0438\u0432\u0430\u0435\u0442\u0441\u044f, \u043e\u0441\u0432\u043e\u0431\u043e\u0436\u0434\u0430\u044f \u043c\u0435\u0441\u0442\u043e \u0434\u043b\u044f \u043f\u0435\u043b\u0435\u043d\u0430\u043b\u044c\u043d\u043e\u0433\u043e \u043a\u043e\u0432\u0440\u0438\u043a\u0430. \u0422\u0430\u043a\u0436\u0435 \u043f\u043e\u044f\u0432\u043b\u044f\u0435\u0442\u0441\u044f \u043d\u0435\u0431\u043e\u043b\u044c\u0448\u043e\u0439 \u043a\u0430\u0440\u043c\u0430\u043d \u0434\u043b\u044f \u0445\u0440\u0430\u043d\u0435\u043d\u0438\u044f.<br>\n\u0414\u043b\u044f \u043a\u0443\u043a\u043e\u043b \u0440\u043e\u0441\u0442\u043e\u043c \u0434\u043e 42 \u0441\u043c. \u041a\u0443\u043a\u043b\u0430 \u0432 \u043a\u043e\u043c\u043f\u043b\u0435\u043a\u0442 \u043d\u0435 \u0432\u0445\u043e\u0434\u0438\u0442.<br>\n\u0414\u043b\u044f \u0434\u0435\u0442\u0435\u0439 \u043e\u0442 3 \u043b\u0435\u0442 \u0438 \u0441\u0442\u0430\u0440\u0448\u0435.<\/p>","protected":false},"excerpt":{"rendered":"<p>Geant\u0103 de \u00eenf\u0103\u0219at Baby Nurse cu o curea reglabil\u0103 \u0219i un mic m\u00e2ner. De asemenea, este integrat 1 suport pentru<\/p>","protected":false},"featured_media":196845,"comment_status":"closed","ping_status":"closed","template":"..\/public\/views\/revslider-page-template.php","meta":{"_monsterinsights_skip_tracking":false,"_monsterinsights_sitenote_active":false,"_monsterinsights_sitenote_note":"","_monsterinsights_sitenote_category":0},"product_brand":[],"product_cat":[1634,55,1137,34,1118],"product_tag":[],"class_list":{"0":"post-196715","1":"product","2":"type-product","3":"status-publish","4":"has-post-thumbnail","6":"product_cat-papusi-bebelusi-si-accesorii","7":"product_cat-toate-produsele","8":"product_cat-jucarii","9":"product_cat-papusi-casute","10":"product_cat-accesorii-si-transport-pentru-papusi","12":"first","13":"outofstock","14":"shipping-taxable","15":"purchasable","16":"product-type-simple"},"_links":{"self":[{"href":"https:\/\/toystoys.md\/ru\/wp-json\/wp\/v2\/product\/196715","targetHints":{"allow":["GET"]}}],"collection":[{"href":"https:\/\/toystoys.md\/ru\/wp-json\/wp\/v2\/product"}],"about":[{"href":"https:\/\/toystoys.md\/ru\/wp-json\/wp\/v2\/types\/product"}],"replies":[{"embeddable":true,"href":"https:\/\/toystoys.md\/ru\/wp-json\/wp\/v2\/comments?post=196715"}],"wp:featuredmedia":[{"embeddable":true,"href":"https:\/\/toystoys.md\/ru\/wp-json\/wp\/v2\/media\/196845"}],"wp:attachment":[{"href":"https:\/\/toystoys.md\/ru\/wp-json\/wp\/v2\/media?parent=196715"}],"wp:term":[{"taxonomy":"product_brand","embeddable":true,"href":"https:\/\/toystoys.md\/ru\/wp-json\/wp\/v2\/product_brand?post=196715"},{"taxonomy":"product_cat","embeddable":true,"href":"https:\/\/toystoys.md\/ru\/wp-json\/wp\/v2\/product_cat?post=196715"},{"taxonomy":"product_tag","embeddable":true,"href":"https:\/\/toystoys.md\/ru\/wp-json\/wp\/v2\/product_tag?post=196715"}],"curies":[{"name":"wp","href":"https:\/\/api.w.org\/{rel}","templated":true}]}}