{"id":196710,"date":"2024-07-01T14:33:08","date_gmt":"2024-07-01T14:33:08","guid":{"rendered":"https:\/\/toystoys.md\/shop\/prod_3032163123088_sc96521\/"},"modified":"2024-07-03T16:31:35","modified_gmt":"2024-07-03T14:31:35","slug":"prod_3032163123088_sc96521","status":"publish","type":"product","link":"https:\/\/toystoys.md\/ru\/shop\/prod_3032163123088_sc96521\/","title":{"rendered":"\u042d\u043b\u0435\u043a\u0442\u0440\u043e\u043d\u043d\u0430\u044f \u043a\u0443\u0445\u043d\u044f 31 \u043f\u0440\u0435\u0434\u043c\u0435\u0442, Smoby"},"content":{"rendered":"<p>\u0411\u043b\u0430\u0433\u043e\u0434\u0430\u0440\u044f \u0440\u0435\u0433\u0443\u043b\u0438\u0440\u043e\u0432\u043a\u0435 \u0432\u044b\u0441\u043e\u0442\u044b \u0443 \u043c\u0430\u043b\u0435\u043d\u044c\u043a\u0438\u0445 \u043f\u043e\u0432\u0430\u0440\u043e\u0432 \u0431\u0443\u0434\u0435\u0442 \u0434\u043e\u0441\u0442\u0430\u0442\u043e\u0447\u043d\u043e \u043c\u0435\u0441\u0442\u0430 \u0434\u043b\u044f \u0438\u0433\u0440. \u0418\u043c \u0431\u0443\u0434\u0435\u0442 \u0438\u043d\u0442\u0435\u0440\u0435\u0441\u043d\u043e \u043f\u043e\u0437\u043d\u0430\u0432\u0430\u0442\u044c \u0432\u0441\u0435 \u0442\u043e\u043d\u043a\u043e\u0441\u0442\u0438 \u043f\u0440\u0438\u0433\u043e\u0442\u043e\u0432\u043b\u0435\u043d\u0438\u044f \u043f\u0438\u0449\u0438 \u0441 \u0438\u0441\u043f\u043e\u043b\u044c\u0437\u043e\u0432\u0430\u043d\u0438\u0435\u043c \u0441\u043e\u0431\u0441\u0442\u0432\u0435\u043d\u043d\u043e\u0439 \u0431\u044b\u0442\u043e\u0432\u043e\u0439 \u0442\u0435\u0445\u043d\u0438\u043a\u0438.<br \/>\nBucataria are capacitatea de a regla inaltimea blatului in functie de inaltimea copilului de la 50 cm la 58 cm.<\/p>","protected":false},"excerpt":{"rendered":"<p>Cu reglarea \u00een\u0103l\u021bimii, ofer\u0103 mult spa\u021biu pentru a se juca buc\u0103tarii mici. Li se vor bucura s\u0103 \u00eenve\u021be toate complexit\u0103\u021bile<\/p>","protected":false},"featured_media":196871,"comment_status":"closed","ping_status":"closed","template":"..\/public\/views\/revslider-page-template.php","meta":{"_monsterinsights_skip_tracking":false,"_monsterinsights_sitenote_active":false,"_monsterinsights_sitenote_note":"","_monsterinsights_sitenote_category":0},"product_brand":[],"product_cat":[1121,1137,45,55,1122],"product_tag":[],"class_list":{"0":"post-196710","1":"product","2":"type-product","3":"status-publish","4":"has-post-thumbnail","6":"product_cat-bucatarii","7":"product_cat-jucarii","8":"product_cat-jucarii-pe-tematici","9":"product_cat-toate-produsele","10":"product_cat-totul-pentru-bucatarie","12":"first","13":"instock","14":"shipping-taxable","15":"purchasable","16":"product-type-simple"},"_links":{"self":[{"href":"https:\/\/toystoys.md\/ru\/wp-json\/wp\/v2\/product\/196710","targetHints":{"allow":["GET"]}}],"collection":[{"href":"https:\/\/toystoys.md\/ru\/wp-json\/wp\/v2\/product"}],"about":[{"href":"https:\/\/toystoys.md\/ru\/wp-json\/wp\/v2\/types\/product"}],"replies":[{"embeddable":true,"href":"https:\/\/toystoys.md\/ru\/wp-json\/wp\/v2\/comments?post=196710"}],"wp:featuredmedia":[{"embeddable":true,"href":"https:\/\/toystoys.md\/ru\/wp-json\/wp\/v2\/media\/196871"}],"wp:attachment":[{"href":"https:\/\/toystoys.md\/ru\/wp-json\/wp\/v2\/media?parent=196710"}],"wp:term":[{"taxonomy":"product_brand","embeddable":true,"href":"https:\/\/toystoys.md\/ru\/wp-json\/wp\/v2\/product_brand?post=196710"},{"taxonomy":"product_cat","embeddable":true,"href":"https:\/\/toystoys.md\/ru\/wp-json\/wp\/v2\/product_cat?post=196710"},{"taxonomy":"product_tag","embeddable":true,"href":"https:\/\/toystoys.md\/ru\/wp-json\/wp\/v2\/product_tag?post=196710"}],"curies":[{"name":"wp","href":"https:\/\/api.w.org\/{rel}","templated":true}]}}