{"id":196701,"date":"2024-07-01T14:32:32","date_gmt":"2024-07-01T14:32:32","guid":{"rendered":"https:\/\/toystoys.md\/shop\/prod_3280250019022_sc96516\/"},"modified":"2025-02-27T09:35:37","modified_gmt":"2025-02-27T07:35:37","slug":"prod_3280250019022_sc96516","status":"publish","type":"product","link":"https:\/\/toystoys.md\/ru\/shop\/prod_3280250019022_sc96516\/","title":{"rendered":"\u0422\u0435\u043b\u0435\u0436\u043a\u0430 \u0432\u0440\u0430\u0447\u0430 12 \u043f\u0440\u0435\u0434\u043c\u0435\u0442\u043e\u0432, 56 \u0441\u043c Ecoiffier"},"content":{"rendered":"<p class=\"translation-block\">\u0412\u0441\u0435, \u0447\u0442\u043e \u0432\u0430\u043c \u043d\u0443\u0436\u043d\u043e \u0437\u043d\u0430\u0442\u044c \u043e \u043f\u0440\u043e\u0434\u0443\u043a\u0442\u0435 \u041c\u0435\u0434\u0438\u0446\u0438\u043d\u0441\u043a\u0430\u044f \u0442\u0435\u043b\u0435\u0436\u043a\u0430<br>\n\u041f\u043e\u043b\u043d\u0430\u044f \u043c\u0435\u0434\u0438\u0446\u0438\u043d\u0441\u043a\u0430\u044f \u0442\u0435\u043b\u0435\u0436\u043a\u0430, \u0432\u043a\u043b\u044e\u0447\u0430\u044e\u0449\u0430\u044f 1 \u0432\u0440\u0430\u0447\u0435\u0431\u043d\u044b\u0439 \u0447\u0435\u043c\u043e\u0434\u0430\u043d, 1 \u0441\u0442\u0435\u0442\u043e\u0441\u043a\u043e\u043f, 1 \u0438\u043d\u0444\u0443\u0437\u0438\u043e\u043d\u043d\u044b\u0439 \u043d\u0430\u0431\u043e\u0440 \u0438 \u043c\u043d\u043e\u0433\u043e\u0447\u0438\u0441\u043b\u0435\u043d\u043d\u044b\u0435 \u0430\u043a\u0441\u0435\u0441\u0441\u0443\u0430\u0440\u044b.<br>\n\u0412\u043e\u0437\u0440\u0430\u0441\u0442\u043d\u043e\u0439 \u0446\u0435\u043d\u0437: \u043e\u0442 18 \u043c\u0435\u0441\u044f\u0446\u0435\u0432<br>\n\u0420\u0430\u0437\u043c\u0435\u0440\u044b \u0438\u0437\u0434\u0435\u043b\u0438\u044f: 23 \u0445 27 \u0445 56 \u0441\u043c.<\/p>","protected":false},"excerpt":{"rendered":"<p>Tot ce trebuie s\u0103 \u0219tii despre produsul C\u0103rucior medical C\u0103rucior medical complet care include 1 hus\u0103 de medic, 1 stetoscop,<\/p>","protected":false},"featured_media":196760,"comment_status":"closed","ping_status":"closed","template":"..\/public\/views\/revslider-page-template.php","meta":{"_monsterinsights_skip_tracking":false,"_monsterinsights_sitenote_active":false,"_monsterinsights_sitenote_note":"","_monsterinsights_sitenote_category":0},"product_brand":[],"product_cat":[1137,45,1127,55],"product_tag":[],"class_list":{"0":"post-196701","1":"product","2":"type-product","3":"status-publish","4":"has-post-thumbnail","6":"product_cat-jucarii","7":"product_cat-jucarii-pe-tematici","8":"product_cat-seturi-de-doctor","9":"product_cat-toate-produsele","11":"first","12":"outofstock","13":"shipping-taxable","14":"purchasable","15":"product-type-simple"},"_links":{"self":[{"href":"https:\/\/toystoys.md\/ru\/wp-json\/wp\/v2\/product\/196701","targetHints":{"allow":["GET"]}}],"collection":[{"href":"https:\/\/toystoys.md\/ru\/wp-json\/wp\/v2\/product"}],"about":[{"href":"https:\/\/toystoys.md\/ru\/wp-json\/wp\/v2\/types\/product"}],"replies":[{"embeddable":true,"href":"https:\/\/toystoys.md\/ru\/wp-json\/wp\/v2\/comments?post=196701"}],"wp:featuredmedia":[{"embeddable":true,"href":"https:\/\/toystoys.md\/ru\/wp-json\/wp\/v2\/media\/196760"}],"wp:attachment":[{"href":"https:\/\/toystoys.md\/ru\/wp-json\/wp\/v2\/media?parent=196701"}],"wp:term":[{"taxonomy":"product_brand","embeddable":true,"href":"https:\/\/toystoys.md\/ru\/wp-json\/wp\/v2\/product_brand?post=196701"},{"taxonomy":"product_cat","embeddable":true,"href":"https:\/\/toystoys.md\/ru\/wp-json\/wp\/v2\/product_cat?post=196701"},{"taxonomy":"product_tag","embeddable":true,"href":"https:\/\/toystoys.md\/ru\/wp-json\/wp\/v2\/product_tag?post=196701"}],"curies":[{"name":"wp","href":"https:\/\/api.w.org\/{rel}","templated":true}]}}