{"id":196699,"date":"2024-07-01T14:32:25","date_gmt":"2024-07-01T14:32:25","guid":{"rendered":"https:\/\/toystoys.md\/shop\/prod_3280250027744_sc96543\/"},"modified":"2025-02-06T13:04:36","modified_gmt":"2025-02-06T11:04:36","slug":"prod_3280250027744_sc96543","status":"publish","type":"product","link":"https:\/\/toystoys.md\/ru\/shop\/prod_3280250027744_sc96543\/","title":{"rendered":"\u0422\u0435\u043b\u0435\u0436\u043a\u0430 \u0434\u043b\u044f \u0443\u0431\u043e\u0440\u043a\u0438 \u0441 \u043f\u044b\u043b\u0435\u0441\u043e\u0441\u043e\u043c 52,5 \u0441\u043c Ecoiffier"},"content":{"rendered":"<p>\u0422\u0435\u043b\u0435\u0436\u043a\u0430 \u0434\u043b\u044f \u0443\u0431\u043e\u0440\u043a\u0438 Ecoiffier Clean Home \u0441 \u043f\u044b\u043b\u0435\u0441\u043e\u0441\u043e\u043c. \u0412 \u043a\u043e\u043c\u043f\u043b\u0435\u043a\u0442\u0435: 11 \u0430\u043a\u0441\u0435\u0441\u0441\u0443\u0430\u0440\u043e\u0432: 1 \u0442\u0435\u043b\u0435\u0436\u043a\u0430, 1 \u043f\u044b\u043b\u0435\u0441\u043e\u0441, 1 \u0432\u0435\u0434\u0440\u043e \u0434\u043b\u044f \u0448\u0432\u0430\u0431\u0440\u044b, 1 \u0448\u0432\u0430\u0431\u0440\u0430, 1 \u043a\u043e\u043d\u0442\u0435\u0439\u043d\u0435\u0440 \u0434\u043b\u044f \u043f\u044b\u043b\u0438, 1 \u043a\u043e\u043d\u0442\u0435\u0439\u043d\u0435\u0440 \u0434\u043b\u044f \u043f\u044b\u043b\u0438, 3 \u0431\u0443\u0442\u044b\u043b\u043a\u0438 \u0434\u043b\u044f \u0447\u0438\u0441\u0442\u044f\u0449\u0435\u0433\u043e \u0441\u0440\u0435\u0434\u0441\u0442\u0432\u0430 (\u043f\u0443\u0441\u0442\u044b\u0435), 1 \u043c\u0435\u0442\u043b\u0430 \u0438 1 \u0441\u043a\u0440\u0435\u0431\u043e\u043a \u0434\u043b\u044f \u0441\u0442\u0435\u043a\u043b\u0430. \u0420\u0430\u0437\u043c\u0435\u0440\u044b: 29 \u0445 29 \u0445 52 \u0441\u0430\u043d\u0442\u0438\u043c\u0435\u0442\u0440\u0430. \u041f\u043e\u0434\u0445\u043e\u0434\u0438\u0442 \u0434\u043b\u044f \u0434\u0435\u0442\u0435\u0439 \u043e\u0442 3 \u043b\u0435\u0442.<\/p>","protected":false},"excerpt":{"rendered":"<p>Carucior pentru curatenie Ecoiffier Clean Home cu aspirator. Con\u021binut: 11 accesorii: 1 c\u0103rucior, 1 aspirator, 1 g\u0103leat\u0103 pentru mop, 1<\/p>","protected":false},"featured_media":196768,"comment_status":"closed","ping_status":"closed","template":"..\/public\/views\/revslider-page-template.php","meta":{"_monsterinsights_skip_tracking":false,"_monsterinsights_sitenote_active":false,"_monsterinsights_sitenote_note":"","_monsterinsights_sitenote_category":0},"product_brand":[],"product_cat":[55,1137,45,1123,1125],"product_tag":[],"class_list":{"0":"post-196699","1":"product","2":"type-product","3":"status-publish","4":"has-post-thumbnail","6":"product_cat-toate-produsele","7":"product_cat-jucarii","8":"product_cat-jucarii-pe-tematici","9":"product_cat-electrocasnice-pentru-copii","10":"product_cat-totul-pentru-curatare","12":"first","13":"outofstock","14":"shipping-taxable","15":"purchasable","16":"product-type-simple"},"_links":{"self":[{"href":"https:\/\/toystoys.md\/ru\/wp-json\/wp\/v2\/product\/196699","targetHints":{"allow":["GET"]}}],"collection":[{"href":"https:\/\/toystoys.md\/ru\/wp-json\/wp\/v2\/product"}],"about":[{"href":"https:\/\/toystoys.md\/ru\/wp-json\/wp\/v2\/types\/product"}],"replies":[{"embeddable":true,"href":"https:\/\/toystoys.md\/ru\/wp-json\/wp\/v2\/comments?post=196699"}],"wp:featuredmedia":[{"embeddable":true,"href":"https:\/\/toystoys.md\/ru\/wp-json\/wp\/v2\/media\/196768"}],"wp:attachment":[{"href":"https:\/\/toystoys.md\/ru\/wp-json\/wp\/v2\/media?parent=196699"}],"wp:term":[{"taxonomy":"product_brand","embeddable":true,"href":"https:\/\/toystoys.md\/ru\/wp-json\/wp\/v2\/product_brand?post=196699"},{"taxonomy":"product_cat","embeddable":true,"href":"https:\/\/toystoys.md\/ru\/wp-json\/wp\/v2\/product_cat?post=196699"},{"taxonomy":"product_tag","embeddable":true,"href":"https:\/\/toystoys.md\/ru\/wp-json\/wp\/v2\/product_tag?post=196699"}],"curies":[{"name":"wp","href":"https:\/\/api.w.org\/{rel}","templated":true}]}}