{"id":196698,"date":"2024-07-01T14:32:21","date_gmt":"2024-07-01T14:32:21","guid":{"rendered":"https:\/\/toystoys.md\/shop\/prod_3280250017738_sc96513\/"},"modified":"2024-07-02T15:09:35","modified_gmt":"2024-07-02T13:09:35","slug":"prod_3280250017738_sc96513","status":"publish","type":"product","link":"https:\/\/toystoys.md\/ru\/shop\/prod_3280250017738_sc96513\/","title":{"rendered":"\u0418\u0433\u0440\u043e\u0432\u043e\u0439 \u043d\u0430\u0431\u043e\u0440 \u0434\u043b\u044f \u0443\u0431\u043e\u0440\u043a\u0438 \u0441 \u0430\u043a\u0441\u0435\u0441\u0441\u0443\u0430\u0440\u0430\u043c\u0438 Ecoiffier."},"content":{"rendered":"<p>\u0422\u0435\u043b\u0435\u0436\u043a\u0430 \u0434\u043b\u044f \u0443\u0431\u043e\u0440\u043a\u0438 Ecoiffier \u0441 \u043f\u0440\u0438\u043d\u0430\u0434\u043b\u0435\u0436\u043d\u043e\u0441\u0442\u044f\u043c\u0438 (\u0432\u0435\u0434\u0440\u043e, \u0448\u0432\u0430\u0431\u0440\u0430, \u043c\u0435\u0442\u043b\u0430, \u043f\u044b\u043b\u0435\u0441\u0431\u043e\u0440\u043d\u0438\u043a). \u0420\u0430\u0437\u043c\u0435\u0440\u044b: 20 \u0445 27 \u0445 57 \u0441\u043c. \u041f\u043e\u0434\u0445\u043e\u0434\u0438\u0442 \u0434\u043b\u044f \u0434\u0435\u0442\u0435\u0439 \u043e\u0442 18 \u043c\u0435\u0441\u044f\u0446\u0435\u0432 \u0438 \u0441\u0442\u0430\u0440\u0448\u0435.<\/p>","protected":false},"excerpt":{"rendered":"<p>C\u0103rucior de cur\u0103\u021bare Ecoiffier cu Accesorii (g\u0103leat\u0103, mop, m\u0103tur\u0103, cutie de praf). Dimensiuni: 20 x 27 x 57 cm. Potrivit<\/p>","protected":false},"featured_media":196770,"comment_status":"closed","ping_status":"closed","template":"..\/public\/views\/revslider-page-template.php","meta":{"_monsterinsights_skip_tracking":false,"_monsterinsights_sitenote_active":false,"_monsterinsights_sitenote_note":"","_monsterinsights_sitenote_category":0},"product_brand":[],"product_cat":[1137,45,55,1125],"product_tag":[],"class_list":{"0":"post-196698","1":"product","2":"type-product","3":"status-publish","4":"has-post-thumbnail","6":"product_cat-jucarii","7":"product_cat-jucarii-pe-tematici","8":"product_cat-toate-produsele","9":"product_cat-totul-pentru-curatare","11":"first","12":"instock","13":"shipping-taxable","14":"purchasable","15":"product-type-simple"},"_links":{"self":[{"href":"https:\/\/toystoys.md\/ru\/wp-json\/wp\/v2\/product\/196698","targetHints":{"allow":["GET"]}}],"collection":[{"href":"https:\/\/toystoys.md\/ru\/wp-json\/wp\/v2\/product"}],"about":[{"href":"https:\/\/toystoys.md\/ru\/wp-json\/wp\/v2\/types\/product"}],"replies":[{"embeddable":true,"href":"https:\/\/toystoys.md\/ru\/wp-json\/wp\/v2\/comments?post=196698"}],"wp:featuredmedia":[{"embeddable":true,"href":"https:\/\/toystoys.md\/ru\/wp-json\/wp\/v2\/media\/196770"}],"wp:attachment":[{"href":"https:\/\/toystoys.md\/ru\/wp-json\/wp\/v2\/media?parent=196698"}],"wp:term":[{"taxonomy":"product_brand","embeddable":true,"href":"https:\/\/toystoys.md\/ru\/wp-json\/wp\/v2\/product_brand?post=196698"},{"taxonomy":"product_cat","embeddable":true,"href":"https:\/\/toystoys.md\/ru\/wp-json\/wp\/v2\/product_cat?post=196698"},{"taxonomy":"product_tag","embeddable":true,"href":"https:\/\/toystoys.md\/ru\/wp-json\/wp\/v2\/product_tag?post=196698"}],"curies":[{"name":"wp","href":"https:\/\/api.w.org\/{rel}","templated":true}]}}