{"id":196697,"date":"2024-07-01T14:32:18","date_gmt":"2024-07-01T14:32:18","guid":{"rendered":"https:\/\/toystoys.md\/shop\/prod_3280250016816_sc96510\/"},"modified":"2024-07-02T15:23:19","modified_gmt":"2024-07-02T13:23:19","slug":"prod_3280250016816_sc96510","status":"publish","type":"product","link":"https:\/\/toystoys.md\/ru\/shop\/prod_3280250016816_sc96510\/","title":{"rendered":"\u041a\u0443\u0445\u043d\u044f \u0434\u043b\u044f \u0441\u0430\u043c\u044b\u0445 \u043c\u0430\u043b\u0435\u043d\u044c\u043a\u0438\u0445 \u0441 \u0430\u043a\u0441\u0435\u0441\u0441\u0443\u0430\u0440\u0430\u043c\u0438 Ecoiffier"},"content":{"rendered":"<p class=\"translation-block\">\u0411\u043b\u0430\u0433\u043e\u0434\u0430\u0440\u044f \u0431\u043e\u043b\u044c\u0448\u043e\u0439 \u0434\u0443\u0445\u043e\u0432\u043a\u0435 \u0438 \u0431\u043e\u043b\u044c\u0448\u043e\u0439 \u0432\u0430\u0440\u043e\u0447\u043d\u043e\u0439 \u043f\u0430\u043d\u0435\u043b\u0438 \u0432\u0430\u0448 \u043c\u0430\u043b\u044b\u0448 \u0441\u043c\u043e\u0436\u0435\u0442 \u043c\u044b\u0441\u043b\u0438\u0442\u044c \u043c\u0430\u0441\u0448\u0442\u0430\u0431\u043d\u043e, \u0430 \u043a\u0443\u0445\u043d\u044f \u0431\u0443\u0434\u0435\u0442 \u0430\u0434\u0430\u043f\u0442\u0438\u0440\u043e\u0432\u0430\u043d\u0430 \u0438\u043c\u0435\u043d\u043d\u043e \u0434\u043b\u044f \u043d\u0435\u0433\u043e.<br>\n\u041a\u0443\u0445\u043d\u044f \u0434\u043b\u044f \u0434\u0435\u0442\u0435\u0439 \u043e\u0442 18 \u043c\u0435\u0441\u044f\u0446\u0435\u0432 \u0438 \u0441\u0442\u0430\u0440\u0448\u0435 \u0441 \u0440\u0430\u0437\u043b\u0438\u0447\u043d\u044b\u043c\u0438 \u043a\u0443\u0445\u043e\u043d\u043d\u044b\u043c\u0438 \u043f\u0440\u0438\u043d\u0430\u0434\u043b\u0435\u0436\u043d\u043e\u0441\u0442\u044f\u043c\u0438, \u0447\u0442\u043e\u0431\u044b \u043e\u043d\u0438 \u043c\u043e\u0433\u043b\u0438 \u0441\u0440\u0430\u0437\u0443 \u0438\u0433\u0440\u0430\u0442\u044c. \u0415\u0433\u043e \u0442\u0430\u043a\u0436\u0435 \u043c\u043e\u0436\u043d\u043e \u0434\u043e\u043f\u043e\u043b\u043d\u0438\u0442\u044c \u0434\u0440\u0443\u0433\u0438\u043c\u0438 \u043f\u0440\u0435\u0434\u043c\u0435\u0442\u0430\u043c\u0438 \u0433\u043e\u0441\u0442\u0438\u043d\u043e\u0439, \u0447\u0442\u043e\u0431\u044b \u0443\u043b\u0443\u0447\u0448\u0438\u0442\u044c \u0438\u0433\u0440\u0443.<br>\n\u0412\u0435\u0447\u043d\u0430\u044f \u0438\u0433\u0440\u0430-\u0438\u043c\u0438\u0442\u0430\u0446\u0438\u044f, \u043a\u043e\u0442\u043e\u0440\u0430\u044f \u0431\u043b\u0430\u0433\u043e\u0434\u0430\u0440\u044f \u0441\u0432\u043e\u0438\u043c \u043b\u0430\u0437\u0443\u0440\u043d\u043e-\u0437\u0435\u043b\u0435\u043d\u044b\u043c \u0446\u0432\u0435\u0442\u0430\u043c \u0438 \u043d\u0435\u0431\u043e\u043b\u044c\u0448\u043e\u043c\u0443 \u0440\u0430\u0437\u043c\u0435\u0440\u0443 \u043b\u0435\u0433\u043a\u043e \u043d\u0430\u0439\u0434\u0435\u0442 \u0441\u0432\u043e\u0435 \u043c\u0435\u0441\u0442\u043e \u0432 \u0438\u0433\u0440\u043e\u0432\u043e\u0439 \u043a\u043e\u043c\u043d\u0430\u0442\u0435 \u0438\u043b\u0438 \u0433\u043e\u0441\u0442\u0438\u043d\u043e\u0439.<br>\n\u0420\u0430\u0437\u043c\u0435\u0440\u044b: 56 \u0445 28 \u0445 75 \u0441\u043c.<\/p>","protected":false},"excerpt":{"rendered":"<p>Cu cuptorul mare \u0219i plita mare, micu\u021bul t\u0103u va putea g\u00e2ndi mare cu o buc\u0103t\u0103rie adaptat\u0103 pentru el. O buc\u0103t\u0103rie<\/p>","protected":false},"featured_media":196778,"comment_status":"closed","ping_status":"closed","template":"..\/public\/views\/revslider-page-template.php","meta":{"_monsterinsights_skip_tracking":false,"_monsterinsights_sitenote_active":false,"_monsterinsights_sitenote_note":"","_monsterinsights_sitenote_category":0},"product_brand":[],"product_cat":[55,1137,45,1122],"product_tag":[],"class_list":{"0":"post-196697","1":"product","2":"type-product","3":"status-publish","4":"has-post-thumbnail","6":"product_cat-toate-produsele","7":"product_cat-jucarii","8":"product_cat-jucarii-pe-tematici","9":"product_cat-totul-pentru-bucatarie","11":"first","12":"instock","13":"shipping-taxable","14":"purchasable","15":"product-type-simple"},"_links":{"self":[{"href":"https:\/\/toystoys.md\/ru\/wp-json\/wp\/v2\/product\/196697","targetHints":{"allow":["GET"]}}],"collection":[{"href":"https:\/\/toystoys.md\/ru\/wp-json\/wp\/v2\/product"}],"about":[{"href":"https:\/\/toystoys.md\/ru\/wp-json\/wp\/v2\/types\/product"}],"replies":[{"embeddable":true,"href":"https:\/\/toystoys.md\/ru\/wp-json\/wp\/v2\/comments?post=196697"}],"wp:featuredmedia":[{"embeddable":true,"href":"https:\/\/toystoys.md\/ru\/wp-json\/wp\/v2\/media\/196778"}],"wp:attachment":[{"href":"https:\/\/toystoys.md\/ru\/wp-json\/wp\/v2\/media?parent=196697"}],"wp:term":[{"taxonomy":"product_brand","embeddable":true,"href":"https:\/\/toystoys.md\/ru\/wp-json\/wp\/v2\/product_brand?post=196697"},{"taxonomy":"product_cat","embeddable":true,"href":"https:\/\/toystoys.md\/ru\/wp-json\/wp\/v2\/product_cat?post=196697"},{"taxonomy":"product_tag","embeddable":true,"href":"https:\/\/toystoys.md\/ru\/wp-json\/wp\/v2\/product_tag?post=196697"}],"curies":[{"name":"wp","href":"https:\/\/api.w.org\/{rel}","templated":true}]}}